{"id":534871,"date":"2025-09-04T20:17:18","date_gmt":"2025-09-04T17:17:18","guid":{"rendered":"https:\/\/staging.nbg.eu\/product\/sprinco-usa-enhanced-4-coil-bolt-carrier-extractor-cs-spring-3-pak-25435-red\/"},"modified":"2025-09-29T14:50:11","modified_gmt":"2025-09-29T11:50:11","slug":"sprinco-usa-wzmocniona-4-zwojowa-sprezyna-ekstrakt0ra-zamka-cs-3-pak-25435-czerwona","status":"publish","type":"product","link":"https:\/\/staging.nbg.eu\/pl\/produkt\/sprinco-usa-wzmocniona-4-zwojowa-sprezyna-ekstrakt0ra-zamka-cs-3-pak-25435-czerwona\/","title":{"rendered":"SPRINCO USA Wzmocniona 4-Zwojowa Spr\u0119\u017cyna Ekstrakt0ra Zamka CS 3-PAK (25435) Czerwona"},"content":{"rendered":"<div class=\"product-description\">\n<h2>SPRINCO USA Wzmocniona 4-zwojowa spr\u0119\u017cyna ekstraktora no\u015bnika zamka CS, zestaw 3 szt. (25435) Czerwona<\/h2>\n<p>Spr\u0119\u017cyny Sprinco USA Enhanced 4-Coil Bolt Carrier Extractor CS Spring 3-Pak. Wykonane z obrobionego cieplnie, odpr\u0119\u017conego drutu z krzemu chromowego, poddane obr\u00f3bce kriogenicznej i pokryte pow\u0142ok\u0105 z dwusiarczku molibdenu.<\/p>\n<ul>\n<li>Utrzymuje wyd\u0142u\u017cony cykl pracy nowej spr\u0119\u017cyny Mil-Spec<\/li>\n<li>Odpowiednie dla luf o d\u0142ugo\u015bci 18&#8243;+ i do odzyskiwania \u0142usek<\/li>\n<li>Odporne na temperatury do 750\u00b0F<\/li>\n<li>Wytrzyma\u0142e przy intensywnym u\u017cytkowaniu<\/li>\n<li>Rozwi\u0105zanie typu &#8222;w\u0142\u00f3\u017c i u\u017cywaj&#8221;<\/li>\n<\/ul>\n<p>Spr\u0119\u017cyny ekstraktora Sprinco do grupy no\u015bnika zamka zapewniaj\u0105 niezawodne dzia\u0142anie broni.<\/p>\n<\/div>\n","protected":false},"excerpt":{"rendered":"<p>Wytrzyma\u0142e 4-zwojowe spr\u0119\u017cyny wyci\u0105gowe do przed\u0142u\u017conych cykli pracy. Wyprodukowane w USA.<\/p>\n","protected":false},"featured_media":495503,"template":"","meta":{"_acf_changed":false},"product_brand":[],"product_cat":[12639],"product_tag":[],"class_list":{"0":"post-534871","1":"product","2":"type-product","3":"status-publish","4":"has-post-thumbnail","6":"product_cat-bez-kategorii","8":"first","9":"instock","10":"taxable","11":"shipping-taxable","12":"purchasable","13":"product-type-simple"},"acf":[],"_links":{"self":[{"href":"https:\/\/staging.nbg.eu\/pl\/wp-json\/wp\/v2\/product\/534871","targetHints":{"allow":["GET"]}}],"collection":[{"href":"https:\/\/staging.nbg.eu\/pl\/wp-json\/wp\/v2\/product"}],"about":[{"href":"https:\/\/staging.nbg.eu\/pl\/wp-json\/wp\/v2\/types\/product"}],"wp:featuredmedia":[{"embeddable":true,"href":"https:\/\/staging.nbg.eu\/pl\/wp-json\/wp\/v2\/media\/495503"}],"wp:attachment":[{"href":"https:\/\/staging.nbg.eu\/pl\/wp-json\/wp\/v2\/media?parent=534871"}],"wp:term":[{"taxonomy":"product_brand","embeddable":true,"href":"https:\/\/staging.nbg.eu\/pl\/wp-json\/wp\/v2\/product_brand?post=534871"},{"taxonomy":"product_cat","embeddable":true,"href":"https:\/\/staging.nbg.eu\/pl\/wp-json\/wp\/v2\/product_cat?post=534871"},{"taxonomy":"product_tag","embeddable":true,"href":"https:\/\/staging.nbg.eu\/pl\/wp-json\/wp\/v2\/product_tag?post=534871"}],"curies":[{"name":"wp","href":"https:\/\/api.w.org\/{rel}","templated":true}]}}