{"id":534758,"date":"2025-09-04T20:17:18","date_gmt":"2025-09-04T17:17:18","guid":{"rendered":"https:\/\/staging.nbg.eu\/product\/law-tactical-llc-ar-15-m16-gen3-m-folding-stock-adapter-fde-99313\/"},"modified":"2025-09-29T13:46:31","modified_gmt":"2025-09-29T10:46:31","slug":"law-tactical-llc-adapter-kolby-skladanej-ar-15m16-gen3-m-fde-99313","status":"publish","type":"product","link":"https:\/\/staging.nbg.eu\/pl\/produkt\/law-tactical-llc-adapter-kolby-skladanej-ar-15m16-gen3-m-fde-99313\/","title":{"rendered":"LAW TACTICAL LLC Adapter Kolby Sk\u0142adanej AR-15\/M16 Gen3-M FDE (99313)"},"content":{"rendered":"<div class=\"product-description\">\n<h2>LAW TACTICAL LLC AR-15\/M16 Gen3-M Adapter Sk\u0142adanej Kolby FDE (99313)<\/h2>\n<p>Adapter LAW TACTICAL Gen3-M do sk\u0142adanej kolby, wyprodukowany w USA. Ten stalowy adapter umo\u017cliwia instalacj\u0119 sk\u0142adanej kolby, tworz\u0105c kompaktowy karabin.<\/p>\n<ul>\n<li>Kompatybilny ze standardowymi systemami odprowadzania gaz\u00f3w i systemami z t\u0142okiem gazowym<\/li>\n<li>Akceptuje standardowe, mil-spec M4 i komercyjne rurki przed\u0142u\u017caj\u0105ce kolb\u0119<\/li>\n<li>Wsp\u00f3\u0142pracuje ze standardowymi zespo\u0142ami suwad\u0142a, w tym pe\u0142noautomatycznymi i rozmiaru .308<\/li>\n<li>Obs\u0142uga jednym przyciskiem do szybkiego sk\u0142adania i rozk\u0142adania<\/li>\n<li>Regulowane napi\u0119cie zawiasu<\/li>\n<li>Pow\u0142oka DLC<\/li>\n<li>Dodaje 1,3&#8243; do d\u0142ugo\u015bci kolby<\/li>\n<li>Waga: 8,5 uncji<\/li>\n<\/ul>\n<p><strong>Uwaga:<\/strong> Nie strzela\u0107 z karabinu ze z\u0142o\u017con\u0105 kolb\u0105. Kompatybilny tylko z no\u015bnikami Centerfire i Mil-Spec lub kompatybilnymi suwad\u0142ami AR 9mm.<\/p>\n<\/div>\n","protected":false},"excerpt":{"rendered":"<p>Kompaktowy adapter sk\u0142adanej kolby do AR-15 u\u0142atwiaj\u0105cy transport i przechowywanie.<\/p>\n","protected":false},"featured_media":495388,"template":"","meta":{"_acf_changed":false},"product_brand":[],"product_cat":[12623,12583,12572],"product_tag":[],"class_list":{"0":"post-534758","1":"product","2":"type-product","3":"status-publish","4":"has-post-thumbnail","6":"product_cat-karabin","7":"product_cat-kolby-karabinowe","8":"product_cat-tuning-karabinowy","10":"first","11":"instock","12":"taxable","13":"shipping-taxable","14":"purchasable","15":"product-type-simple"},"acf":[],"_links":{"self":[{"href":"https:\/\/staging.nbg.eu\/pl\/wp-json\/wp\/v2\/product\/534758","targetHints":{"allow":["GET"]}}],"collection":[{"href":"https:\/\/staging.nbg.eu\/pl\/wp-json\/wp\/v2\/product"}],"about":[{"href":"https:\/\/staging.nbg.eu\/pl\/wp-json\/wp\/v2\/types\/product"}],"wp:featuredmedia":[{"embeddable":true,"href":"https:\/\/staging.nbg.eu\/pl\/wp-json\/wp\/v2\/media\/495388"}],"wp:attachment":[{"href":"https:\/\/staging.nbg.eu\/pl\/wp-json\/wp\/v2\/media?parent=534758"}],"wp:term":[{"taxonomy":"product_brand","embeddable":true,"href":"https:\/\/staging.nbg.eu\/pl\/wp-json\/wp\/v2\/product_brand?post=534758"},{"taxonomy":"product_cat","embeddable":true,"href":"https:\/\/staging.nbg.eu\/pl\/wp-json\/wp\/v2\/product_cat?post=534758"},{"taxonomy":"product_tag","embeddable":true,"href":"https:\/\/staging.nbg.eu\/pl\/wp-json\/wp\/v2\/product_tag?post=534758"}],"curies":[{"name":"wp","href":"https:\/\/api.w.org\/{rel}","templated":true}]}}