{"id":53422,"date":"2024-03-04T08:51:50","date_gmt":"2024-09-13T12:50:02","guid":{"rendered":"https:\/\/staging.nbg.eu\/product\/bore-tech-proof-positive-bore-stix-multiple-calibers\/"},"modified":"2024-09-13T12:51:09","modified_gmt":"2024-09-13T12:51:09","slug":"bore-tech-proof-positive-bore-stix-wiele-kalibrow","status":"publish","type":"product","link":"https:\/\/staging.nbg.eu\/pl\/produkt\/bore-tech-proof-positive-bore-stix-wiele-kalibrow\/","title":{"rendered":"Bore Tech Proof-Positive Bore Stix (Wiele Kalibr\u00f3w)"},"content":{"rendered":"<p>\n<strong>Wycior Bore Tech Proof-Positive Bore Stix (R\u00f3\u017cne kalibry)<\/strong><br \/>\nBore Tech Proof-Positive Bore Stix\u2122 to wycior do czyszczenia luf. Cechy:<\/p>\n<ul>\n<li>Uchwyty z \u0142o\u017cyskami kulkowymi<\/li>\n<li>Konstrukcja swobodnie p\u0142ywaj\u0105ca do dok\u0142adnego \u015bledzenia gwintowania<\/li>\n<li>Kolorowe, antypo\u015blizgowe gumowe uchwyty<\/li>\n<li>Wymienna, bezpieczna dla lufy, niemosi\u0119\u017cna ko\u0144c\u00f3wka<\/li>\n<li>Wzmocniony stalowy rdze\u0144<\/li>\n<li>Pow\u0142oka o niskim wsp\u00f3\u0142czynniku tarcia<\/li>\n<li>System identyfikacji skoku gwintu lufy<\/li>\n<\/ul>\n<p>Bore Tech Proof-Positive Bore Stix.<\/p>\n","protected":false},"excerpt":{"rendered":"<p>Precyzyjne wyciorki do czyszczenia z uchwytami na \u0142o\u017cyskach kulkowych i wymiennymi ko\u0144c\u00f3wkami.<\/p>\n","protected":false},"featured_media":53423,"template":"","meta":{"_acf_changed":false},"product_brand":[11165],"product_cat":[12604,12563],"product_tag":[],"class_list":{"0":"post-53422","1":"product","2":"type-product","3":"status-publish","4":"has-post-thumbnail","6":"product_brand-boretech","7":"product_cat-czyszczenie-broni","8":"product_cat-przepychacze","10":"first","11":"instock","12":"taxable","13":"shipping-taxable","14":"purchasable","15":"product-type-variable","16":"wvs-archive-product-wrapper"},"acf":[],"_links":{"self":[{"href":"https:\/\/staging.nbg.eu\/pl\/wp-json\/wp\/v2\/product\/53422","targetHints":{"allow":["GET"]}}],"collection":[{"href":"https:\/\/staging.nbg.eu\/pl\/wp-json\/wp\/v2\/product"}],"about":[{"href":"https:\/\/staging.nbg.eu\/pl\/wp-json\/wp\/v2\/types\/product"}],"wp:featuredmedia":[{"embeddable":true,"href":"https:\/\/staging.nbg.eu\/pl\/wp-json\/wp\/v2\/media\/53423"}],"wp:attachment":[{"href":"https:\/\/staging.nbg.eu\/pl\/wp-json\/wp\/v2\/media?parent=53422"}],"wp:term":[{"taxonomy":"product_brand","embeddable":true,"href":"https:\/\/staging.nbg.eu\/pl\/wp-json\/wp\/v2\/product_brand?post=53422"},{"taxonomy":"product_cat","embeddable":true,"href":"https:\/\/staging.nbg.eu\/pl\/wp-json\/wp\/v2\/product_cat?post=53422"},{"taxonomy":"product_tag","embeddable":true,"href":"https:\/\/staging.nbg.eu\/pl\/wp-json\/wp\/v2\/product_tag?post=53422"}],"curies":[{"name":"wp","href":"https:\/\/api.w.org\/{rel}","templated":true}]}}