{"id":533528,"date":"2025-09-07T23:46:53","date_gmt":"2025-09-07T20:46:53","guid":{"rendered":"https:\/\/staging.nbg.eu\/product\/vanward-thread-insert\/"},"modified":"2025-09-29T10:50:54","modified_gmt":"2025-09-29T07:50:54","slug":"wkladka-gwintowana-vanward","status":"publish","type":"product","link":"https:\/\/staging.nbg.eu\/pl\/produkt\/wkladka-gwintowana-vanward\/","title":{"rendered":"Wk\u0142adka Gwintowana Vanward"},"content":{"rendered":"<div class=\"product-description\">\n<h2>Wk\u0142adka gwintowana Vanward<\/h2>\n<p>Wk\u0142adki gwintowane ze stali do t\u0142umik\u00f3w Vanward Hunter i Hunter Pro. Dost\u0119pne w r\u00f3\u017cnych rozmiarach i konfiguracjach:<\/p>\n<ul>\n<li>M13<\/li>\n<li>M14<\/li>\n<li>M15<\/li>\n<li>M17<\/li>\n<li>M18<\/li>\n<li>M22<\/li>\n<\/ul>\n<p>Te wk\u0142adki gwintowane zapewniaj\u0105 dopasowanie dla tulei t\u0142umika. Wykonane ze stali, zapewniaj\u0105 trwa\u0142o\u015b\u0107 i dzia\u0142anie w r\u00f3\u017cnych warunkach strzeleckich.<\/p>\n<p>Kompatybilne z modelami Vanward Hunter i Hunter Pro, te wk\u0142adki gwintowane oferuj\u0105 wszechstronno\u015b\u0107 dla entuzjast\u00f3w broni palnej. Wk\u0142adki gwintowane Vanward s\u0105 \u0142atwe w instalacji.<\/p>\n<\/div>\n","protected":false},"excerpt":{"rendered":"<p>Wk\u0142adka gwintowana Vanward: Stalowe wk\u0142adki do t\u0142umik\u00f3w Hunter, M13-M22.<\/p>\n","protected":false},"featured_media":501461,"template":"","meta":{"_acf_changed":false},"product_brand":[11937],"product_cat":[12595,12558,12576],"product_tag":[],"class_list":{"0":"post-533528","1":"product","2":"type-product","3":"status-publish","4":"has-post-thumbnail","6":"product_brand-vanward","7":"product_cat-akcesoria-do-tlumikow","8":"product_cat-tlumiki","9":"product_cat-tlumiki-karabinowe","11":"first","12":"instock","13":"taxable","14":"shipping-taxable","15":"purchasable","16":"product-type-variable","17":"wvs-archive-product-wrapper"},"acf":[],"_links":{"self":[{"href":"https:\/\/staging.nbg.eu\/pl\/wp-json\/wp\/v2\/product\/533528","targetHints":{"allow":["GET"]}}],"collection":[{"href":"https:\/\/staging.nbg.eu\/pl\/wp-json\/wp\/v2\/product"}],"about":[{"href":"https:\/\/staging.nbg.eu\/pl\/wp-json\/wp\/v2\/types\/product"}],"wp:featuredmedia":[{"embeddable":true,"href":"https:\/\/staging.nbg.eu\/pl\/wp-json\/wp\/v2\/media\/501461"}],"wp:attachment":[{"href":"https:\/\/staging.nbg.eu\/pl\/wp-json\/wp\/v2\/media?parent=533528"}],"wp:term":[{"taxonomy":"product_brand","embeddable":true,"href":"https:\/\/staging.nbg.eu\/pl\/wp-json\/wp\/v2\/product_brand?post=533528"},{"taxonomy":"product_cat","embeddable":true,"href":"https:\/\/staging.nbg.eu\/pl\/wp-json\/wp\/v2\/product_cat?post=533528"},{"taxonomy":"product_tag","embeddable":true,"href":"https:\/\/staging.nbg.eu\/pl\/wp-json\/wp\/v2\/product_tag?post=533528"}],"curies":[{"name":"wp","href":"https:\/\/api.w.org\/{rel}","templated":true}]}}