{"id":533138,"date":"2025-09-04T18:25:08","date_gmt":"2025-09-04T15:25:08","guid":{"rendered":"https:\/\/staging.nbg.eu\/product\/ftcs-gas-tube-cover-round-holes-ak-cerakote-black-nr-31\/"},"modified":"2025-09-29T10:18:39","modified_gmt":"2025-09-29T07:18:39","slug":"ftcs-oslona-rurki-gazowej-otwory-okragle-ak-cerakote-czarna-nr-31","status":"publish","type":"product","link":"https:\/\/staging.nbg.eu\/pl\/produkt\/ftcs-oslona-rurki-gazowej-otwory-okragle-ak-cerakote-czarna-nr-31\/","title":{"rendered":"FTCS &#8211; Os\u0142ona Rurki Gazowej &#8211; Otwory Okr\u0105g\u0142e &#8211; AK &#8211; Cerakote &#8211; Czarna &#8211; Nr. 31"},"content":{"rendered":"<div class=\"product-description\">\n<h2>FTCS Os\u0142ona Rury Gazowej &#8211; Okr\u0105g\u0142e Otwory &#8211; AK &#8211; Cerakote Czarny &#8211; Nr. 31<\/h2>\n<p>Os\u0142ona rury gazowej FTCS do karabin\u00f3w rodziny AK. Wykonana ze stali nierdzewnej z pow\u0142ok\u0105 Cerakote.<\/p>\n<ul>\n<li>Precyzyjnie dopasowana do instalacji<\/li>\n<li>Wewn\u0119trzne wzmocnienie dla zwi\u0119kszonej sztywno\u015bci<\/li>\n<li>Okr\u0105g\u0142e wyci\u0119cia dla odprowadzania ciep\u0142a<\/li>\n<li>Pow\u0142oka Cerakote w kolorze czarnym grafitowym H-146<\/li>\n<li>Kompatybilna z chwytami FTCS Nr. 1-6<\/li>\n<li>Wymiary: 110 x 35 mm<\/li>\n<li>Waga: 54 g<\/li>\n<\/ul>\n<p>Os\u0142ona rury gazowej do AK. Dla u\u017cytkownik\u00f3w wymagaj\u0105cych funkcjonalno\u015bci i estetyki.<\/p>\n<\/div>\n","protected":false},"excerpt":{"rendered":"<p>Os\u0142ona rurki gazowej do AK, z okr\u0105g\u0142ymi otworami, czarna pow\u0142oka Cerakote, stal nierdzewna<\/p>\n","protected":false},"featured_media":494133,"template":"","meta":{"_acf_changed":false},"product_brand":[11320],"product_cat":[12623,12557,12572],"product_tag":[],"class_list":{"0":"post-533138","1":"product","2":"type-product","3":"status-publish","4":"has-post-thumbnail","6":"product_brand-ftcs","7":"product_cat-karabin","8":"product_cat-tuning-ak","9":"product_cat-tuning-karabinowy","11":"first","12":"instock","13":"taxable","14":"shipping-taxable","15":"purchasable","16":"product-type-simple"},"acf":[],"_links":{"self":[{"href":"https:\/\/staging.nbg.eu\/pl\/wp-json\/wp\/v2\/product\/533138","targetHints":{"allow":["GET"]}}],"collection":[{"href":"https:\/\/staging.nbg.eu\/pl\/wp-json\/wp\/v2\/product"}],"about":[{"href":"https:\/\/staging.nbg.eu\/pl\/wp-json\/wp\/v2\/types\/product"}],"wp:featuredmedia":[{"embeddable":true,"href":"https:\/\/staging.nbg.eu\/pl\/wp-json\/wp\/v2\/media\/494133"}],"wp:attachment":[{"href":"https:\/\/staging.nbg.eu\/pl\/wp-json\/wp\/v2\/media?parent=533138"}],"wp:term":[{"taxonomy":"product_brand","embeddable":true,"href":"https:\/\/staging.nbg.eu\/pl\/wp-json\/wp\/v2\/product_brand?post=533138"},{"taxonomy":"product_cat","embeddable":true,"href":"https:\/\/staging.nbg.eu\/pl\/wp-json\/wp\/v2\/product_cat?post=533138"},{"taxonomy":"product_tag","embeddable":true,"href":"https:\/\/staging.nbg.eu\/pl\/wp-json\/wp\/v2\/product_tag?post=533138"}],"curies":[{"name":"wp","href":"https:\/\/api.w.org\/{rel}","templated":true}]}}