{"id":533031,"date":"2025-09-04T18:25:08","date_gmt":"2025-09-04T15:25:08","guid":{"rendered":"https:\/\/staging.nbg.eu\/product\/ftcs-gas-tube-cover-oblong-holes-ak-cerakote-black-nr-30\/"},"modified":"2025-09-29T10:10:43","modified_gmt":"2025-09-29T07:10:43","slug":"ftcs-oslona-rurki-gazowej-otwory-podluzne-ak-cerakote-czarna-nr-30","status":"publish","type":"product","link":"https:\/\/staging.nbg.eu\/pl\/produkt\/ftcs-oslona-rurki-gazowej-otwory-podluzne-ak-cerakote-czarna-nr-30\/","title":{"rendered":"FTCS &#8211; Os\u0142ona Rurki Gazowej &#8211; Otwory Pod\u0142u\u017cne &#8211; AK &#8211; Cerakote &#8211; Czarna &#8211; Nr. 30"},"content":{"rendered":"<div class=\"product-description\">\n<h2>FTCS Os\u0142ona Rury Gazowej &#8211; Pod\u0142u\u017cne Otwory &#8211; AK &#8211; Cerakote Czarny &#8211; Nr. 30<\/h2>\n<p>FTCS Os\u0142ona Rury Gazowej dla AK. Cechy produktu:<\/p>\n<ul>\n<li>Wyko\u0144czenie Cerakote w kolorze czarnym<\/li>\n<li>Pod\u0142u\u017cne otwory do odprowadzania ciep\u0142a<\/li>\n<li>Kompatybilna z wi\u0119kszo\u015bci\u0105 karabin\u00f3w typu AK<\/li>\n<li>\u0141atwa instalacja &#8211; nie wymaga us\u0142ug rusznikarskich<\/li>\n<li>Zmniejsza odczuwalne ciep\u0142o podczas d\u0142ugotrwa\u0142ego strzelania<\/li>\n<li>Pasuje do konfiguracji taktycznych<\/li>\n<\/ul>\n<p>FTCS Os\u0142ona Rury Gazowej Nr. 30 do AK.<\/p>\n<\/div>\n","protected":false},"excerpt":{"rendered":"<p>Os\u0142ona rury gazowej AK z pod\u0142u\u017cnymi otworami. Wyko\u0144czenie Cerakote w kolorze czarnym. #30.<\/p>\n","protected":false},"featured_media":494064,"template":"","meta":{"_acf_changed":false},"product_brand":[11320],"product_cat":[12623,12557,12572],"product_tag":[],"class_list":{"0":"post-533031","1":"product","2":"type-product","3":"status-publish","4":"has-post-thumbnail","6":"product_brand-ftcs","7":"product_cat-karabin","8":"product_cat-tuning-ak","9":"product_cat-tuning-karabinowy","11":"first","12":"instock","13":"taxable","14":"shipping-taxable","15":"purchasable","16":"product-type-simple"},"acf":[],"_links":{"self":[{"href":"https:\/\/staging.nbg.eu\/pl\/wp-json\/wp\/v2\/product\/533031","targetHints":{"allow":["GET"]}}],"collection":[{"href":"https:\/\/staging.nbg.eu\/pl\/wp-json\/wp\/v2\/product"}],"about":[{"href":"https:\/\/staging.nbg.eu\/pl\/wp-json\/wp\/v2\/types\/product"}],"wp:featuredmedia":[{"embeddable":true,"href":"https:\/\/staging.nbg.eu\/pl\/wp-json\/wp\/v2\/media\/494064"}],"wp:attachment":[{"href":"https:\/\/staging.nbg.eu\/pl\/wp-json\/wp\/v2\/media?parent=533031"}],"wp:term":[{"taxonomy":"product_brand","embeddable":true,"href":"https:\/\/staging.nbg.eu\/pl\/wp-json\/wp\/v2\/product_brand?post=533031"},{"taxonomy":"product_cat","embeddable":true,"href":"https:\/\/staging.nbg.eu\/pl\/wp-json\/wp\/v2\/product_cat?post=533031"},{"taxonomy":"product_tag","embeddable":true,"href":"https:\/\/staging.nbg.eu\/pl\/wp-json\/wp\/v2\/product_tag?post=533031"}],"curies":[{"name":"wp","href":"https:\/\/api.w.org\/{rel}","templated":true}]}}