{"id":532759,"date":"2025-09-04T17:51:31","date_gmt":"2025-09-04T14:51:31","guid":{"rendered":"https:\/\/staging.nbg.eu\/product\/strike-industries-mass-driver-comp-for-glock-17-gen4\/"},"modified":"2025-09-29T09:50:03","modified_gmt":"2025-09-29T06:50:03","slug":"strike-industries-kompensator-mass-driver-do-glock-17-gen4","status":"publish","type":"product","link":"https:\/\/staging.nbg.eu\/pl\/produkt\/strike-industries-kompensator-mass-driver-do-glock-17-gen4\/","title":{"rendered":"Strike Industries &#8211; Kompensator Mass Driver do Glock 17 Gen4"},"content":{"rendered":"<h2>Strike Industries &#8211; Kompensator Mass Driver do Glock 17 Gen4<\/h2>\n<p>Kompensator Mass Driver (MDC) firmy Strike Industries do Glock 17 Gen4. Zainspirowany teoretycznymi silnikami nap\u0119du masowego w podr\u00f3\u017cach kosmicznych, ten kompensator zmniejsza odrzut mechaniczny bez wp\u0142ywu na niezawodno\u015b\u0107 cyklu pracy.<\/p>\n<h2>G\u0142\u00f3wne cechy:<\/h2>\n<ul>\n<li>Oddziela si\u0119 od element\u00f3w operacyjnych po zap\u0142onie<\/li>\n<li>Utrzymuje pr\u0119dko\u015b\u0107 cykliczn\u0105 zbli\u017con\u0105 do fabrycznej<\/li>\n<li>Zmniejsza mas\u0119 ruchom\u0105<\/li>\n<li>Poszerzony otw\u00f3r wylotowy dla zminimalizowania uderze\u0144 o przegrody i niestabilno\u015bci pocisku<\/li>\n<li>Wyci\u0119cie 2,5 mm zapobiegaj\u0105ce uszkodzeniu zamka<\/li>\n<li>Kompatybilny z wi\u0119kszo\u015bci\u0105 gwintowanych luf innych producent\u00f3w<\/li>\n<li>Pasuje do zamk\u00f3w GLOCK\u2122 GEN3, GEN4 i GEN5 G17<\/li>\n<li>Dzia\u0142a z wi\u0119kszo\u015bci\u0105 otwartych kabur\u00f3w<\/li>\n<\/ul>\n<p><strong>Uwaga:<\/strong> Zalecany moment dokr\u0119cania nakr\u0119tki pr\u0119ta prowadz\u0105cego: 25 funt\u00f3w\/cal. U\u017cycie amunicji +P i +P+ mo\u017ce spowodowa\u0107 przedwczesne zu\u017cycie.<\/p>\n","protected":false},"excerpt":{"rendered":"<p>Rewolucyjna konstrukcja kompensatora zapewniaj\u0105ca zredukowany odrzut i szybsze prze\u0142adowanie.<\/p>\n","protected":false},"featured_media":493841,"template":"","meta":{"_acf_changed":false},"product_brand":[],"product_cat":[12624,12580],"product_tag":[],"class_list":{"0":"post-532759","1":"product","2":"type-product","3":"status-publish","4":"has-post-thumbnail","6":"product_cat-czesci-do-pistoletu","7":"product_cat-pistolet","9":"first","10":"instock","11":"taxable","12":"shipping-taxable","13":"purchasable","14":"product-type-simple"},"acf":[],"_links":{"self":[{"href":"https:\/\/staging.nbg.eu\/pl\/wp-json\/wp\/v2\/product\/532759","targetHints":{"allow":["GET"]}}],"collection":[{"href":"https:\/\/staging.nbg.eu\/pl\/wp-json\/wp\/v2\/product"}],"about":[{"href":"https:\/\/staging.nbg.eu\/pl\/wp-json\/wp\/v2\/types\/product"}],"wp:featuredmedia":[{"embeddable":true,"href":"https:\/\/staging.nbg.eu\/pl\/wp-json\/wp\/v2\/media\/493841"}],"wp:attachment":[{"href":"https:\/\/staging.nbg.eu\/pl\/wp-json\/wp\/v2\/media?parent=532759"}],"wp:term":[{"taxonomy":"product_brand","embeddable":true,"href":"https:\/\/staging.nbg.eu\/pl\/wp-json\/wp\/v2\/product_brand?post=532759"},{"taxonomy":"product_cat","embeddable":true,"href":"https:\/\/staging.nbg.eu\/pl\/wp-json\/wp\/v2\/product_cat?post=532759"},{"taxonomy":"product_tag","embeddable":true,"href":"https:\/\/staging.nbg.eu\/pl\/wp-json\/wp\/v2\/product_tag?post=532759"}],"curies":[{"name":"wp","href":"https:\/\/api.w.org\/{rel}","templated":true}]}}