{"id":532649,"date":"2025-09-04T17:51:31","date_gmt":"2025-09-04T14:51:31","guid":{"rendered":"https:\/\/staging.nbg.eu\/product\/strike-industries-mass-driver-comp-for-glock-17-gen5-black-si-g5-mdcomp-s\/"},"modified":"2025-09-29T09:41:37","modified_gmt":"2025-09-29T06:41:37","slug":"strike-industries-kompensator-mass-driver-do-glock-17-gen5-czarny-si-g5-mdcomp-s","status":"publish","type":"product","link":"https:\/\/staging.nbg.eu\/pl\/produkt\/strike-industries-kompensator-mass-driver-do-glock-17-gen5-czarny-si-g5-mdcomp-s\/","title":{"rendered":"Strike Industries &#8211; Kompensator Mass Driver do Glock 17 Gen5 &#8211; Czarny &#8211; SI-G5-MDCOMP-S"},"content":{"rendered":"<h2>Kompensator Strike Industries Mass Driver dla Glock 17 Gen5 &#8211; Czarny<\/h2>\n<p>Kompensator Mass Driver (MDC) firmy Strike Industries dla Glock 17 Gen5. Konstrukcja inspirowana teoretycznymi silnikami masowymi w podr\u00f3\u017cach kosmicznych.<\/p>\n<ul>\n<li>Zmniejsza mechaniczny odrzut bez wp\u0142ywu na szybko\u015b\u0107 cyklu<\/li>\n<li>Redukuje mas\u0119 ruchom\u0105 dla poprawy wydajno\u015bci<\/li>\n<li>Poszerzony otw\u00f3r zapobiega uderzeniom o przegrody i efektowi keyholing<\/li>\n<li>Wyci\u0119cie 2,5 mm chroni suwak pistoletu<\/li>\n<li>Kompatybilny z wi\u0119kszo\u015bci\u0105 gwintowanych luf innych producent\u00f3w<\/li>\n<li>Pasuje do suwad\u0142a GLOCK\u2122 GEN3, GEN4 i GEN5 G19 i G17<\/li>\n<li>Dzia\u0142a z wi\u0119kszo\u015bci\u0105 otwartych kabur przystosowanych do kompensator\u00f3w<\/li>\n<\/ul>\n<p><strong>Uwaga:<\/strong> Zalecany moment obrotowy dla nakr\u0119tki prowadnicy: 25 lbs\/in. U\u017cywanie amunicji +P i +P+ mo\u017ce powodowa\u0107 przedwczesne zu\u017cycie.<\/p>\n","protected":false},"excerpt":{"rendered":"<p>Strike Industries MDC: Rewolucyjna redukcja odrzutu dla Glock 17 Gen5.<\/p>\n","protected":false},"featured_media":493795,"template":"","meta":{"_acf_changed":false},"product_brand":[],"product_cat":[12624,12580],"product_tag":[],"class_list":{"0":"post-532649","1":"product","2":"type-product","3":"status-publish","4":"has-post-thumbnail","6":"product_cat-czesci-do-pistoletu","7":"product_cat-pistolet","9":"first","10":"instock","11":"taxable","12":"shipping-taxable","13":"purchasable","14":"product-type-simple"},"acf":[],"_links":{"self":[{"href":"https:\/\/staging.nbg.eu\/pl\/wp-json\/wp\/v2\/product\/532649","targetHints":{"allow":["GET"]}}],"collection":[{"href":"https:\/\/staging.nbg.eu\/pl\/wp-json\/wp\/v2\/product"}],"about":[{"href":"https:\/\/staging.nbg.eu\/pl\/wp-json\/wp\/v2\/types\/product"}],"wp:featuredmedia":[{"embeddable":true,"href":"https:\/\/staging.nbg.eu\/pl\/wp-json\/wp\/v2\/media\/493795"}],"wp:attachment":[{"href":"https:\/\/staging.nbg.eu\/pl\/wp-json\/wp\/v2\/media?parent=532649"}],"wp:term":[{"taxonomy":"product_brand","embeddable":true,"href":"https:\/\/staging.nbg.eu\/pl\/wp-json\/wp\/v2\/product_brand?post=532649"},{"taxonomy":"product_cat","embeddable":true,"href":"https:\/\/staging.nbg.eu\/pl\/wp-json\/wp\/v2\/product_cat?post=532649"},{"taxonomy":"product_tag","embeddable":true,"href":"https:\/\/staging.nbg.eu\/pl\/wp-json\/wp\/v2\/product_tag?post=532649"}],"curies":[{"name":"wp","href":"https:\/\/api.w.org\/{rel}","templated":true}]}}