{"id":531311,"date":"2025-09-04T17:51:30","date_gmt":"2025-09-04T14:51:30","guid":{"rendered":"https:\/\/staging.nbg.eu\/product\/strike-industries-mass-driver-comp-for-glock-19-gen4\/"},"modified":"2025-09-26T17:55:41","modified_gmt":"2025-09-26T14:55:41","slug":"strike-industries-kompensator-mass-driver-do-glock-19-gen4","status":"publish","type":"product","link":"https:\/\/staging.nbg.eu\/pl\/produkt\/strike-industries-kompensator-mass-driver-do-glock-19-gen4\/","title":{"rendered":"Strike Industries &#8211; Kompensator Mass Driver do Glock 19 Gen4"},"content":{"rendered":"<h2>Kompensator Strike Industries Mass Driver do Glock 19 Gen4<\/h2>\n<p>Kompensator Strike Industries Mass Driver (MDC) do Glock 19 Gen4 oferuje:<\/p>\n<ul>\n<li>Zmniejszenie odrzutu mechanicznego dzi\u0119ki systemowi przeciwwagi<\/li>\n<li>Pr\u0119dko\u015b\u0107 cykliczna zbli\u017cona do standardowej dla niezawodnego dzia\u0142ania<\/li>\n<li>Poszerzony otw\u00f3r wylotowy zapobiegaj\u0105cy uderzeniom o przegrody i niestabilno\u015bci pocisku<\/li>\n<li>Wyci\u0119cie 2,5 mm chroni\u0105ce przedni\u0105 cz\u0119\u015b\u0107 zamka<\/li>\n<li>Kompatybilno\u015b\u0107 z wi\u0119kszo\u015bci\u0105 gwintowanych luf innych producent\u00f3w<\/li>\n<li>Pasuje do zamk\u00f3w G19 i G17 Gen3, Gen4 i Gen5<\/li>\n<li>Wsp\u00f3\u0142pracuje z kaburami z otwartym ko\u0144cem przystosowanymi do kompensator\u00f3w<\/li>\n<\/ul>\n<p>Uwaga: Zalecany moment obrotowy 25 lbs\/in dla nakr\u0119tki prowadnicy. U\u017cywanie amunicji +P i +P+ mo\u017ce spowodowa\u0107 szybsze zu\u017cycie.<\/p>\n","protected":false},"excerpt":{"rendered":"<p>Rewolucyjny kompensator do Glock 19 Gen4. Zmniejsza odrzut i unoszenie si\u0119 lufy.<\/p>\n","protected":false},"featured_media":493679,"template":"","meta":{"_acf_changed":false},"product_brand":[],"product_cat":[12639],"product_tag":[],"class_list":{"0":"post-531311","1":"product","2":"type-product","3":"status-publish","4":"has-post-thumbnail","6":"product_cat-bez-kategorii","8":"first","9":"instock","10":"taxable","11":"shipping-taxable","12":"purchasable","13":"product-type-simple"},"acf":[],"_links":{"self":[{"href":"https:\/\/staging.nbg.eu\/pl\/wp-json\/wp\/v2\/product\/531311","targetHints":{"allow":["GET"]}}],"collection":[{"href":"https:\/\/staging.nbg.eu\/pl\/wp-json\/wp\/v2\/product"}],"about":[{"href":"https:\/\/staging.nbg.eu\/pl\/wp-json\/wp\/v2\/types\/product"}],"wp:featuredmedia":[{"embeddable":true,"href":"https:\/\/staging.nbg.eu\/pl\/wp-json\/wp\/v2\/media\/493679"}],"wp:attachment":[{"href":"https:\/\/staging.nbg.eu\/pl\/wp-json\/wp\/v2\/media?parent=531311"}],"wp:term":[{"taxonomy":"product_brand","embeddable":true,"href":"https:\/\/staging.nbg.eu\/pl\/wp-json\/wp\/v2\/product_brand?post=531311"},{"taxonomy":"product_cat","embeddable":true,"href":"https:\/\/staging.nbg.eu\/pl\/wp-json\/wp\/v2\/product_cat?post=531311"},{"taxonomy":"product_tag","embeddable":true,"href":"https:\/\/staging.nbg.eu\/pl\/wp-json\/wp\/v2\/product_tag?post=531311"}],"curies":[{"name":"wp","href":"https:\/\/api.w.org\/{rel}","templated":true}]}}