{"id":531087,"date":"2025-09-04T17:50:56","date_gmt":"2025-09-04T14:50:56","guid":{"rendered":"https:\/\/staging.nbg.eu\/product\/wbp-rogow-mounting-kit-for-enlarged-magazine-latch-ak-akm-ak-74\/"},"modified":"2025-09-26T16:31:00","modified_gmt":"2025-09-26T13:31:00","slug":"wbp-rogow-zestaw-montazowy-do-powiekszonego-zatrzasku-magazynka-ak-akm-ak-74","status":"publish","type":"product","link":"https:\/\/staging.nbg.eu\/pl\/produkt\/wbp-rogow-zestaw-montazowy-do-powiekszonego-zatrzasku-magazynka-ak-akm-ak-74\/","title":{"rendered":"WBP Rog\u00f3w &#8211; Zestaw Monta\u017cowy do Powi\u0119kszonego Zatrzasku Magazynka &#8211; AK \/ AKM \/ AK-74"},"content":{"rendered":"<h2>WBP Rog\u00f3w &#8211; Zestaw monta\u017cowy do powi\u0119kszonej d\u017awigni magazynka &#8211; AK \/ AKM \/ AK-74<\/h2>\n<p>Zestaw monta\u017cowy do powi\u0119kszonej d\u017awigni magazynka od WBP Rog\u00f3w dla karabin\u00f3w z platformy AK. Przeznaczony do szybkiej i \u0142atwej instalacji, zestaw ten oferuje ulepszon\u0105 funkcjonalno\u015b\u0107 dla r\u00f3\u017cnych karabin\u00f3w z rodziny AK.<\/p>\n<h2>G\u0142\u00f3wne cechy:<\/h2>\n<ul>\n<li>Powi\u0119kszona powierzchnia u\u0142atwiaj\u0105ca od\u0142\u0105czanie magazynka<\/li>\n<li>Kompatybilny z popularnymi modelami AK, AKM i AK-74<\/li>\n<li>U\u0142atwia szybsze prze\u0142adowanie<\/li>\n<li>Zawiera spr\u0119\u017cyn\u0119 i sworze\u0144<\/li>\n<li>Wykonany z wytrzyma\u0142ej, oksydowanej stali<\/li>\n<li>Czarne wyko\u0144czenie<\/li>\n<\/ul>\n<p>Wymiary: 51 x 24 x 15 mm<br \/>\nWaga: 16 g<\/p>\n<p>Ulepsz mechanizm zwalniania magazynka w swoim AK.<\/p>\n","protected":false},"excerpt":{"rendered":"<p>Zestaw powi\u0119kszonego zatrzasku magazynka AK. \u0141atwy monta\u017c, ulepszona ergonomia. Stalowy, czarny.<\/p>\n","protected":false},"featured_media":493610,"template":"","meta":{"_acf_changed":false},"product_brand":[],"product_cat":[12639],"product_tag":[],"class_list":{"0":"post-531087","1":"product","2":"type-product","3":"status-publish","4":"has-post-thumbnail","6":"product_cat-bez-kategorii","8":"first","9":"instock","10":"taxable","11":"shipping-taxable","12":"purchasable","13":"product-type-simple"},"acf":[],"_links":{"self":[{"href":"https:\/\/staging.nbg.eu\/pl\/wp-json\/wp\/v2\/product\/531087","targetHints":{"allow":["GET"]}}],"collection":[{"href":"https:\/\/staging.nbg.eu\/pl\/wp-json\/wp\/v2\/product"}],"about":[{"href":"https:\/\/staging.nbg.eu\/pl\/wp-json\/wp\/v2\/types\/product"}],"wp:featuredmedia":[{"embeddable":true,"href":"https:\/\/staging.nbg.eu\/pl\/wp-json\/wp\/v2\/media\/493610"}],"wp:attachment":[{"href":"https:\/\/staging.nbg.eu\/pl\/wp-json\/wp\/v2\/media?parent=531087"}],"wp:term":[{"taxonomy":"product_brand","embeddable":true,"href":"https:\/\/staging.nbg.eu\/pl\/wp-json\/wp\/v2\/product_brand?post=531087"},{"taxonomy":"product_cat","embeddable":true,"href":"https:\/\/staging.nbg.eu\/pl\/wp-json\/wp\/v2\/product_cat?post=531087"},{"taxonomy":"product_tag","embeddable":true,"href":"https:\/\/staging.nbg.eu\/pl\/wp-json\/wp\/v2\/product_tag?post=531087"}],"curies":[{"name":"wp","href":"https:\/\/api.w.org\/{rel}","templated":true}]}}