{"id":530966,"date":"2025-09-04T17:49:03","date_gmt":"2025-09-04T14:49:03","guid":{"rendered":"https:\/\/staging.nbg.eu\/product\/magpul-moe-sl-ak-grip-for-ak47-ak74-fde-mag682-fde\/"},"modified":"2025-09-26T16:16:22","modified_gmt":"2025-09-26T13:16:22","slug":"magpul-chwyt-pistoletowy-moe-sl-ak-do-ak47ak74-fde-mag682-fde","status":"publish","type":"product","link":"https:\/\/staging.nbg.eu\/pl\/produkt\/magpul-chwyt-pistoletowy-moe-sl-ak-do-ak47ak74-fde-mag682-fde\/","title":{"rendered":"Magpul &#8211; Chwyt Pistoletowy MOE SL AK do AK47\/AK74 &#8211; FDE &#8211; MAG682-FDE"},"content":{"rendered":"<div class=\"product-description\">\n<h2>Chwyt Magpul MOE SL AK do AK47\/AK74 &#8211; FDE (MAG682-FDE)<\/h2>\n<p>Chwyt Magpul MOE SL AK w kolorze Flat Dark Earth do AK47\/AK74. Ten w\u0119\u017cszy chwyt oferuje bardziej pionowy k\u0105t, zoptymalizowany dla broni o kr\u00f3tszej d\u0142ugo\u015bci, przybli\u017caj\u0105c g\u0142\u00f3wn\u0105 r\u0119k\u0119 do cia\u0142a.<\/p>\n<ul>\n<li>Wykonany z trwa\u0142ego polimeru z teksturowanym wyko\u0144czeniem<\/li>\n<li>Pasuje do odbiornik\u00f3w frezowanych i t\u0142oczonych, w tym tych z p\u0142ytkami wzmacniaj\u0105cymi chwyt<\/li>\n<li>Posiada tekstur\u0119 TSP (Trapezoidal Surface Projections) dla lepszej kontroli broni<\/li>\n<li>K\u0105t chwytu 20 stopni dla poprawy ergonomii<\/li>\n<li>Smuklejszy profil w por\u00f3wnaniu do chwyt\u00f3w pe\u0142nowymiarowych<\/li>\n<li>Wymiary: 4,3&#8243; wysoko\u015bci x 1,1&#8243; grubo\u015bci, waga tylko 2,6 uncji<\/li>\n<li>Wyprodukowano w USA &#8211; liczy si\u0119 jako jedna cz\u0119\u015b\u0107 ameryka\u0144ska do zgodno\u015bci z 922r<\/li>\n<\/ul>\n<p>Chwyt Magpul MOE SL AK zaprojektowany do optymalnego dzia\u0142ania we wszystkich warunkach.<\/p>\n<\/div>\n","protected":false},"excerpt":{"rendered":"<p>Chwyt Magpul MOE SL AK: Smuk\u0142a, teksturowana modernizacja dla AK47\/74 &#8211; FDE (P\u0142owy)<\/p>\n","protected":false},"featured_media":493586,"template":"","meta":{"_acf_changed":false},"product_brand":[],"product_cat":[12639],"product_tag":[],"class_list":{"0":"post-530966","1":"product","2":"type-product","3":"status-publish","4":"has-post-thumbnail","6":"product_cat-bez-kategorii","8":"first","9":"instock","10":"taxable","11":"shipping-taxable","12":"purchasable","13":"product-type-simple"},"acf":[],"_links":{"self":[{"href":"https:\/\/staging.nbg.eu\/pl\/wp-json\/wp\/v2\/product\/530966","targetHints":{"allow":["GET"]}}],"collection":[{"href":"https:\/\/staging.nbg.eu\/pl\/wp-json\/wp\/v2\/product"}],"about":[{"href":"https:\/\/staging.nbg.eu\/pl\/wp-json\/wp\/v2\/types\/product"}],"wp:featuredmedia":[{"embeddable":true,"href":"https:\/\/staging.nbg.eu\/pl\/wp-json\/wp\/v2\/media\/493586"}],"wp:attachment":[{"href":"https:\/\/staging.nbg.eu\/pl\/wp-json\/wp\/v2\/media?parent=530966"}],"wp:term":[{"taxonomy":"product_brand","embeddable":true,"href":"https:\/\/staging.nbg.eu\/pl\/wp-json\/wp\/v2\/product_brand?post=530966"},{"taxonomy":"product_cat","embeddable":true,"href":"https:\/\/staging.nbg.eu\/pl\/wp-json\/wp\/v2\/product_cat?post=530966"},{"taxonomy":"product_tag","embeddable":true,"href":"https:\/\/staging.nbg.eu\/pl\/wp-json\/wp\/v2\/product_tag?post=530966"}],"curies":[{"name":"wp","href":"https:\/\/api.w.org\/{rel}","templated":true}]}}