{"id":530772,"date":"2025-09-04T17:31:53","date_gmt":"2025-09-04T14:31:53","guid":{"rendered":"https:\/\/staging.nbg.eu\/product\/pistoletna-drzhka-magpul-moe-k2-za-ak-fde-mag683-fde\/"},"modified":"2025-09-26T16:05:37","modified_gmt":"2025-09-26T13:05:37","slug":"pistoletna-drzka-magpul-moe-k2-dla-ak-fde-mag683-fde","status":"publish","type":"product","link":"https:\/\/staging.nbg.eu\/pl\/produkt\/pistoletna-drzka-magpul-moe-k2-dla-ak-fde-mag683-fde\/","title":{"rendered":"Pistoletna Drzka Magpul MOE-K2 dla AK FDE MAG683-FDE"},"content":{"rendered":"<div class=\"product-description\">\n<h2>Chwyt Magpul MOE-K2 AK &#8211; FDE (MAG683-FDE)<\/h2>\n<p>Chwyt pistoletowy Magpul MOE-K2 AK w kolorze Flat Dark Earth do karabin\u00f3w AK47\/AK74 oferuje:<\/p>\n<ul>\n<li>Poprawion\u0105 ergonomi\u0119 i kontrol\u0119<\/li>\n<li>Wytrzyma\u0142\u0105 konstrukcj\u0119 z teksturowanego polimeru<\/li>\n<li>Antypo\u015blizgow\u0105 powierzchni\u0119 chwytu<\/li>\n<li>Bardziej stromy k\u0105t chwytu do nowoczesnych postaw strzeleckich<\/li>\n<li>Zmniejszone zm\u0119czenie nadgarstka podczas d\u0142ugotrwa\u0142ego u\u017cytkowania<\/li>\n<\/ul>\n<p>Zaprojektowany przez Magpul, producenta akcesori\u00f3w do broni palnej, ten chwyt w kolorze FDE pasuje do r\u00f3\u017cnych wyko\u0144cze\u0144 AK. Chwyt MOE-K2 AK poprawia funkcjonalno\u015b\u0107 i wygl\u0105d AK.<\/p>\n<p><strong>Numer cz\u0119\u015bci producenta:<\/strong> MAG683-FDE<\/p>\n<p><strong>UPC:<\/strong> 840815117117<\/p>\n<\/div>\n","protected":false},"excerpt":{"rendered":"<p>Chwyt Magpul MOE-K2 AK: Ergonomiczny, antypo\u015blizgowy, o bardziej stromym k\u0105cie dla wi\u0119kszego komfortu.<\/p>\n","protected":false},"featured_media":0,"template":"","meta":{"_acf_changed":false},"product_brand":[],"product_cat":[],"product_tag":[],"class_list":{"0":"post-530772","1":"product","2":"type-product","3":"status-publish","6":"first","7":"instock","8":"taxable","9":"shipping-taxable","10":"purchasable","11":"product-type-simple"},"acf":[],"_links":{"self":[{"href":"https:\/\/staging.nbg.eu\/pl\/wp-json\/wp\/v2\/product\/530772","targetHints":{"allow":["GET"]}}],"collection":[{"href":"https:\/\/staging.nbg.eu\/pl\/wp-json\/wp\/v2\/product"}],"about":[{"href":"https:\/\/staging.nbg.eu\/pl\/wp-json\/wp\/v2\/types\/product"}],"wp:attachment":[{"href":"https:\/\/staging.nbg.eu\/pl\/wp-json\/wp\/v2\/media?parent=530772"}],"wp:term":[{"taxonomy":"product_brand","embeddable":true,"href":"https:\/\/staging.nbg.eu\/pl\/wp-json\/wp\/v2\/product_brand?post=530772"},{"taxonomy":"product_cat","embeddable":true,"href":"https:\/\/staging.nbg.eu\/pl\/wp-json\/wp\/v2\/product_cat?post=530772"},{"taxonomy":"product_tag","embeddable":true,"href":"https:\/\/staging.nbg.eu\/pl\/wp-json\/wp\/v2\/product_tag?post=530772"}],"curies":[{"name":"wp","href":"https:\/\/api.w.org\/{rel}","templated":true}]}}