{"id":53064,"date":"2024-03-08T06:59:20","date_gmt":"2024-09-13T12:46:39","guid":{"rendered":"https:\/\/staging.nbg.eu\/product\/bore-tech-shotgun-blend\/"},"modified":"2024-09-13T12:47:40","modified_gmt":"2024-09-13T12:47:40","slug":"bore-tech-shotgun-blend","status":"publish","type":"product","link":"https:\/\/staging.nbg.eu\/pl\/produkt\/bore-tech-shotgun-blend\/","title":{"rendered":"Bore Tech Shotgun Blend"},"content":{"rendered":"<p>\nBore Tech Shotgun Blend to skuteczny \u015brodek do czyszczenia luf strzelb, niezawieraj\u0105cy amoniaku. Ta biodegradowalna formu\u0142a usuwa osady o\u0142owiu, prochu i plastikowych przybitek z luf, sto\u017ck\u00f3w przej\u015bciowych i czok\u00f3w. Jest bezpieczny, bezzapachowy i \u0142atwy w u\u017cyciu. Zapewnia dok\u0142adne czyszczenie, co wida\u0107 na czy\u015bcikach.<\/p>\n","protected":false},"excerpt":{"rendered":"<p>Skuteczny \u015brodek czyszcz\u0105cy do luf usuwa o\u0142\u00f3w, nagar w\u0119glowy i zanieczyszczenia z tworzyw sztucznych w bezpieczny spos\u00f3b.<\/p>\n","protected":false},"featured_media":53065,"template":"","meta":{"_acf_changed":false},"product_brand":[11165],"product_cat":[12604,12618],"product_tag":[],"class_list":{"0":"post-53064","1":"product","2":"type-product","3":"status-publish","4":"has-post-thumbnail","6":"product_brand-boretech","7":"product_cat-czyszczenie-broni","8":"product_cat-srodki-czyszczace","10":"first","11":"instock","12":"taxable","13":"shipping-taxable","14":"purchasable","15":"product-type-variable","16":"wvs-archive-product-wrapper"},"acf":[],"_links":{"self":[{"href":"https:\/\/staging.nbg.eu\/pl\/wp-json\/wp\/v2\/product\/53064","targetHints":{"allow":["GET"]}}],"collection":[{"href":"https:\/\/staging.nbg.eu\/pl\/wp-json\/wp\/v2\/product"}],"about":[{"href":"https:\/\/staging.nbg.eu\/pl\/wp-json\/wp\/v2\/types\/product"}],"wp:featuredmedia":[{"embeddable":true,"href":"https:\/\/staging.nbg.eu\/pl\/wp-json\/wp\/v2\/media\/53065"}],"wp:attachment":[{"href":"https:\/\/staging.nbg.eu\/pl\/wp-json\/wp\/v2\/media?parent=53064"}],"wp:term":[{"taxonomy":"product_brand","embeddable":true,"href":"https:\/\/staging.nbg.eu\/pl\/wp-json\/wp\/v2\/product_brand?post=53064"},{"taxonomy":"product_cat","embeddable":true,"href":"https:\/\/staging.nbg.eu\/pl\/wp-json\/wp\/v2\/product_cat?post=53064"},{"taxonomy":"product_tag","embeddable":true,"href":"https:\/\/staging.nbg.eu\/pl\/wp-json\/wp\/v2\/product_tag?post=53064"}],"curies":[{"name":"wp","href":"https:\/\/api.w.org\/{rel}","templated":true}]}}