{"id":529970,"date":"2025-09-02T20:30:44","date_gmt":"2025-09-02T17:30:44","guid":{"rendered":"https:\/\/staging.nbg.eu\/product\/predna-drzhka-magpul-zhukov-za-ak-47-ak-74-lilava-mag586-plm\/"},"modified":"2025-09-26T15:05:20","modified_gmt":"2025-09-26T12:05:20","slug":"przedna-drzka-magpul-zhukov-dla-ak-47ak-74-liliowa-mag586-plm","status":"publish","type":"product","link":"https:\/\/staging.nbg.eu\/pl\/produkt\/przedna-drzka-magpul-zhukov-dla-ak-47ak-74-liliowa-mag586-plm\/","title":{"rendered":"Przedna Drzka Magpul ZHUKOV dla AK-47\/AK-74 Liliowa MAG586 PLM"},"content":{"rendered":"<div class=\"product-description\">\n<h2>Magpul ZHUKOV \u0141o\u017ce do AK-47\/AK-74 &#8211; Kolor \u015bliwkowy (MAG586-PLM)<\/h2>\n<p>\u0141o\u017ce Magpul ZHUKOV do AK-47 lub AK-74 w kolorze \u015bliwkowym. To przed\u0142u\u017cone \u0142o\u017ce oferuje du\u017c\u0105 powierzchni\u0119 chwytu i dodatkowe opcje monta\u017cu akcesori\u00f3w.<\/p>\n<ul>\n<li>Kompatybilne z wi\u0119kszo\u015bci\u0105 karabin\u00f3w AK-47\/AKM\/AK-74 (\u015brednica lufy 16,75-18,25mm, d\u0142ugo\u015b\u0107 &gt;13&#8243;)<\/li>\n<li>Pe\u0142nowymiarowe, anodowane twarde aluminiowe podwozie zapewniaj\u0105ce sztywny monta\u017c i ochron\u0119 przed ciep\u0142em<\/li>\n<li>Wytrzyma\u0142a polimerowa os\u0142ona zewn\u0119trzna z otworami na akcesoria M-LOK<\/li>\n<li>Zawiera zamienn\u0105 polimerow\u0105 g\u00f3rn\u0105 pokryw\u0119<\/li>\n<li>Kompatybilne z monta\u017cem optyki UltiMAK<\/li>\n<li>D\u0142ugo\u015b\u0107: 11,7 cala<\/li>\n<\/ul>\n<p>\u0141o\u017ce przeznaczone dla my\u015bliwych i entuzjast\u00f3w strzelectwa.<\/p>\n<\/div>\n","protected":false},"excerpt":{"rendered":"<p>Przed\u0142u\u017cona os\u0142ona lufy Magpul ZHUKOV do AK-47\/AK-74, kolor \u015bliwkowy, kompatybilna z systemem M-LOK.<\/p>\n","protected":false},"featured_media":0,"template":"","meta":{"_acf_changed":false},"product_brand":[],"product_cat":[],"product_tag":[],"class_list":{"0":"post-529970","1":"product","2":"type-product","3":"status-publish","6":"first","7":"instock","8":"taxable","9":"shipping-taxable","10":"purchasable","11":"product-type-simple"},"acf":[],"_links":{"self":[{"href":"https:\/\/staging.nbg.eu\/pl\/wp-json\/wp\/v2\/product\/529970","targetHints":{"allow":["GET"]}}],"collection":[{"href":"https:\/\/staging.nbg.eu\/pl\/wp-json\/wp\/v2\/product"}],"about":[{"href":"https:\/\/staging.nbg.eu\/pl\/wp-json\/wp\/v2\/types\/product"}],"wp:attachment":[{"href":"https:\/\/staging.nbg.eu\/pl\/wp-json\/wp\/v2\/media?parent=529970"}],"wp:term":[{"taxonomy":"product_brand","embeddable":true,"href":"https:\/\/staging.nbg.eu\/pl\/wp-json\/wp\/v2\/product_brand?post=529970"},{"taxonomy":"product_cat","embeddable":true,"href":"https:\/\/staging.nbg.eu\/pl\/wp-json\/wp\/v2\/product_cat?post=529970"},{"taxonomy":"product_tag","embeddable":true,"href":"https:\/\/staging.nbg.eu\/pl\/wp-json\/wp\/v2\/product_tag?post=529970"}],"curies":[{"name":"wp","href":"https:\/\/api.w.org\/{rel}","templated":true}]}}