{"id":529468,"date":"2025-09-02T20:23:55","date_gmt":"2025-09-02T17:23:55","guid":{"rendered":"https:\/\/staging.nbg.eu\/product\/magpul-zhukov-s-stock-for-ak-47-ak-74-mag585\/"},"modified":"2025-09-26T12:42:24","modified_gmt":"2025-09-26T09:42:24","slug":"magpul-kolba-zhukov-s-do-ak-47-ak-74-mag585","status":"publish","type":"product","link":"https:\/\/staging.nbg.eu\/pl\/produkt\/magpul-kolba-zhukov-s-do-ak-47-ak-74-mag585\/","title":{"rendered":"Magpul &#8211; Kolba ZHUKOV-S\u00ae do AK-47 \/ AK-74 &#8211; MAG585"},"content":{"rendered":"<div class=\"product-description\">\n<h2>Kolba Magpul ZHUKOV-S\u00ae do AK-47 \/ AK-74 &#8211; MAG585<\/h2>\n<p>Kolba sk\u0142adana Magpul ZHUKOV-S\u00ae do karabin\u00f3w AK47\/AKM\/AK74 oferuje:<\/p>\n<ul>\n<li>5-pozycyjn\u0105 regulacj\u0119 d\u0142ugo\u015bci<\/li>\n<li>Mechanizm sk\u0142adania po prawej stronie, kompatybilny z optyk\u0105 na jask\u00f3\u0142czym ogonie<\/li>\n<li>Mo\u017cliwo\u015b\u0107 strzelania i prze\u0142adowania ze z\u0142o\u017con\u0105 kolb\u0105<\/li>\n<li>Niskoprofilowa konstrukcja<\/li>\n<li>Gumowa stopka amortyzuj\u0105ca odrzut<\/li>\n<li>Otw\u00f3r na pas o szeroko\u015bci 1,25&#8243; i kompatybilno\u015b\u0107 z portami QD<\/li>\n<\/ul>\n<p>Wa\u017cy 425g i ma d\u0142ugo\u015b\u0107 223,5-289,5mm. Wyprodukowana w USA. Uwaga: Niekompatybilna z jugos\u0142owia\u0144skimi AK, Norinco Type 56S\/MAK-90 lub odbiornikami frezowanymi.<\/p>\n<\/div>\n","protected":false},"excerpt":{"rendered":"<p>Magpul ZHUKOV-S: Sk\u0142adana, regulowana kolba do AK z portami QD.<\/p>\n","protected":false},"featured_media":491496,"template":"","meta":{"_acf_changed":false},"product_brand":[11554],"product_cat":[12623,12583,12557,12572],"product_tag":[],"class_list":{"0":"post-529468","1":"product","2":"type-product","3":"status-publish","4":"has-post-thumbnail","6":"product_brand-magpul","7":"product_cat-karabin","8":"product_cat-kolby-karabinowe","9":"product_cat-tuning-ak","10":"product_cat-tuning-karabinowy","12":"first","13":"instock","14":"taxable","15":"shipping-taxable","16":"purchasable","17":"product-type-variable","18":"wvs-archive-product-wrapper"},"acf":[],"_links":{"self":[{"href":"https:\/\/staging.nbg.eu\/pl\/wp-json\/wp\/v2\/product\/529468","targetHints":{"allow":["GET"]}}],"collection":[{"href":"https:\/\/staging.nbg.eu\/pl\/wp-json\/wp\/v2\/product"}],"about":[{"href":"https:\/\/staging.nbg.eu\/pl\/wp-json\/wp\/v2\/types\/product"}],"wp:featuredmedia":[{"embeddable":true,"href":"https:\/\/staging.nbg.eu\/pl\/wp-json\/wp\/v2\/media\/491496"}],"wp:attachment":[{"href":"https:\/\/staging.nbg.eu\/pl\/wp-json\/wp\/v2\/media?parent=529468"}],"wp:term":[{"taxonomy":"product_brand","embeddable":true,"href":"https:\/\/staging.nbg.eu\/pl\/wp-json\/wp\/v2\/product_brand?post=529468"},{"taxonomy":"product_cat","embeddable":true,"href":"https:\/\/staging.nbg.eu\/pl\/wp-json\/wp\/v2\/product_cat?post=529468"},{"taxonomy":"product_tag","embeddable":true,"href":"https:\/\/staging.nbg.eu\/pl\/wp-json\/wp\/v2\/product_tag?post=529468"}],"curies":[{"name":"wp","href":"https:\/\/api.w.org\/{rel}","templated":true}]}}