{"id":52945,"date":"2024-03-08T09:51:57","date_gmt":"2024-03-08T09:51:57","guid":{"rendered":"https:\/\/staging.nbg.eu\/product\/bronze-spiral-shotgun-brush\/"},"modified":"2024-09-13T12:45:18","modified_gmt":"2024-09-13T12:45:18","slug":"brazowa-spiralna-szczotka-do-strzelby","status":"publish","type":"product","link":"https:\/\/staging.nbg.eu\/pl\/produkt\/brazowa-spiralna-szczotka-do-strzelby\/","title":{"rendered":"BR\u0104ZOWA SPIRALNA SZCZOTKA DO STRZELBY"},"content":{"rendered":"<p>Szczotka spiralna do strzelby Bore Tech z br\u0105zu ma p\u0119tlowe w\u0142osie. Wykonana z bezpiecznego dla lufy br\u0105zu fosforowego, skutecznie usuwa zanieczyszczenia z tworzywa sztucznego i jest bardziej trwa\u0142a ni\u017c standardowe szczotki z drutu. Dost\u0119pna w rozmiarach od 10 do .410, pasuje do standardowych pr\u0119t\u00f3w z gwintem 5\/16-27.<\/p>\n","protected":false},"excerpt":{"rendered":"<p>Innowacyjna spiralna szczotka do dok\u0142adnego i bezpiecznego czyszczenia lufy strzelby.<\/p>\n","protected":false},"featured_media":52946,"template":"","meta":{"_acf_changed":false},"product_brand":[11165],"product_cat":[12604,12631],"product_tag":[],"class_list":{"0":"post-52945","1":"product","2":"type-product","3":"status-publish","4":"has-post-thumbnail","6":"product_brand-boretech","7":"product_cat-czyszczenie-broni","8":"product_cat-szczotki","10":"first","11":"outofstock","12":"taxable","13":"shipping-taxable","14":"purchasable","15":"product-type-simple"},"acf":[],"_links":{"self":[{"href":"https:\/\/staging.nbg.eu\/pl\/wp-json\/wp\/v2\/product\/52945","targetHints":{"allow":["GET"]}}],"collection":[{"href":"https:\/\/staging.nbg.eu\/pl\/wp-json\/wp\/v2\/product"}],"about":[{"href":"https:\/\/staging.nbg.eu\/pl\/wp-json\/wp\/v2\/types\/product"}],"wp:featuredmedia":[{"embeddable":true,"href":"https:\/\/staging.nbg.eu\/pl\/wp-json\/wp\/v2\/media\/52946"}],"wp:attachment":[{"href":"https:\/\/staging.nbg.eu\/pl\/wp-json\/wp\/v2\/media?parent=52945"}],"wp:term":[{"taxonomy":"product_brand","embeddable":true,"href":"https:\/\/staging.nbg.eu\/pl\/wp-json\/wp\/v2\/product_brand?post=52945"},{"taxonomy":"product_cat","embeddable":true,"href":"https:\/\/staging.nbg.eu\/pl\/wp-json\/wp\/v2\/product_cat?post=52945"},{"taxonomy":"product_tag","embeddable":true,"href":"https:\/\/staging.nbg.eu\/pl\/wp-json\/wp\/v2\/product_tag?post=52945"}],"curies":[{"name":"wp","href":"https:\/\/api.w.org\/{rel}","templated":true}]}}