{"id":529312,"date":"2025-09-02T20:21:32","date_gmt":"2025-09-02T17:21:32","guid":{"rendered":"https:\/\/staging.nbg.eu\/product\/magpul-gl-enhanced-magazine-well-for-glock-19-gen-4-mag950\/"},"modified":"2025-09-26T12:32:15","modified_gmt":"2025-09-26T09:32:15","slug":"magpul-ulepszone-gniazdo-magazynka-gl-dla-glock-19-gen-4-mag950","status":"publish","type":"product","link":"https:\/\/staging.nbg.eu\/pl\/produkt\/magpul-ulepszone-gniazdo-magazynka-gl-dla-glock-19-gen-4-mag950\/","title":{"rendered":"Magpul &#8211; Ulepszone Gniazdo Magazynka GL dla GLOCK\u00ae 19 GEN 4 &#8211; MAG950"},"content":{"rendered":"<h2>Magpul GL Rozszerzona Studzienka Magazynka do GLOCK\u00ae 19 Gen4 &#8211; MAG950<\/h2>\n<p>Studzienka magazynka Magpul do GLOCK 19 Gen4. Zaprojektowana do szybkiego wk\u0142adania i wyjmowania magazynka. G\u0142\u00f3wne cechy:<\/p>\n<ul>\n<li>Kompaktowa konstrukcja<\/li>\n<li>Dostosowana do standardowych magazynk\u00f3w GLOCK i Magpul GL9\u00ae PMAG\u00ae<\/li>\n<li>G\u0142adka rampa i kraw\u0119dzie u\u0142atwiaj\u0105ce obs\u0142ug\u0119 magazynka<\/li>\n<li>Wyprodukowano w USA<\/li>\n<\/ul>\n<p><strong>Uwaga:<\/strong> Niekompatybilna z modularnymi nak\u0142adkami na chwyty GLOCK i niekt\u00f3rymi magazynkami o zmniejszonej pojemno\u015bci. Zalecany profesjonalny monta\u017c w przypadku ciasnego dopasowania.<\/p>\n","protected":false},"excerpt":{"rendered":"<p>Usprawnij wprowadzanie magazynka w GLOCK 19 Gen4 dzi\u0119ki eleganckiemu lejkowi magazynka od Magpul.<\/p>\n","protected":false},"featured_media":491127,"template":"","meta":{"_acf_changed":false},"product_brand":[11417,11554],"product_cat":[12624,12580],"product_tag":[],"class_list":{"0":"post-529312","1":"product","2":"type-product","3":"status-publish","4":"has-post-thumbnail","6":"product_brand-glock","7":"product_brand-magpul","8":"product_cat-czesci-do-pistoletu","9":"product_cat-pistolet","11":"first","12":"instock","13":"taxable","14":"shipping-taxable","15":"purchasable","16":"product-type-simple"},"acf":[],"_links":{"self":[{"href":"https:\/\/staging.nbg.eu\/pl\/wp-json\/wp\/v2\/product\/529312","targetHints":{"allow":["GET"]}}],"collection":[{"href":"https:\/\/staging.nbg.eu\/pl\/wp-json\/wp\/v2\/product"}],"about":[{"href":"https:\/\/staging.nbg.eu\/pl\/wp-json\/wp\/v2\/types\/product"}],"wp:featuredmedia":[{"embeddable":true,"href":"https:\/\/staging.nbg.eu\/pl\/wp-json\/wp\/v2\/media\/491127"}],"wp:attachment":[{"href":"https:\/\/staging.nbg.eu\/pl\/wp-json\/wp\/v2\/media?parent=529312"}],"wp:term":[{"taxonomy":"product_brand","embeddable":true,"href":"https:\/\/staging.nbg.eu\/pl\/wp-json\/wp\/v2\/product_brand?post=529312"},{"taxonomy":"product_cat","embeddable":true,"href":"https:\/\/staging.nbg.eu\/pl\/wp-json\/wp\/v2\/product_cat?post=529312"},{"taxonomy":"product_tag","embeddable":true,"href":"https:\/\/staging.nbg.eu\/pl\/wp-json\/wp\/v2\/product_tag?post=529312"}],"curies":[{"name":"wp","href":"https:\/\/api.w.org\/{rel}","templated":true}]}}