{"id":52830,"date":"2024-03-11T05:07:53","date_gmt":"2024-03-11T05:07:53","guid":{"rendered":"https:\/\/staging.nbg.eu\/product\/bore-tech-alloy-shotgun-stix-36\/"},"modified":"2024-09-13T11:36:56","modified_gmt":"2024-09-13T11:36:56","slug":"bore-tech-alloy-shotgun-stix-36","status":"publish","type":"product","link":"https:\/\/staging.nbg.eu\/pl\/produkt\/bore-tech-alloy-shotgun-stix-36\/","title":{"rendered":"Bore Tech Alloy Shotgun Stix 36&#8243;"},"content":{"rendered":"<p>\nCechy Bore Tech Alloy Shotgun Stix 36&#8243;:<\/p>\n<ul>\n<li>Ergonomiczny uchwyt z bezpiecznym dla lufy, wytrzyma\u0142ym pr\u0119tem ze stopu lotniczego<\/li>\n<li>Sztywno\u015b\u0107 odpowiednia dla strzelb kalibru od 410 do 10<\/li>\n<li>36-calowa d\u0142ugo\u015b\u0107 robocza (konfiguracja jednocz\u0119\u015bciowa)<\/li>\n<li>Zako\u0144czenie \u017ce\u0144skie ze standardowym gwintem 5\/16-27<\/li>\n<li>Kompatybilny z ko\u0144c\u00f3wkami do \u0142at i br\u0105zowymi szczotkami do lufy<\/li>\n<\/ul>\n<p>Ten trwa\u0142y i uniwersalny wycior zapewnia wysok\u0105 skuteczno\u015b\u0107 czyszczenia.<\/p>\n","protected":false},"excerpt":{"rendered":"<p>Sztywny pr\u0119t ze stopu o d\u0142ugo\u015bci 36 cali do strzelb kaliber 410-10. Ergonomiczny uchwyt.<\/p>\n","protected":false},"featured_media":52831,"template":"","meta":{"_acf_changed":false},"product_brand":[],"product_cat":[12604,12563,12629],"product_tag":[],"class_list":{"0":"post-52830","1":"product","2":"type-product","3":"status-publish","4":"has-post-thumbnail","6":"product_cat-czyszczenie-broni","7":"product_cat-przepychacze","10":"first","11":"outofstock","12":"taxable","13":"shipping-taxable","14":"purchasable","15":"product-type-simple"},"acf":[],"_links":{"self":[{"href":"https:\/\/staging.nbg.eu\/pl\/wp-json\/wp\/v2\/product\/52830","targetHints":{"allow":["GET"]}}],"collection":[{"href":"https:\/\/staging.nbg.eu\/pl\/wp-json\/wp\/v2\/product"}],"about":[{"href":"https:\/\/staging.nbg.eu\/pl\/wp-json\/wp\/v2\/types\/product"}],"wp:featuredmedia":[{"embeddable":true,"href":"https:\/\/staging.nbg.eu\/pl\/wp-json\/wp\/v2\/media\/52831"}],"wp:attachment":[{"href":"https:\/\/staging.nbg.eu\/pl\/wp-json\/wp\/v2\/media?parent=52830"}],"wp:term":[{"taxonomy":"product_brand","embeddable":true,"href":"https:\/\/staging.nbg.eu\/pl\/wp-json\/wp\/v2\/product_brand?post=52830"},{"taxonomy":"product_cat","embeddable":true,"href":"https:\/\/staging.nbg.eu\/pl\/wp-json\/wp\/v2\/product_cat?post=52830"},{"taxonomy":"product_tag","embeddable":true,"href":"https:\/\/staging.nbg.eu\/pl\/wp-json\/wp\/v2\/product_tag?post=52830"}],"curies":[{"name":"wp","href":"https:\/\/api.w.org\/{rel}","templated":true}]}}