{"id":527845,"date":"2025-09-02T20:21:10","date_gmt":"2025-09-02T17:21:10","guid":{"rendered":"https:\/\/staging.nbg.eu\/product\/strike-industries-g5-magwell-for-glock-17-22-31-34-35-45-gen5-si-g5-magwell-17\/"},"modified":"2025-09-25T22:34:51","modified_gmt":"2025-09-25T19:34:51","slug":"strike-industries-lejek-magazynka-g5-do-glock-172231343545-gen5-si-g5-magwell-17","status":"publish","type":"product","link":"https:\/\/staging.nbg.eu\/pl\/produkt\/strike-industries-lejek-magazynka-g5-do-glock-172231343545-gen5-si-g5-magwell-17\/","title":{"rendered":"Strike Industries &#8211; Lejek Magazynka G5 do Glock 17\/22\/31\/34\/35\/45 Gen5 &#8211; SI-G5-MAGWELL-17"},"content":{"rendered":"<div class=\"product-description\">\n<h2>Strike Industries G5 MagWell do Glock 17\/22\/31\/34\/35\/45 Gen5<\/h2>\n<p>Strike Industries G5 MagWell do Glock Gen5. U\u0142atwia prze\u0142adowanie magazynka, nie zmieniaj\u0105c smuk\u0142o\u015bci chwytu pistoletu.<\/p>\n<ul>\n<li>Kompatybilny z modelami Glock G17\/G22\/G31\/G34\/G35\/G45 Gen5<\/li>\n<li>Rozszerzona konstrukcja dla \u0142atwiejszego wk\u0142adania magazynka<\/li>\n<li>Lekka (11,3 g) i wytrzyma\u0142a konstrukcja z polimeru<\/li>\n<li>\u0141atwa instalacja z do\u0142\u0105czon\u0105 \u015brub\u0105 ustalaj\u0105c\u0105 M4 i kluczem imbusowym 2,5mm<\/li>\n<li>Wymiary: 61,72mm (D) x 37,34mm (S) x 23,11mm (W)<\/li>\n<\/ul>\n<p>Poprawia szybko\u015b\u0107 i konsystencj\u0119 prze\u0142adowania. Kompatybilny z wi\u0119kszo\u015bci\u0105 podstawek i przed\u0142u\u017ce\u0144 magazynk\u00f3w. Pasuje do Strike EMP.<\/p>\n<p><strong>Uwaga:<\/strong> Nie dokr\u0119ca\u0107 zbyt mocno \u015bruby ustalaj\u0105cej podczas instalacji, aby unikn\u0105\u0107 nieprawid\u0142owego ustawienia lub uszkodzenia.<\/p>\n<\/div>\n","protected":false},"excerpt":{"rendered":"<p>Usprawnij prze\u0142adowania Glocka Gen5 dzi\u0119ki eleganckiemu lejkowi magazynka od Strike Industries.<\/p>\n","protected":false},"featured_media":490781,"template":"","meta":{"_acf_changed":false},"product_brand":[11417,11554],"product_cat":[12624,12580],"product_tag":[],"class_list":{"0":"post-527845","1":"product","2":"type-product","3":"status-publish","4":"has-post-thumbnail","6":"product_brand-glock","7":"product_brand-magpul","8":"product_cat-czesci-do-pistoletu","9":"product_cat-pistolet","11":"first","12":"instock","13":"taxable","14":"shipping-taxable","15":"purchasable","16":"product-type-simple"},"acf":[],"_links":{"self":[{"href":"https:\/\/staging.nbg.eu\/pl\/wp-json\/wp\/v2\/product\/527845","targetHints":{"allow":["GET"]}}],"collection":[{"href":"https:\/\/staging.nbg.eu\/pl\/wp-json\/wp\/v2\/product"}],"about":[{"href":"https:\/\/staging.nbg.eu\/pl\/wp-json\/wp\/v2\/types\/product"}],"wp:featuredmedia":[{"embeddable":true,"href":"https:\/\/staging.nbg.eu\/pl\/wp-json\/wp\/v2\/media\/490781"}],"wp:attachment":[{"href":"https:\/\/staging.nbg.eu\/pl\/wp-json\/wp\/v2\/media?parent=527845"}],"wp:term":[{"taxonomy":"product_brand","embeddable":true,"href":"https:\/\/staging.nbg.eu\/pl\/wp-json\/wp\/v2\/product_brand?post=527845"},{"taxonomy":"product_cat","embeddable":true,"href":"https:\/\/staging.nbg.eu\/pl\/wp-json\/wp\/v2\/product_cat?post=527845"},{"taxonomy":"product_tag","embeddable":true,"href":"https:\/\/staging.nbg.eu\/pl\/wp-json\/wp\/v2\/product_tag?post=527845"}],"curies":[{"name":"wp","href":"https:\/\/api.w.org\/{rel}","templated":true}]}}