{"id":527629,"date":"2025-09-02T20:20:53","date_gmt":"2025-09-02T17:20:53","guid":{"rendered":"https:\/\/staging.nbg.eu\/product\/strike-industries-ak-rear-sight-rail-black-si-akrr\/"},"modified":"2025-09-25T22:27:31","modified_gmt":"2025-09-25T19:27:31","slug":"strike-industries-szyna-muszki-tylnej-ak-czarna-si-akrr","status":"publish","type":"product","link":"https:\/\/staging.nbg.eu\/pl\/produkt\/strike-industries-szyna-muszki-tylnej-ak-czarna-si-akrr\/","title":{"rendered":"Strike Industries &#8211; Szyna Muszki Tylnej AK &#8211; Czarna &#8211; SI-AKRR"},"content":{"rendered":"<div class=\"product-description\">\n<h2>Strike Industries &#8211; Szyna celownika tylnego do AK &#8211; Czarna &#8211; SI-AKRR<\/h2>\n<p>Ulepszenie dla karabin\u00f3w rodziny AK. Ta szyna oferuje:<\/p>\n<ul>\n<li>Mocowanie zgodne ze standardem Picatinny dla optyki o niskim profilu<\/li>\n<li>Konstrukcja z aluminium lotniczego 6061<\/li>\n<li>Podw\u00f3jna funkcjonalno\u015b\u0107 jako standardowy celownik karabinowy<\/li>\n<li>Mo\u017cliwo\u015b\u0107 regulacji w pionie i poziomie<\/li>\n<li>Lekka konstrukcja o wadze 38g<\/li>\n<\/ul>\n<p>O d\u0142ugo\u015bci 99,7mm i szeroko\u015bci 21mm, ta czarna szyna zast\u0119puje tylny celownik AK. Posiada boczne wg\u0142\u0119bienia do malowania i zachowuje odpowiedni prze\u015bwit do u\u017cycia mechanicznych przyrz\u0105d\u00f3w celowniczych, gdy nie jest zamontowana optyka.<\/p>\n<p>Dodatek do konfiguracji karabinu, zwi\u0119kszaj\u0105cy jego wszechstronno\u015b\u0107 i celno\u015b\u0107.<\/p>\n<\/div>\n","protected":false},"excerpt":{"rendered":"<p>Szyna monta\u017cowa do celownika tylnego AK do optyki. Wytrzyma\u0142e aluminium, kompatybilna z szyn\u0105 Picatinny.<\/p>\n","protected":false},"featured_media":490597,"template":"","meta":{"_acf_changed":false},"product_brand":[],"product_cat":[12557],"product_tag":[],"class_list":{"0":"post-527629","1":"product","2":"type-product","3":"status-publish","4":"has-post-thumbnail","6":"product_cat-tuning-ak","8":"first","9":"instock","10":"taxable","11":"shipping-taxable","12":"purchasable","13":"product-type-simple"},"acf":[],"_links":{"self":[{"href":"https:\/\/staging.nbg.eu\/pl\/wp-json\/wp\/v2\/product\/527629","targetHints":{"allow":["GET"]}}],"collection":[{"href":"https:\/\/staging.nbg.eu\/pl\/wp-json\/wp\/v2\/product"}],"about":[{"href":"https:\/\/staging.nbg.eu\/pl\/wp-json\/wp\/v2\/types\/product"}],"wp:featuredmedia":[{"embeddable":true,"href":"https:\/\/staging.nbg.eu\/pl\/wp-json\/wp\/v2\/media\/490597"}],"wp:attachment":[{"href":"https:\/\/staging.nbg.eu\/pl\/wp-json\/wp\/v2\/media?parent=527629"}],"wp:term":[{"taxonomy":"product_brand","embeddable":true,"href":"https:\/\/staging.nbg.eu\/pl\/wp-json\/wp\/v2\/product_brand?post=527629"},{"taxonomy":"product_cat","embeddable":true,"href":"https:\/\/staging.nbg.eu\/pl\/wp-json\/wp\/v2\/product_cat?post=527629"},{"taxonomy":"product_tag","embeddable":true,"href":"https:\/\/staging.nbg.eu\/pl\/wp-json\/wp\/v2\/product_tag?post=527629"}],"curies":[{"name":"wp","href":"https:\/\/api.w.org\/{rel}","templated":true}]}}