{"id":527026,"date":"2025-08-25T00:18:45","date_gmt":"2025-08-24T21:18:45","guid":{"rendered":"https:\/\/staging.nbg.eu\/product\/ftcs-enlarged-magazine-catch-with-shelf-ak-platform-no-16\/"},"modified":"2025-09-25T22:06:01","modified_gmt":"2025-09-25T19:06:01","slug":"ftcs-powiekszony-zatrzask-magazynka-z-polka-platforma-ak-nr16","status":"publish","type":"product","link":"https:\/\/staging.nbg.eu\/pl\/produkt\/ftcs-powiekszony-zatrzask-magazynka-z-polka-platforma-ak-nr16\/","title":{"rendered":"FTCS &#8211; Powi\u0119kszony Zatrzask Magazynka z P\u00f3\u0142k\u0105 &#8211; Platforma AK &#8211; Nr.16"},"content":{"rendered":"<div class=\"product-description\">\n<h2>FTCS &#8211; Powi\u0119kszony zaczep magazynka z p\u00f3\u0142k\u0105 &#8211; platforma AK &#8211; Nr 16<\/h2>\n<p>Powi\u0119kszony zaczep magazynka z p\u00f3\u0142k\u0105 do szybkiego zwalniania magazynka palcem wskazuj\u0105cym dla karabin\u00f3w platformy AK. Wykonany ze stali, wyko\u0144czony pow\u0142ok\u0105 Cerakote w kolorze grafitowym czarnym H-146.<\/p>\n<h2>G\u0142\u00f3wne cechy:<\/h2>\n<ul>\n<li>Kompatybilny z wi\u0119kszo\u015bci\u0105 broni typu AK\/AKM\/AK-74<\/li>\n<li>Konstrukcja stalowa<\/li>\n<li>Powi\u0119kszony projekt<\/li>\n<li>Dodatkowa p\u00f3\u0142ka do zwalniania magazynka palcem wskazuj\u0105cym<\/li>\n<\/ul>\n<h2>Specyfikacja techniczna:<\/h2>\n<ul>\n<li>Wymiary: 55 x 52 x 21 mm<\/li>\n<li>Waga: 20 g<\/li>\n<li>Wyko\u0144czenie: Cerakote grafitowy czarny H-146<\/li>\n<\/ul>\n<p>FTCS Powi\u0119kszony zaczep magazynka z p\u00f3\u0142k\u0105 &#8211; Nr 16 dla karabin\u00f3w platformy AK.<\/p>\n<\/div>\n","protected":false},"excerpt":{"rendered":"<p>Ulepszone zwalnianie magazynka z p\u00f3\u0142k\u0105 na palec dla platformy AK. Stalowe, czarne.<\/p>\n","protected":false},"featured_media":481349,"template":"","meta":{"_acf_changed":false},"product_brand":[11320],"product_cat":[12623,12557,12572],"product_tag":[],"class_list":{"0":"post-527026","1":"product","2":"type-product","3":"status-publish","4":"has-post-thumbnail","6":"product_brand-ftcs","7":"product_cat-karabin","8":"product_cat-tuning-ak","9":"product_cat-tuning-karabinowy","11":"first","12":"instock","13":"taxable","14":"shipping-taxable","15":"purchasable","16":"product-type-simple"},"acf":[],"_links":{"self":[{"href":"https:\/\/staging.nbg.eu\/pl\/wp-json\/wp\/v2\/product\/527026","targetHints":{"allow":["GET"]}}],"collection":[{"href":"https:\/\/staging.nbg.eu\/pl\/wp-json\/wp\/v2\/product"}],"about":[{"href":"https:\/\/staging.nbg.eu\/pl\/wp-json\/wp\/v2\/types\/product"}],"wp:featuredmedia":[{"embeddable":true,"href":"https:\/\/staging.nbg.eu\/pl\/wp-json\/wp\/v2\/media\/481349"}],"wp:attachment":[{"href":"https:\/\/staging.nbg.eu\/pl\/wp-json\/wp\/v2\/media?parent=527026"}],"wp:term":[{"taxonomy":"product_brand","embeddable":true,"href":"https:\/\/staging.nbg.eu\/pl\/wp-json\/wp\/v2\/product_brand?post=527026"},{"taxonomy":"product_cat","embeddable":true,"href":"https:\/\/staging.nbg.eu\/pl\/wp-json\/wp\/v2\/product_cat?post=527026"},{"taxonomy":"product_tag","embeddable":true,"href":"https:\/\/staging.nbg.eu\/pl\/wp-json\/wp\/v2\/product_tag?post=527026"}],"curies":[{"name":"wp","href":"https:\/\/api.w.org\/{rel}","templated":true}]}}