{"id":52594,"date":"2024-03-12T18:05:32","date_gmt":"2024-09-13T11:33:25","guid":{"rendered":"https:\/\/staging.nbg.eu\/product\/bore-tech-x-count-patches-multiple-sizes\/"},"modified":"2024-09-13T11:34:39","modified_gmt":"2024-09-13T11:34:39","slug":"bore-tech-platki-x-count-wiele-rozmiarow","status":"publish","type":"product","link":"https:\/\/staging.nbg.eu\/pl\/produkt\/bore-tech-platki-x-count-wiele-rozmiarow\/","title":{"rendered":"Bore Tech P\u0142atki X-Count (Wiele Rozmiar\u00f3w)"},"content":{"rendered":"<p>\u0141atki Bore Tech X-Count\u2122: Cechy:<\/p>\n<ul>\n<li>100% bawe\u0142niana flanela<\/li>\n<li>Podw\u00f3jnie drapany materia\u0142, niepostrz\u0119piaj\u0105cy si\u0119<\/li>\n<li>Skuteczne czyszczenie<\/li>\n<li>Dobre wch\u0142anianie rozpuszczalnika<\/li>\n<li>Wyprodukowane w USA<\/li>\n<li>Odpowiednie dla r\u00f3\u017cnych typ\u00f3w broni i kalibr\u00f3w<\/li>\n<li>Dostarczane w zamykanym opakowaniu z mo\u017cliwo\u015bci\u0105 zawieszenia<\/li>\n<\/ul>\n","protected":false},"excerpt":{"rendered":"<p>Wysokiej jako\u015bci bawe\u0142niane \u015bciereczki do czyszczenia broni, r\u00f3\u017cne rozmiary. Wyprodukowane w USA.<\/p>\n","protected":false},"featured_media":52595,"template":"","meta":{"_acf_changed":false},"product_brand":[11165],"product_cat":[12604,12630],"product_tag":[],"class_list":{"0":"post-52594","1":"product","2":"type-product","3":"status-publish","4":"has-post-thumbnail","6":"product_brand-boretech","7":"product_cat-czyszczenie-broni","8":"product_cat-patche","10":"first","11":"instock","12":"taxable","13":"shipping-taxable","14":"purchasable","15":"product-type-variable","16":"wvs-archive-product-wrapper"},"acf":[],"_links":{"self":[{"href":"https:\/\/staging.nbg.eu\/pl\/wp-json\/wp\/v2\/product\/52594","targetHints":{"allow":["GET"]}}],"collection":[{"href":"https:\/\/staging.nbg.eu\/pl\/wp-json\/wp\/v2\/product"}],"about":[{"href":"https:\/\/staging.nbg.eu\/pl\/wp-json\/wp\/v2\/types\/product"}],"wp:featuredmedia":[{"embeddable":true,"href":"https:\/\/staging.nbg.eu\/pl\/wp-json\/wp\/v2\/media\/52595"}],"wp:attachment":[{"href":"https:\/\/staging.nbg.eu\/pl\/wp-json\/wp\/v2\/media?parent=52594"}],"wp:term":[{"taxonomy":"product_brand","embeddable":true,"href":"https:\/\/staging.nbg.eu\/pl\/wp-json\/wp\/v2\/product_brand?post=52594"},{"taxonomy":"product_cat","embeddable":true,"href":"https:\/\/staging.nbg.eu\/pl\/wp-json\/wp\/v2\/product_cat?post=52594"},{"taxonomy":"product_tag","embeddable":true,"href":"https:\/\/staging.nbg.eu\/pl\/wp-json\/wp\/v2\/product_tag?post=52594"}],"curies":[{"name":"wp","href":"https:\/\/api.w.org\/{rel}","templated":true}]}}