{"id":51982,"date":"2024-03-12T19:14:59","date_gmt":"2024-09-13T11:27:32","guid":{"rendered":"https:\/\/staging.nbg.eu\/product\/bore-tech-cu2-copper-remover\/"},"modified":"2024-09-13T11:28:31","modified_gmt":"2024-09-13T11:28:31","slug":"bore-tech-cu2-usuwacz-miedzi","status":"publish","type":"product","link":"https:\/\/staging.nbg.eu\/pl\/produkt\/bore-tech-cu2-usuwacz-miedzi\/","title":{"rendered":"Bore Tech CU+2 Usuwacz Miedzi"},"content":{"rendered":"<div class=\"product-description\">\n<h2>Bore Tech CU+2 \u015arodek do usuwania miedzi<\/h2>\n<p>\u015arodek do usuwania nagaru miedzianego z opatentowan\u0105 formu\u0142\u0105 Cu+2. Ta formu\u0142a jest skuteczniejsza ni\u017c tradycyjne rozpuszczalniki na bazie amoniaku i oferuje:<\/p>\n<ul>\n<li>100% bezpieczny dla lufy i bez amoniaku<\/li>\n<li>Bezzapachowy i biodegradowalny<\/li>\n<li>Szybkie i ca\u0142kowite usuwanie miedzi<\/li>\n<li>Dwuetapowy proces czyszczenia<\/li>\n<li>Kr\u00f3tkotrwa\u0142a ochrona przed rdz\u0105<\/li>\n<\/ul>\n<p>\u015arodek do konserwacji broni palnej, bezpieczny i \u0142atwy w u\u017cyciu.<\/p>\n<\/div>\n","protected":false},"excerpt":{"rendered":"<p>Opatentowany \u015brodek do usuwania miedzi, niezawieraj\u0105cy amoniaku. Szybko dzia\u0142aj\u0105cy, bezpieczny dla lufy i bezzapachowy.<\/p>\n","protected":false},"featured_media":51983,"template":"","meta":{"_acf_changed":false},"product_brand":[11165],"product_cat":[12604,12618],"product_tag":[],"class_list":{"0":"post-51982","1":"product","2":"type-product","3":"status-publish","4":"has-post-thumbnail","6":"product_brand-boretech","7":"product_cat-czyszczenie-broni","8":"product_cat-srodki-czyszczace","10":"first","11":"instock","12":"taxable","13":"shipping-taxable","14":"purchasable","15":"product-type-variable","16":"wvs-archive-product-wrapper"},"acf":[],"_links":{"self":[{"href":"https:\/\/staging.nbg.eu\/pl\/wp-json\/wp\/v2\/product\/51982","targetHints":{"allow":["GET"]}}],"collection":[{"href":"https:\/\/staging.nbg.eu\/pl\/wp-json\/wp\/v2\/product"}],"about":[{"href":"https:\/\/staging.nbg.eu\/pl\/wp-json\/wp\/v2\/types\/product"}],"wp:featuredmedia":[{"embeddable":true,"href":"https:\/\/staging.nbg.eu\/pl\/wp-json\/wp\/v2\/media\/51983"}],"wp:attachment":[{"href":"https:\/\/staging.nbg.eu\/pl\/wp-json\/wp\/v2\/media?parent=51982"}],"wp:term":[{"taxonomy":"product_brand","embeddable":true,"href":"https:\/\/staging.nbg.eu\/pl\/wp-json\/wp\/v2\/product_brand?post=51982"},{"taxonomy":"product_cat","embeddable":true,"href":"https:\/\/staging.nbg.eu\/pl\/wp-json\/wp\/v2\/product_cat?post=51982"},{"taxonomy":"product_tag","embeddable":true,"href":"https:\/\/staging.nbg.eu\/pl\/wp-json\/wp\/v2\/product_tag?post=51982"}],"curies":[{"name":"wp","href":"https:\/\/api.w.org\/{rel}","templated":true}]}}