{"id":51820,"date":"2024-03-13T05:48:23","date_gmt":"2024-03-13T05:48:23","guid":{"rendered":"https:\/\/staging.nbg.eu\/product\/bore-tech-c4-carbon-remover-4-oz\/"},"modified":"2024-09-13T10:07:57","modified_gmt":"2024-09-13T10:07:57","slug":"bore-tech-c4-usuwacz-osadu-weglowego-4-oz","status":"publish","type":"product","link":"https:\/\/staging.nbg.eu\/pl\/produkt\/bore-tech-c4-usuwacz-osadu-weglowego-4-oz\/","title":{"rendered":"Bore Tech C4 Usuwacz Osadu W\u0119glowego &#8211; 4 Oz"},"content":{"rendered":"<div class=\"product-description\">\n<h2>Bore Tech C4 \u015arodek do usuwania nagaru w\u0119glowego &#8211; 118 ml<\/h2>\n<p>Bore Tech C4 to \u015brodek do usuwania nagaru w\u0119glowego. Ta formu\u0142a usuwa silne zanieczyszczenia w\u0119glowe bez zagro\u017ce\u0144, toksyczno\u015bci lub zapach\u00f3w obecnych w innych \u015brodkach czyszcz\u0105cych. Jest bezpieczny dla luf, nietoksyczny i nie zawiera amoniaku. Nadaje si\u0119 do czyszczenia luf, no\u015bnik\u00f3w zamka i innych element\u00f3w.<\/p>\n<\/div>\n","protected":false},"excerpt":{"rendered":"<p>Silny, bezpieczny \u015brodek do usuwania nagaru z broni palnej. Szybki i skuteczny.<\/p>\n","protected":false},"featured_media":51821,"template":"","meta":{"_acf_changed":false},"product_brand":[11165],"product_cat":[12604,12618],"product_tag":[],"class_list":{"0":"post-51820","1":"product","2":"type-product","3":"status-publish","4":"has-post-thumbnail","6":"product_brand-boretech","7":"product_cat-czyszczenie-broni","8":"product_cat-srodki-czyszczace","10":"first","11":"instock","12":"taxable","13":"shipping-taxable","14":"purchasable","15":"product-type-variable","16":"wvs-archive-product-wrapper"},"acf":[],"_links":{"self":[{"href":"https:\/\/staging.nbg.eu\/pl\/wp-json\/wp\/v2\/product\/51820","targetHints":{"allow":["GET"]}}],"collection":[{"href":"https:\/\/staging.nbg.eu\/pl\/wp-json\/wp\/v2\/product"}],"about":[{"href":"https:\/\/staging.nbg.eu\/pl\/wp-json\/wp\/v2\/types\/product"}],"wp:featuredmedia":[{"embeddable":true,"href":"https:\/\/staging.nbg.eu\/pl\/wp-json\/wp\/v2\/media\/51821"}],"wp:attachment":[{"href":"https:\/\/staging.nbg.eu\/pl\/wp-json\/wp\/v2\/media?parent=51820"}],"wp:term":[{"taxonomy":"product_brand","embeddable":true,"href":"https:\/\/staging.nbg.eu\/pl\/wp-json\/wp\/v2\/product_brand?post=51820"},{"taxonomy":"product_cat","embeddable":true,"href":"https:\/\/staging.nbg.eu\/pl\/wp-json\/wp\/v2\/product_cat?post=51820"},{"taxonomy":"product_tag","embeddable":true,"href":"https:\/\/staging.nbg.eu\/pl\/wp-json\/wp\/v2\/product_tag?post=51820"}],"curies":[{"name":"wp","href":"https:\/\/api.w.org\/{rel}","templated":true}]}}