{"id":51716,"date":"2024-03-14T09:15:35","date_gmt":"2024-09-13T10:05:11","guid":{"rendered":"https:\/\/staging.nbg.eu\/product\/boretech-nylon-chamber-brush-multiple-calibers\/"},"modified":"2024-09-13T10:06:07","modified_gmt":"2024-09-13T10:06:07","slug":"boretech-nylonowa-szczotka-do-komory-wiele-kalibrow","status":"publish","type":"product","link":"https:\/\/staging.nbg.eu\/pl\/produkt\/boretech-nylonowa-szczotka-do-komory-wiele-kalibrow\/","title":{"rendered":"BoreTech Nylonowa Szczotka do Komory (Wiele Kalibr\u00f3w)"},"content":{"rendered":"<div class=\"product-description\">\n<h2>Szczotka do komory BoreTech z nylonu (r\u00f3\u017cne kalibry)<\/h2>\n<p>Nylonowe szczotki do komory Bore Tech s\u0105 bezpieczne i skuteczne. Cechy tych szczotek:<\/p>\n<ul>\n<li>Kompatybilno\u015b\u0107 z \u015brodkami czyszcz\u0105cymi do usuwania miedzi<\/li>\n<li>Podw\u00f3jne dzia\u0142anie czyszcz\u0105ce dzi\u0119ki \u017c\u0142obionym w\u0142osom nylonowym<\/li>\n<li>\u015arednice w\u0142osia dostosowane do ka\u017cdego kalibru<\/li>\n<li>Rdze\u0144 szczotki bez mosi\u0105dzu, podw\u00f3jnie pleciony z p\u0119tl\u0105 na ko\u0144cu<\/li>\n<li>Aluminiowe trzpienie lotniczej jako\u015bci dla trwa\u0142o\u015bci<\/li>\n<\/ul>\n<p>Eliminuj\u0105 fa\u0142szywe wskazania zanieczyszczenia miedzi\u0105 i niebieskie plamy zwi\u0105zane ze szczotkami fosforowo-br\u0105zowymi. Dost\u0119pne w pojedynczych opakowaniach dla .223\/5.56mm AR-15 i .308\/7.62mm AR-10.<\/p>\n<p>Bore Tech umo\u017cliwia szybsze i bardziej efektywne czyszczenie komory bez nara\u017cania integralno\u015bci broni.<\/p>\n<\/div>\n","protected":false},"excerpt":{"rendered":"<p>Bezpieczna, trwa\u0142a nylonowa szczotka komorowa do efektywnego czyszczenia broni palnej.<\/p>\n","protected":false},"featured_media":51717,"template":"","meta":{"_acf_changed":false},"product_brand":[11165],"product_cat":[12604,12631],"product_tag":[],"class_list":{"0":"post-51716","1":"product","2":"type-product","3":"status-publish","4":"has-post-thumbnail","6":"product_brand-boretech","7":"product_cat-czyszczenie-broni","8":"product_cat-szczotki","9":"pa_model-ar-10-pl","10":"pa_model-ar-15-pl","12":"first","13":"instock","14":"taxable","15":"shipping-taxable","16":"purchasable","17":"product-type-variable","18":"wvs-archive-product-wrapper"},"acf":[],"_links":{"self":[{"href":"https:\/\/staging.nbg.eu\/pl\/wp-json\/wp\/v2\/product\/51716","targetHints":{"allow":["GET"]}}],"collection":[{"href":"https:\/\/staging.nbg.eu\/pl\/wp-json\/wp\/v2\/product"}],"about":[{"href":"https:\/\/staging.nbg.eu\/pl\/wp-json\/wp\/v2\/types\/product"}],"wp:featuredmedia":[{"embeddable":true,"href":"https:\/\/staging.nbg.eu\/pl\/wp-json\/wp\/v2\/media\/51717"}],"wp:attachment":[{"href":"https:\/\/staging.nbg.eu\/pl\/wp-json\/wp\/v2\/media?parent=51716"}],"wp:term":[{"taxonomy":"product_brand","embeddable":true,"href":"https:\/\/staging.nbg.eu\/pl\/wp-json\/wp\/v2\/product_brand?post=51716"},{"taxonomy":"product_cat","embeddable":true,"href":"https:\/\/staging.nbg.eu\/pl\/wp-json\/wp\/v2\/product_cat?post=51716"},{"taxonomy":"product_tag","embeddable":true,"href":"https:\/\/staging.nbg.eu\/pl\/wp-json\/wp\/v2\/product_tag?post=51716"}],"curies":[{"name":"wp","href":"https:\/\/api.w.org\/{rel}","templated":true}]}}