{"id":51563,"date":"2024-03-15T05:39:44","date_gmt":"2024-09-13T09:59:27","guid":{"rendered":"https:\/\/staging.nbg.eu\/product\/bore-tech-bullet-knock-out-set\/"},"modified":"2024-09-13T10:00:21","modified_gmt":"2024-09-13T10:00:21","slug":"bore-tech-zestaw-bullet-knock-out","status":"publish","type":"product","link":"https:\/\/staging.nbg.eu\/pl\/produkt\/bore-tech-zestaw-bullet-knock-out\/","title":{"rendered":"# Bore Tech Zestaw Bullet Knock-out"},"content":{"rendered":"<p><strong>Zestaw do wybijania pocisk\u00f3w Bore Tech<\/strong> to narz\u0119dzie dla strzelc\u00f3w. Ten kompaktowy zestaw zawiera 4 mosi\u0119\u017cne ko\u0144c\u00f3wki, zaprojektowane do bezpiecznego usuwania zaklinowanych pocisk\u00f3w lub \u0142usek bez uszkadzania wycior\u00f3w. Jest kompatybilny z karabinami i pistoletami od kalibru .17 do .50. Przydatny w zestawie do czyszczenia broni.<\/p>\n","protected":false},"excerpt":{"rendered":"<p>Niezb\u0119dne narz\u0119dzie do usuwania zaklinowanych pocisk\u00f3w. 4 mosi\u0119\u017cne ko\u0144c\u00f3wki, kaliber .17-.50.<\/p>\n","protected":false},"featured_media":51564,"template":"","meta":{"_acf_changed":false},"product_brand":[11165],"product_cat":[12604,12631],"product_tag":[],"class_list":{"0":"post-51563","1":"product","2":"type-product","3":"status-publish","4":"has-post-thumbnail","6":"product_brand-boretech","7":"product_cat-czyszczenie-broni","8":"product_cat-szczotki","10":"first","11":"instock","12":"taxable","13":"shipping-taxable","14":"purchasable","15":"product-type-simple"},"acf":[],"_links":{"self":[{"href":"https:\/\/staging.nbg.eu\/pl\/wp-json\/wp\/v2\/product\/51563","targetHints":{"allow":["GET"]}}],"collection":[{"href":"https:\/\/staging.nbg.eu\/pl\/wp-json\/wp\/v2\/product"}],"about":[{"href":"https:\/\/staging.nbg.eu\/pl\/wp-json\/wp\/v2\/types\/product"}],"wp:featuredmedia":[{"embeddable":true,"href":"https:\/\/staging.nbg.eu\/pl\/wp-json\/wp\/v2\/media\/51564"}],"wp:attachment":[{"href":"https:\/\/staging.nbg.eu\/pl\/wp-json\/wp\/v2\/media?parent=51563"}],"wp:term":[{"taxonomy":"product_brand","embeddable":true,"href":"https:\/\/staging.nbg.eu\/pl\/wp-json\/wp\/v2\/product_brand?post=51563"},{"taxonomy":"product_cat","embeddable":true,"href":"https:\/\/staging.nbg.eu\/pl\/wp-json\/wp\/v2\/product_cat?post=51563"},{"taxonomy":"product_tag","embeddable":true,"href":"https:\/\/staging.nbg.eu\/pl\/wp-json\/wp\/v2\/product_tag?post=51563"}],"curies":[{"name":"wp","href":"https:\/\/api.w.org\/{rel}","templated":true}]}}