{"id":51475,"date":"2024-03-15T06:18:52","date_gmt":"2024-09-13T09:57:09","guid":{"rendered":"https:\/\/staging.nbg.eu\/product\/bore-tech-chameleon-gel-2-oz-tube\/"},"modified":"2024-09-13T09:58:07","modified_gmt":"2024-09-13T09:58:07","slug":"zel-bore-tech-chameleon-tuba-2-uncje","status":"publish","type":"product","link":"https:\/\/staging.nbg.eu\/pl\/produkt\/zel-bore-tech-chameleon-tuba-2-uncje\/","title":{"rendered":"\u017bel Bore Tech Chameleon (tuba 2 uncje)"},"content":{"rendered":"<h2>Bore Tech Chameleon Gel (Tubka 2 uncje)<\/h2>\n<p>Bore Tech Chameleon Gel\u2122 to opatentowany \u015brodek czyszcz\u0105cy i poleruj\u0105cy do broni palnej. \u017bel usuwa zanieczyszczenia z w\u0119gla, miedzi, o\u0142owiu i molibdenu, pozostawiaj\u0105c luf\u0119 czyst\u0105.<\/p>\n<ul>\n<li>Bezzapachowy i biodegradowalny<\/li>\n<li>Bezpieczny dla wszystkich rodzaj\u00f3w luf<\/li>\n<li>Nie wymaga mieszania<\/li>\n<li>Formu\u0142a \u017celowa<\/li>\n<li>Technologia wskazuj\u0105ca kolor dla dok\u0142adnego czyszczenia<\/li>\n<\/ul>\n<p>Formu\u0142a Chameleon Gel zmienia kolor, wskazuj\u0105c rodzaj zanieczyszczenia:<\/p>\n<p>Niebieski\/Zielony: Mied\u017a<\/p>\n<p>Czarny: W\u0119giel<\/p>\n<p>Szary: O\u0142\u00f3w\/Molibden<\/p>\n<p>Bia\u0142y: Czysta lufa<\/p>\n<p>Utrzymuj sprawno\u015b\u0107 swojej broni palnej dzi\u0119ki temu \u015brodkowi czyszcz\u0105cemu. Dost\u0119pny w tubce 2 uncje.<\/p>\n","protected":false},"excerpt":{"rendered":"<p>\u017bel czyszcz\u0105cy zmieniaj\u0105cy kolor usuwa zanieczyszczenia z luf broni.<\/p>\n","protected":false},"featured_media":51476,"template":"","meta":{"_acf_changed":false},"product_brand":[11165],"product_cat":[12604,12618],"product_tag":[],"class_list":{"0":"post-51475","1":"product","2":"type-product","3":"status-publish","4":"has-post-thumbnail","6":"product_brand-boretech","7":"product_cat-czyszczenie-broni","8":"product_cat-srodki-czyszczace","10":"first","11":"instock","12":"taxable","13":"shipping-taxable","14":"purchasable","15":"product-type-simple"},"acf":[],"_links":{"self":[{"href":"https:\/\/staging.nbg.eu\/pl\/wp-json\/wp\/v2\/product\/51475","targetHints":{"allow":["GET"]}}],"collection":[{"href":"https:\/\/staging.nbg.eu\/pl\/wp-json\/wp\/v2\/product"}],"about":[{"href":"https:\/\/staging.nbg.eu\/pl\/wp-json\/wp\/v2\/types\/product"}],"wp:featuredmedia":[{"embeddable":true,"href":"https:\/\/staging.nbg.eu\/pl\/wp-json\/wp\/v2\/media\/51476"}],"wp:attachment":[{"href":"https:\/\/staging.nbg.eu\/pl\/wp-json\/wp\/v2\/media?parent=51475"}],"wp:term":[{"taxonomy":"product_brand","embeddable":true,"href":"https:\/\/staging.nbg.eu\/pl\/wp-json\/wp\/v2\/product_brand?post=51475"},{"taxonomy":"product_cat","embeddable":true,"href":"https:\/\/staging.nbg.eu\/pl\/wp-json\/wp\/v2\/product_cat?post=51475"},{"taxonomy":"product_tag","embeddable":true,"href":"https:\/\/staging.nbg.eu\/pl\/wp-json\/wp\/v2\/product_tag?post=51475"}],"curies":[{"name":"wp","href":"https:\/\/api.w.org\/{rel}","templated":true}]}}