{"id":51427,"date":"2024-03-15T07:11:12","date_gmt":"2024-09-13T09:53:24","guid":{"rendered":"https:\/\/staging.nbg.eu\/product\/bore-tech-shield-xp-rust-preventive\/"},"modified":"2024-09-13T09:54:23","modified_gmt":"2024-09-13T09:54:23","slug":"srodek-antykorozyjny-bore-tech-shield-xp","status":"publish","type":"product","link":"https:\/\/staging.nbg.eu\/pl\/produkt\/srodek-antykorozyjny-bore-tech-shield-xp\/","title":{"rendered":"\u015arodek antykorozyjny Bore Tech Shield XP"},"content":{"rendered":"<h2>Bore Tech Shield XP \u015arodek Zapobiegaj\u0105cy Rdzy<\/h2>\n<p>\u015arodek Bore Tech Shield XP chroni bro\u0144 paln\u0105 przed rdz\u0105 i korozj\u0105. Ta formu\u0142a przenika g\u0142\u0119boko, wypiera wilgo\u0107 i neutralizuje substancje korozyjne, pozostawiaj\u0105c niewidoczn\u0105 barier\u0119, kt\u00f3ra nie przyci\u0105ga zanieczyszcze\u0144.<\/p>\n<ul>\n<li>Odpowiedni do d\u0142ugoterminowego przechowywania<\/li>\n<li>Bezpieczny dla wszystkich metali<\/li>\n<li>Wytrzymuje ponad 500 godzin w te\u015bcie wilgotno\u015bci ASTM<\/li>\n<li>Zapach kokosowy<\/li>\n<li>Butelka z pompk\u0105<\/li>\n<\/ul>\n<h3>Instrukcje:<\/h3>\n<ol>\n<li>Roz\u0142aduj bro\u0144 i odt\u0142u\u015b\u0107 powierzchnie<\/li>\n<li>Rozpyl lub nanie\u015b\u0107 Shield XP na metalowe powierzchnie<\/li>\n<li>Odczekaj 15 minut, w razie potrzeby na\u0142\u00f3\u017c drug\u0105 warstw\u0119<\/li>\n<li>Przed u\u017cyciem przeczy\u015b\u0107 luf\u0119 suchym patch&#8217;em<\/li>\n<\/ol>\n<p>Shield XP: Bariera przeciw rdzy i korozji dla broni palnej.<\/p>\n","protected":false},"excerpt":{"rendered":"<p>D\u0142ugotrwa\u0142a ochrona przed rdz\u0105 dla broni palnej.<\/p>\n","protected":false},"featured_media":51377,"template":"","meta":{"_acf_changed":false},"product_brand":[11165],"product_cat":[12604,12592],"product_tag":[],"class_list":{"0":"post-51427","1":"product","2":"type-product","3":"status-publish","4":"has-post-thumbnail","6":"product_brand-boretech","7":"product_cat-czyszczenie-broni","8":"product_cat-smary","10":"first","11":"instock","12":"taxable","13":"shipping-taxable","14":"purchasable","15":"product-type-simple"},"acf":[],"_links":{"self":[{"href":"https:\/\/staging.nbg.eu\/pl\/wp-json\/wp\/v2\/product\/51427","targetHints":{"allow":["GET"]}}],"collection":[{"href":"https:\/\/staging.nbg.eu\/pl\/wp-json\/wp\/v2\/product"}],"about":[{"href":"https:\/\/staging.nbg.eu\/pl\/wp-json\/wp\/v2\/types\/product"}],"wp:featuredmedia":[{"embeddable":true,"href":"https:\/\/staging.nbg.eu\/pl\/wp-json\/wp\/v2\/media\/51377"}],"wp:attachment":[{"href":"https:\/\/staging.nbg.eu\/pl\/wp-json\/wp\/v2\/media?parent=51427"}],"wp:term":[{"taxonomy":"product_brand","embeddable":true,"href":"https:\/\/staging.nbg.eu\/pl\/wp-json\/wp\/v2\/product_brand?post=51427"},{"taxonomy":"product_cat","embeddable":true,"href":"https:\/\/staging.nbg.eu\/pl\/wp-json\/wp\/v2\/product_cat?post=51427"},{"taxonomy":"product_tag","embeddable":true,"href":"https:\/\/staging.nbg.eu\/pl\/wp-json\/wp\/v2\/product_tag?post=51427"}],"curies":[{"name":"wp","href":"https:\/\/api.w.org\/{rel}","templated":true}]}}