{"id":51376,"date":"2024-03-15T07:47:20","date_gmt":"2024-09-13T09:49:59","guid":{"rendered":"https:\/\/staging.nbg.eu\/product\/boretech-eliminator-4-oz\/"},"modified":"2024-09-13T09:51:00","modified_gmt":"2024-09-13T09:51:00","slug":"boretech-eliminator-4-uncje","status":"publish","type":"product","link":"https:\/\/staging.nbg.eu\/pl\/produkt\/boretech-eliminator-4-uncje\/","title":{"rendered":"BoreTech Eliminator &#8211; 4 uncje"},"content":{"rendered":"<div class=\"product-description\">\n<h2>BoreTech Eliminator &#8211; 118 ml<\/h2>\n<p>BoreTech Eliminator\u2122 to \u015brodek do czyszczenia luf. Ta opatentowana formu\u0142a jest szybko dzia\u0142aj\u0105ca i bezpieczna dla lufy. G\u0142\u00f3wne cechy to:<\/p>\n<ul>\n<li>100% bezpieczny dla lufy i biodegradowalny<\/li>\n<li>Bez amoniaku i bezzapachowy<\/li>\n<li>Usuwa osady w\u0119glowe, miedzi, o\u0142owiu i pozosta\u0142o\u015bci korozyjne<\/li>\n<li>Bezpieczny i \u0142atwy w u\u017cyciu<\/li>\n<\/ul>\n<p>Eliminator zawiera mieszank\u0119 \u015brodk\u00f3w chemicznych, kt\u00f3re rozpuszczaj\u0105 osady w\u0119glowe, utleniaj\u0105 i zawieszaj\u0105 zanieczyszczenia miedzi. Zapobiega to ponownemu osadzaniu si\u0119 i zapewnia dok\u0142adne czyszczenie.<\/p>\n<h3>Instrukcje:<\/h3>\n<ol>\n<li>Zwil\u017c 3-4 \u0142atki Eliminatorem i przepchnij przez luf\u0119 w jednym kierunku<\/li>\n<li>Wykonaj 10-15 przej\u015b\u0107 nas\u0105czon\u0105 szczotk\u0105 nylonow\u0105<\/li>\n<li>Powt\u00f3rz krok 1 i pozostaw na 3-5 minut<\/li>\n<li>Przepychaj suche \u0142atki, a\u017c b\u0119d\u0105 czyste<\/li>\n<li>W razie potrzeby powt\u00f3rz<\/li>\n<li>Na\u0142\u00f3\u017c olej do broni Bore Tech Friction Guard XP do przechowywania<\/li>\n<li>Przed u\u017cyciem przepu\u015b\u0107 such\u0105 \u0142atk\u0119<\/li>\n<\/ol>\n<p>BoreTech Eliminator zapewnia skuteczne czyszczenie i ochron\u0119 lufy.<\/p>\n<\/div>\n","protected":false},"excerpt":{"rendered":"<p>BoreTech Eliminator: Bezpieczny, silny \u015brodek do czyszczenia luf. Usuwa nagary.<\/p>\n","protected":false},"featured_media":70984,"template":"","meta":{"_acf_changed":false},"product_brand":[11165],"product_cat":[12604,12618],"product_tag":[],"class_list":{"0":"post-51376","1":"product","2":"type-product","3":"status-publish","4":"has-post-thumbnail","6":"product_brand-boretech","7":"product_cat-czyszczenie-broni","8":"product_cat-srodki-czyszczace","10":"first","11":"instock","12":"taxable","13":"shipping-taxable","14":"purchasable","15":"product-type-variable","16":"wvs-archive-product-wrapper"},"acf":[],"_links":{"self":[{"href":"https:\/\/staging.nbg.eu\/pl\/wp-json\/wp\/v2\/product\/51376","targetHints":{"allow":["GET"]}}],"collection":[{"href":"https:\/\/staging.nbg.eu\/pl\/wp-json\/wp\/v2\/product"}],"about":[{"href":"https:\/\/staging.nbg.eu\/pl\/wp-json\/wp\/v2\/types\/product"}],"wp:featuredmedia":[{"embeddable":true,"href":"https:\/\/staging.nbg.eu\/pl\/wp-json\/wp\/v2\/media\/70984"}],"wp:attachment":[{"href":"https:\/\/staging.nbg.eu\/pl\/wp-json\/wp\/v2\/media?parent=51376"}],"wp:term":[{"taxonomy":"product_brand","embeddable":true,"href":"https:\/\/staging.nbg.eu\/pl\/wp-json\/wp\/v2\/product_brand?post=51376"},{"taxonomy":"product_cat","embeddable":true,"href":"https:\/\/staging.nbg.eu\/pl\/wp-json\/wp\/v2\/product_cat?post=51376"},{"taxonomy":"product_tag","embeddable":true,"href":"https:\/\/staging.nbg.eu\/pl\/wp-json\/wp\/v2\/product_tag?post=51376"}],"curies":[{"name":"wp","href":"https:\/\/api.w.org\/{rel}","templated":true}]}}