{"id":51147,"date":"2024-03-16T18:40:45","date_gmt":"2024-09-13T09:25:24","guid":{"rendered":"https:\/\/staging.nbg.eu\/product\/bore-tech-bronze-stainless-chamber-brush\/"},"modified":"2024-09-13T09:26:20","modified_gmt":"2024-09-13T09:26:20","slug":"szczotka-do-komory-bore-tech-bronzestainless","status":"publish","type":"product","link":"https:\/\/staging.nbg.eu\/pl\/produkt\/szczotka-do-komory-bore-tech-bronzestainless\/","title":{"rendered":"Szczotka do komory Bore Tech Bronze\/Stainless"},"content":{"rendered":"<h2>Szczotka do komory Bore Tech z br\u0105zu\/stali nierdzewnej<\/h2>\n<p>Szczotki do komory Bore Tech z br\u0105zu\/stali nierdzewnej s\u0105 bezpieczne dla komory i charakteryzuj\u0105 si\u0119 solidn\u0105 konstrukcj\u0105.<\/p>\n<ul>\n<li>Po\u0142\u0105czenie sztywnych w\u0142osien z br\u0105zu i stali nierdzewnej<\/li>\n<li>Podw\u00f3jne dzia\u0142anie czyszcz\u0105ce<\/li>\n<li>P\u0119tlowy rdze\u0144 szczotki eliminuje ostre ko\u0144c\u00f3wki<\/li>\n<li>Aluminiowe elementy monta\u017cowe<\/li>\n<li>Dost\u0119pne dla .223\/5.56mm AR-15 i .308\/7.62mm AR-10<\/li>\n<\/ul>\n<p>Szczotki Bore Tech s\u0105 przeznaczone do czyszczenia komory.<\/p>\n<h3>Instrukcja:<\/h3>\n<ol>\n<li>Przykr\u0119\u0107 szczotk\u0119 do wyciorka<\/li>\n<li>Zwil\u017c szczotk\u0119 \u015brodkiem czyszcz\u0105cym (zalecane C4 Carbon Remover lub Eliminator Bore Cleaner)<\/li>\n<li>W\u0142\u00f3\u017c do komory i obr\u00f3\u0107 6-12 razy<\/li>\n<li>W razie potrzeby ponownie na\u0142\u00f3\u017c rozpuszczalnik i kontynuuj czyszczenie<\/li>\n<li>Wytrzyj komor\u0119 szmatk\u0105 lub mopem<\/li>\n<li>Oczy\u015b\u0107 szczotki przed przechowywaniem<\/li>\n<\/ol>\n","protected":false},"excerpt":{"rendered":"<p>Wydajna szczotka z podw\u00f3jn\u0105 komor\u0105 z w\u0142osiem do karabin\u00f3w AR-15 i AR-10.<\/p>\n","protected":false},"featured_media":51148,"template":"","meta":{"_acf_changed":false},"product_brand":[11165],"product_cat":[12604,12631],"product_tag":[],"class_list":{"0":"post-51147","1":"product","2":"type-product","3":"status-publish","4":"has-post-thumbnail","6":"product_brand-boretech","7":"product_cat-czyszczenie-broni","8":"product_cat-szczotki","9":"pa_model-ar-10-pl","10":"pa_model-ar-15-pl","12":"first","13":"instock","14":"taxable","15":"shipping-taxable","16":"purchasable","17":"product-type-variable","18":"wvs-archive-product-wrapper"},"acf":[],"_links":{"self":[{"href":"https:\/\/staging.nbg.eu\/pl\/wp-json\/wp\/v2\/product\/51147","targetHints":{"allow":["GET"]}}],"collection":[{"href":"https:\/\/staging.nbg.eu\/pl\/wp-json\/wp\/v2\/product"}],"about":[{"href":"https:\/\/staging.nbg.eu\/pl\/wp-json\/wp\/v2\/types\/product"}],"wp:featuredmedia":[{"embeddable":true,"href":"https:\/\/staging.nbg.eu\/pl\/wp-json\/wp\/v2\/media\/51148"}],"wp:attachment":[{"href":"https:\/\/staging.nbg.eu\/pl\/wp-json\/wp\/v2\/media?parent=51147"}],"wp:term":[{"taxonomy":"product_brand","embeddable":true,"href":"https:\/\/staging.nbg.eu\/pl\/wp-json\/wp\/v2\/product_brand?post=51147"},{"taxonomy":"product_cat","embeddable":true,"href":"https:\/\/staging.nbg.eu\/pl\/wp-json\/wp\/v2\/product_cat?post=51147"},{"taxonomy":"product_tag","embeddable":true,"href":"https:\/\/staging.nbg.eu\/pl\/wp-json\/wp\/v2\/product_tag?post=51147"}],"curies":[{"name":"wp","href":"https:\/\/api.w.org\/{rel}","templated":true}]}}