{"id":50990,"date":"2024-01-30T18:05:11","date_gmt":"2024-09-13T09:12:19","guid":{"rendered":"https:\/\/staging.nbg.eu\/product\/blue-force-gear-vickers-padded-sling\/"},"modified":"2024-10-30T09:09:48","modified_gmt":"2024-10-30T09:09:48","slug":"pas-amortyzowany-blue-force-gear-vickers","status":"publish","type":"product","link":"https:\/\/staging.nbg.eu\/pl\/produkt\/pas-amortyzowany-blue-force-gear-vickers\/","title":{"rendered":"Pas amortyzowany Blue Force Gear Vickers"},"content":{"rendered":"<h2>Pas no\u015bny Blue Force Gear Vickers z wy\u015bci\u00f3\u0142k\u0105<\/h2>\n<p>Pas taktyczny Vickers Padded Combat Applications Sling\u2122 z szybk\u0105 regulacj\u0105. Opracowany we wsp\u00f3\u0142pracy z Larry Vickersem, by\u0142ym cz\u0142onkiem 1st SFOD-Delta, jest u\u017cywany przez wojsko USA.<\/p>\n<h2>G\u0142\u00f3wne cechy:<\/h2>\n<ul>\n<li>5 cm wk\u0142adka dla zwi\u0119kszenia komfortu<\/li>\n<li>Konstrukcja z pianki o zamkni\u0119tych kom\u00f3rkach<\/li>\n<li>Szybki regulator do natychmiastowej zmiany d\u0142ugo\u015bci<\/li>\n<li>P\u0142ynne przej\u015bcie z noszenia do gotowo\u015bci bojowej<\/li>\n<li>Wyprodukowany w USA z wysokiej jako\u015bci materia\u0142\u00f3w<\/li>\n<\/ul>\n<p>Pas no\u015bny Vickers \u0142\u0105czy komfort i funkcjonalno\u015b\u0107.<\/p>\n","protected":false},"excerpt":{"rendered":"<p>Szybko regulowany taktyczny pas no\u015bny z wy\u015bcie\u0142anym komfortem do karabin\u00f3w.<\/p>\n","protected":false},"featured_media":50780,"template":"","meta":{"_acf_changed":false},"product_brand":[11141],"product_cat":[12586,12590],"product_tag":[],"class_list":{"0":"post-50990","1":"product","2":"type-product","3":"status-publish","4":"has-post-thumbnail","6":"product_brand-blue-force-gear","7":"product_cat-chusty","8":"product_cat-sprzet","10":"first","11":"instock","12":"taxable","13":"shipping-taxable","14":"purchasable","15":"product-type-variable","16":"wvs-archive-product-wrapper"},"acf":[],"_links":{"self":[{"href":"https:\/\/staging.nbg.eu\/pl\/wp-json\/wp\/v2\/product\/50990","targetHints":{"allow":["GET"]}}],"collection":[{"href":"https:\/\/staging.nbg.eu\/pl\/wp-json\/wp\/v2\/product"}],"about":[{"href":"https:\/\/staging.nbg.eu\/pl\/wp-json\/wp\/v2\/types\/product"}],"wp:featuredmedia":[{"embeddable":true,"href":"https:\/\/staging.nbg.eu\/pl\/wp-json\/wp\/v2\/media\/50780"}],"wp:attachment":[{"href":"https:\/\/staging.nbg.eu\/pl\/wp-json\/wp\/v2\/media?parent=50990"}],"wp:term":[{"taxonomy":"product_brand","embeddable":true,"href":"https:\/\/staging.nbg.eu\/pl\/wp-json\/wp\/v2\/product_brand?post=50990"},{"taxonomy":"product_cat","embeddable":true,"href":"https:\/\/staging.nbg.eu\/pl\/wp-json\/wp\/v2\/product_cat?post=50990"},{"taxonomy":"product_tag","embeddable":true,"href":"https:\/\/staging.nbg.eu\/pl\/wp-json\/wp\/v2\/product_tag?post=50990"}],"curies":[{"name":"wp","href":"https:\/\/api.w.org\/{rel}","templated":true}]}}