{"id":50779,"date":"2024-04-18T08:10:02","date_gmt":"2024-09-13T09:08:17","guid":{"rendered":"https:\/\/staging.nbg.eu\/product\/blue-force-gear-hunting-sling\/"},"modified":"2024-09-13T09:09:15","modified_gmt":"2024-09-13T09:09:15","slug":"pas-mysliwski-blue-force-gear","status":"publish","type":"product","link":"https:\/\/staging.nbg.eu\/pl\/produkt\/pas-mysliwski-blue-force-gear\/","title":{"rendered":"Pas my\u015bliwski Blue Force Gear"},"content":{"rendered":"<h2>Pas do broni Blue Force Gear<\/h2>\n<p>Pas Blue Force Gear przeznaczony do karabin\u00f3w i strzelb. Ten uniwersalny pas \u0142\u0105czy jako\u015b\u0107 sprawdzon\u0105 w warunkach bojowych z \u0142atwo\u015bci\u0105 u\u017cycia, pasuj\u0105c do tradycyjnych zaczep\u00f3w.<\/p>\n<h2>G\u0142\u00f3wne cechy:<\/h2>\n<ul>\n<li>Ta\u015bma CORDURA\u00ae z w\u0142\u00f3kien INVISTA\u2122 barwionych w masie<\/li>\n<li>Regulacja d\u0142ugo\u015bci od 66 cm do 117 cm<\/li>\n<li>Do\u0142\u0105czone zaczepy z szybkim odpi\u0119ciem<\/li>\n<li>Odporny na blakni\u0119cie, zwijanie, p\u0119kanie i twardnienie<\/li>\n<li>Odpowiedni do d\u0142ugich w\u0119dr\u00f3wek i wchodzenia na ambony<\/li>\n<\/ul>\n<p>Pas zapewnia trwa\u0142o\u015b\u0107 i funkcjonalno\u015b\u0107, umo\u017cliwiaj\u0105c \u0142atwe przej\u015bcie z pozycji noszenia do pozycji strzeleckiej. Pozwala na zabezpieczenie broni blisko cia\u0142a lub poluzowanie w celu szybkiego przy\u0142o\u017cenia do ramienia.<\/p>\n","protected":false},"excerpt":{"rendered":"<p>Wytrzyma\u0142y, regulowany pasek do karabin\u00f3w i strzelb. \u0141atwy w u\u017cyciu.<\/p>\n","protected":false},"featured_media":50780,"template":"","meta":{"_acf_changed":false},"product_brand":[11141],"product_cat":[12586,12590],"product_tag":[],"class_list":{"0":"post-50779","1":"product","2":"type-product","3":"status-publish","4":"has-post-thumbnail","6":"product_brand-blue-force-gear","7":"product_cat-chusty","8":"product_cat-sprzet","10":"first","11":"instock","12":"taxable","13":"shipping-taxable","14":"purchasable","15":"product-type-variable","16":"wvs-archive-product-wrapper"},"acf":[],"_links":{"self":[{"href":"https:\/\/staging.nbg.eu\/pl\/wp-json\/wp\/v2\/product\/50779","targetHints":{"allow":["GET"]}}],"collection":[{"href":"https:\/\/staging.nbg.eu\/pl\/wp-json\/wp\/v2\/product"}],"about":[{"href":"https:\/\/staging.nbg.eu\/pl\/wp-json\/wp\/v2\/types\/product"}],"wp:featuredmedia":[{"embeddable":true,"href":"https:\/\/staging.nbg.eu\/pl\/wp-json\/wp\/v2\/media\/50780"}],"wp:attachment":[{"href":"https:\/\/staging.nbg.eu\/pl\/wp-json\/wp\/v2\/media?parent=50779"}],"wp:term":[{"taxonomy":"product_brand","embeddable":true,"href":"https:\/\/staging.nbg.eu\/pl\/wp-json\/wp\/v2\/product_brand?post=50779"},{"taxonomy":"product_cat","embeddable":true,"href":"https:\/\/staging.nbg.eu\/pl\/wp-json\/wp\/v2\/product_cat?post=50779"},{"taxonomy":"product_tag","embeddable":true,"href":"https:\/\/staging.nbg.eu\/pl\/wp-json\/wp\/v2\/product_tag?post=50779"}],"curies":[{"name":"wp","href":"https:\/\/api.w.org\/{rel}","templated":true}]}}