{"id":50182,"date":"2024-04-21T18:34:24","date_gmt":"2024-09-13T08:44:28","guid":{"rendered":"https:\/\/staging.nbg.eu\/product\/blue-force-gear-molded-uwl-black\/"},"modified":"2024-09-13T08:45:19","modified_gmt":"2024-09-13T08:45:19","slug":"blue-force-gear-molded-uwl-czarny","status":"publish","type":"product","link":"https:\/\/staging.nbg.eu\/pl\/produkt\/blue-force-gear-molded-uwl-czarny\/","title":{"rendered":"Blue Force Gear Molded UWL &#8211; Czarny"},"content":{"rendered":"<div class=\"product-description\">\n<h2>Blue Force Gear Formowany UWL &#8211; Czarny<\/h2>\n<p>Formowany Uniwersalny P\u0119tla Druciana (UWL) umo\u017cliwia mocowanie pas\u00f3w do r\u00f3\u017cnych punkt\u00f3w monta\u017cowych broni. Przeznaczony dla pas\u00f3w o szeroko\u015bci do 1,25&#8243;, w tym pasa Vickers, jest lekkim rozwi\u0105zaniem do mocowania w oczka, szczeliny i otwory szyn.<\/p>\n<h3>G\u0142\u00f3wne cechy:<\/h3>\n<ul>\n<li>Pokryty nylonem stalowy kabel lotniczy klasy wojskowej<\/li>\n<li>Wytrzyma\u0142y korpus z nylonu 6-6 bez odbicia \u015bwiat\u0142a<\/li>\n<li>P\u0119tla druciana 2,55&#8243; od podstawy do g\u00f3ry<\/li>\n<li>P\u0119tla na pas 1,25&#8243; kompatybilna z pasami Vickers Combat Applications Slings\u2122<\/li>\n<li>Gniazdo z przyciskiem dla standardowych sworzni pasa<\/li>\n<li>Ko\u0144c\u00f3wki z trzpieniem kulowym zaciskane bezpo\u015brednio na drucie dla zwi\u0119kszenia wytrzyma\u0142o\u015bci<\/li>\n<\/ul>\n<p>Blue Force Gear Formowany UWL &#8211; Czarny oferuje wszechstronno\u015b\u0107 w mocowaniu pas\u00f3w.<\/p>\n<\/div>\n","protected":false},"excerpt":{"rendered":"<p>Wszechstronne mocowanie do pask\u00f3w o szeroko\u015bci 1,25 cala. Trwa\u0142a i lekka konstrukcja.<\/p>\n","protected":false},"featured_media":50183,"template":"","meta":{"_acf_changed":false},"product_brand":[11141],"product_cat":[12586,12590],"product_tag":[],"class_list":{"0":"post-50182","1":"product","2":"type-product","3":"status-publish","4":"has-post-thumbnail","6":"product_brand-blue-force-gear","7":"product_cat-chusty","8":"product_cat-sprzet","10":"first","11":"instock","12":"taxable","13":"shipping-taxable","14":"purchasable","15":"product-type-simple"},"acf":[],"_links":{"self":[{"href":"https:\/\/staging.nbg.eu\/pl\/wp-json\/wp\/v2\/product\/50182","targetHints":{"allow":["GET"]}}],"collection":[{"href":"https:\/\/staging.nbg.eu\/pl\/wp-json\/wp\/v2\/product"}],"about":[{"href":"https:\/\/staging.nbg.eu\/pl\/wp-json\/wp\/v2\/types\/product"}],"wp:featuredmedia":[{"embeddable":true,"href":"https:\/\/staging.nbg.eu\/pl\/wp-json\/wp\/v2\/media\/50183"}],"wp:attachment":[{"href":"https:\/\/staging.nbg.eu\/pl\/wp-json\/wp\/v2\/media?parent=50182"}],"wp:term":[{"taxonomy":"product_brand","embeddable":true,"href":"https:\/\/staging.nbg.eu\/pl\/wp-json\/wp\/v2\/product_brand?post=50182"},{"taxonomy":"product_cat","embeddable":true,"href":"https:\/\/staging.nbg.eu\/pl\/wp-json\/wp\/v2\/product_cat?post=50182"},{"taxonomy":"product_tag","embeddable":true,"href":"https:\/\/staging.nbg.eu\/pl\/wp-json\/wp\/v2\/product_tag?post=50182"}],"curies":[{"name":"wp","href":"https:\/\/api.w.org\/{rel}","templated":true}]}}