{"id":49915,"date":"2024-05-23T19:46:21","date_gmt":"2024-09-13T08:37:36","guid":{"rendered":"https:\/\/staging.nbg.eu\/product\/blue-force-gear-micro-trauma-kit-now\/"},"modified":"2024-09-13T08:38:32","modified_gmt":"2024-09-13T08:38:32","slug":"apteczka-taktyczna-blue-force-gear-micro-trauma-kit-now","status":"publish","type":"product","link":"https:\/\/staging.nbg.eu\/pl\/produkt\/apteczka-taktyczna-blue-force-gear-micro-trauma-kit-now\/","title":{"rendered":"Apteczka taktyczna Blue Force Gear Micro Trauma Kit NOW"},"content":{"rendered":"<div class=\"product-description\">\n<h2>Blue Force Gear Micro Trauma Kit NOW!<\/h2>\n<p>Micro Trauma Kit NOW! (Micro TKN) to kompaktowe rozwi\u0105zanie do codziennego noszenia podstawowych medycznych \u015brodk\u00f3w ratuj\u0105cych \u017cycie. Przeznaczony dla funkcjonariuszy organ\u00f3w \u015bcigania, przygotowanych obywateli i my\u015bliwych, ten zestaw montowany na pasku zapewnia szybki dost\u0119p do kluczowych artyku\u0142\u00f3w pierwszej pomocy.<\/p>\n<h2>G\u0142\u00f3wne cechy:<\/h2>\n<ul>\n<li>Kompaktowy rozmiar do codziennego noszenia<\/li>\n<li>Mo\u017cliwo\u015b\u0107 wyci\u0105gni\u0119cia jedn\u0105 r\u0119k\u0105 z obu stron<\/li>\n<li>Opcje mocowania MOLLE lub na pasku<\/li>\n<li>Technologia Ten-Speed do bezpiecznego przechowywania<\/li>\n<li>Wyjmowana wk\u0142adka do zorganizowanego przechowywania materia\u0142\u00f3w<\/li>\n<li>Regulowane zapi\u0119cia na rzep pasuj\u0105ce do wi\u0119kszo\u015bci pask\u00f3w<\/li>\n<\/ul>\n<p>B\u0105d\u017a przygotowany na sytuacje awaryjne z Micro TKN &#8211; przeno\u015bnym zestawem ratunkowym, gdy liczy si\u0119 ka\u017cda sekunda.<\/p>\n<\/div>\n","protected":false},"excerpt":{"rendered":"<p>Kompaktowy, ratuj\u0105cy \u017cycie zestaw ratunkowy do codziennego noszenia na pasku.<\/p>\n","protected":false},"featured_media":49916,"template":"","meta":{"_acf_changed":false},"product_brand":[11141],"product_cat":[12625,12590],"product_tag":[],"class_list":{"0":"post-49915","1":"product","2":"type-product","3":"status-publish","4":"has-post-thumbnail","6":"product_brand-blue-force-gear","7":"product_cat-medyczne","8":"product_cat-sprzet","10":"first","11":"instock","12":"taxable","13":"shipping-taxable","14":"purchasable","15":"product-type-variable","16":"wvs-archive-product-wrapper"},"acf":[],"_links":{"self":[{"href":"https:\/\/staging.nbg.eu\/pl\/wp-json\/wp\/v2\/product\/49915","targetHints":{"allow":["GET"]}}],"collection":[{"href":"https:\/\/staging.nbg.eu\/pl\/wp-json\/wp\/v2\/product"}],"about":[{"href":"https:\/\/staging.nbg.eu\/pl\/wp-json\/wp\/v2\/types\/product"}],"wp:featuredmedia":[{"embeddable":true,"href":"https:\/\/staging.nbg.eu\/pl\/wp-json\/wp\/v2\/media\/49916"}],"wp:attachment":[{"href":"https:\/\/staging.nbg.eu\/pl\/wp-json\/wp\/v2\/media?parent=49915"}],"wp:term":[{"taxonomy":"product_brand","embeddable":true,"href":"https:\/\/staging.nbg.eu\/pl\/wp-json\/wp\/v2\/product_brand?post=49915"},{"taxonomy":"product_cat","embeddable":true,"href":"https:\/\/staging.nbg.eu\/pl\/wp-json\/wp\/v2\/product_cat?post=49915"},{"taxonomy":"product_tag","embeddable":true,"href":"https:\/\/staging.nbg.eu\/pl\/wp-json\/wp\/v2\/product_tag?post=49915"}],"curies":[{"name":"wp","href":"https:\/\/api.w.org\/{rel}","templated":true}]}}