{"id":49468,"date":"2024-07-29T18:42:30","date_gmt":"2024-09-12T16:13:18","guid":{"rendered":"https:\/\/staging.nbg.eu\/product\/large-utility-dapper-pouch\/"},"modified":"2024-09-12T16:14:15","modified_gmt":"2024-09-12T16:14:15","slug":"saszetka-uniwersalna-large-utility-dapper","status":"publish","type":"product","link":"https:\/\/staging.nbg.eu\/pl\/produkt\/saszetka-uniwersalna-large-utility-dapper\/","title":{"rendered":"Saszetka uniwersalna Large Utility Dapper"},"content":{"rendered":"<div class=\"product-description\">\n<h2>Du\u017ca torba u\u017cytkowa<\/h2>\n<p>Nasza du\u017ca torba u\u017cytkowa jest przeznaczona do przechowywania wi\u0119kszo\u015bci przedmiot\u00f3w codziennego u\u017cytku i sprz\u0119tu. Mo\u017ce pomie\u015bci\u0107 \u0142adowarki, sprz\u0119t komputerowy, artyku\u0142y medyczne i narz\u0119dzia.<\/p>\n<ul>\n<li>Szybka instalacja i demonta\u017c na ka\u017cdym polu p\u0119tli<\/li>\n<li>Dwa niebieskie uchwyty zamka b\u0142yskawicznego<\/li>\n<li>G\u00f3rny gumowany uchwyt do przenoszenia<\/li>\n<li>Przezroczysta g\u00f3rna cz\u0119\u015b\u0107 umo\u017cliwiaj\u0105ca szybki podgl\u0105d zawarto\u015bci<\/li>\n<li>Wewn\u0119trzne pole p\u0119tli do dodatkowej organizacji<\/li>\n<li>Haczyki na tylnej cz\u0119\u015bci do mocowania na r\u00f3\u017cnych powierzchniach<\/li>\n<\/ul>\n<p>Do u\u017cytku z plecakami Blue Force Gear, wk\u0142adkami Dapper lub do zastosowa\u0144 niestandardowych.<\/p>\n<\/div>\n","protected":false},"excerpt":{"rendered":"<p>Wszechstronna, odpinana saszetka na codzienne przedmioty i niezb\u0119dne akcesoria.<\/p>\n","protected":false},"featured_media":49472,"template":"","meta":{"_acf_changed":false},"product_brand":[11141],"product_cat":[12581,12590],"product_tag":[],"class_list":{"0":"post-49468","1":"product","2":"type-product","3":"status-publish","4":"has-post-thumbnail","6":"product_brand-blue-force-gear","7":"product_cat-sakwy","8":"product_cat-sprzet","10":"first","11":"instock","12":"taxable","13":"shipping-taxable","14":"purchasable","15":"product-type-simple"},"acf":[],"_links":{"self":[{"href":"https:\/\/staging.nbg.eu\/pl\/wp-json\/wp\/v2\/product\/49468","targetHints":{"allow":["GET"]}}],"collection":[{"href":"https:\/\/staging.nbg.eu\/pl\/wp-json\/wp\/v2\/product"}],"about":[{"href":"https:\/\/staging.nbg.eu\/pl\/wp-json\/wp\/v2\/types\/product"}],"wp:featuredmedia":[{"embeddable":true,"href":"https:\/\/staging.nbg.eu\/pl\/wp-json\/wp\/v2\/media\/49472"}],"wp:attachment":[{"href":"https:\/\/staging.nbg.eu\/pl\/wp-json\/wp\/v2\/media?parent=49468"}],"wp:term":[{"taxonomy":"product_brand","embeddable":true,"href":"https:\/\/staging.nbg.eu\/pl\/wp-json\/wp\/v2\/product_brand?post=49468"},{"taxonomy":"product_cat","embeddable":true,"href":"https:\/\/staging.nbg.eu\/pl\/wp-json\/wp\/v2\/product_cat?post=49468"},{"taxonomy":"product_tag","embeddable":true,"href":"https:\/\/staging.nbg.eu\/pl\/wp-json\/wp\/v2\/product_tag?post=49468"}],"curies":[{"name":"wp","href":"https:\/\/api.w.org\/{rel}","templated":true}]}}