{"id":49021,"date":"2024-07-29T18:46:44","date_gmt":"2024-09-12T16:04:39","guid":{"rendered":"https:\/\/staging.nbg.eu\/product\/horizontal-ten-speed-single-m4-mag-pouch\/"},"modified":"2024-09-12T16:05:39","modified_gmt":"2024-09-12T16:05:39","slug":"pozioma-kabura-na-magazynek-ten-speed-single-m4","status":"publish","type":"product","link":"https:\/\/staging.nbg.eu\/pl\/produkt\/pozioma-kabura-na-magazynek-ten-speed-single-m4\/","title":{"rendered":"Pozioma kabura na magazynek Ten-Speed Single M4"},"content":{"rendered":"<h2>Poziomy uchwyt na pojedynczy magazynek M4 Ten-Speed\u00ae<\/h2>\n<p>Uchwyt na magazynek M4 Ten-Speed\u00ae to rozwi\u0105zanie do przenoszenia amunicji. Wykonany z elastycznego materia\u0142u wojskowego, przeznaczony do mocowania na niewykorzystanych sekcjach MOLLE kamizelek, p\u0142yt no\u015bnych lub pas\u00f3w.<\/p>\n<ul>\n<li>Kompatybilny z 30-nabojowymi magazynkami STANAG M4 i wi\u0119kszo\u015bci\u0105 magazynk\u00f3w 5,56 mm<\/li>\n<li>Mie\u015bci wi\u0119ksze magazynki SMG (UMP, CZ Scorpion, P90) i niekt\u00f3re magazynki AK-74<\/li>\n<li>Opcje przechowywania: naboje do g\u00f3ry\/w d\u00f3\u0142, do przodu\/do ty\u0142u<\/li>\n<li>Dost\u0119pny w wersjach Helium Whisper kompatybilnych z MOLLE i mocowanych na pasie<\/li>\n<li>Wersja mocowana na pasie pasuje do pas\u00f3w o szeroko\u015bci do 2&#8243; z regulowanymi zapi\u0119ciami na rzep<\/li>\n<\/ul>\n<p>Poziomy uchwyt na pojedynczy magazynek M4 Ten-Speed\u00ae to rozwi\u0105zanie do efektywnego zarz\u0105dzania amunicj\u0105.<\/p>\n","protected":false},"excerpt":{"rendered":"<p>Uniwersalna pozioma \u0142adownica na magazynki M4\/5,56 mm. Monta\u017c na systemie MOLLE lub pasie.<\/p>\n","protected":false},"featured_media":49028,"template":"","meta":{"_acf_changed":false},"product_brand":[11141],"product_cat":[12566,12581,12590],"product_tag":[],"class_list":{"0":"post-49021","1":"product","2":"type-product","3":"status-publish","4":"has-post-thumbnail","6":"product_brand-blue-force-gear","7":"product_cat-ladownice-na-magazynki","8":"product_cat-sakwy","9":"product_cat-sprzet","11":"first","12":"instock","13":"taxable","14":"shipping-taxable","15":"purchasable","16":"product-type-simple"},"acf":[],"_links":{"self":[{"href":"https:\/\/staging.nbg.eu\/pl\/wp-json\/wp\/v2\/product\/49021","targetHints":{"allow":["GET"]}}],"collection":[{"href":"https:\/\/staging.nbg.eu\/pl\/wp-json\/wp\/v2\/product"}],"about":[{"href":"https:\/\/staging.nbg.eu\/pl\/wp-json\/wp\/v2\/types\/product"}],"wp:featuredmedia":[{"embeddable":true,"href":"https:\/\/staging.nbg.eu\/pl\/wp-json\/wp\/v2\/media\/49028"}],"wp:attachment":[{"href":"https:\/\/staging.nbg.eu\/pl\/wp-json\/wp\/v2\/media?parent=49021"}],"wp:term":[{"taxonomy":"product_brand","embeddable":true,"href":"https:\/\/staging.nbg.eu\/pl\/wp-json\/wp\/v2\/product_brand?post=49021"},{"taxonomy":"product_cat","embeddable":true,"href":"https:\/\/staging.nbg.eu\/pl\/wp-json\/wp\/v2\/product_cat?post=49021"},{"taxonomy":"product_tag","embeddable":true,"href":"https:\/\/staging.nbg.eu\/pl\/wp-json\/wp\/v2\/product_tag?post=49021"}],"curies":[{"name":"wp","href":"https:\/\/api.w.org\/{rel}","templated":true}]}}