{"id":48838,"date":"2024-07-29T18:47:29","date_gmt":"2024-09-12T15:57:58","guid":{"rendered":"https:\/\/staging.nbg.eu\/product\/ten-speed-triple-m4-mag-pouch\/"},"modified":"2024-09-12T15:58:58","modified_gmt":"2024-09-12T15:58:58","slug":"kabura-na-trzy-magazynki-ten-speed-triple-m4","status":"publish","type":"product","link":"https:\/\/staging.nbg.eu\/pl\/produkt\/kabura-na-trzy-magazynki-ten-speed-triple-m4\/","title":{"rendered":"Kabura na trzy magazynki Ten-Speed Triple M4"},"content":{"rendered":"<div class=\"product-description\">\n<h2>\u0141adownica na trzy magazynki M4 Ten-Speed\u00ae firmy BFG<\/h2>\n<p>\u0141adownica na trzy magazynki AR\/M4 lub M16. Wykonana z elastycznego materia\u0142u wojskowego i laminatu ULTRAcomp\u00ae. P\u0142aska, gdy pusta.<\/p>\n<ul>\n<li>Mie\u015bci magazynki polimerowe lub metalowe<\/li>\n<li>Mo\u017ce s\u0142u\u017cy\u0107 do przenoszenia \u015brodk\u00f3w medycznych, granat\u00f3w b\u0142yskowo-hukowych itp.<\/li>\n<li>Kompatybilna z systemem MOLLE, mocowanie Helium Whisper\u00ae<\/li>\n<li>Wymiary: 0,32 cm x 22,86 cm x 15,24 cm<\/li>\n<li>Wymaga pola MOLLE 3 x 6<\/li>\n<\/ul>\n<p>Produkt przeznaczony dla wojska, s\u0142u\u017cb porz\u0105dkowych i entuzjast\u00f3w taktycznych.<\/p>\n<\/div>\n","protected":false},"excerpt":{"rendered":"<p>Lekka, elastyczna kiesze\u0144 MOLLE na 3 magazynki AR\/M4 lub podobne przedmioty.<\/p>\n","protected":false},"featured_media":48848,"template":"","meta":{"_acf_changed":false},"product_brand":[11141],"product_cat":[12566,12581,12590],"product_tag":[],"class_list":{"0":"post-48838","1":"product","2":"type-product","3":"status-publish","4":"has-post-thumbnail","6":"product_brand-blue-force-gear","7":"product_cat-ladownice-na-magazynki","8":"product_cat-sakwy","9":"product_cat-sprzet","11":"first","12":"instock","13":"taxable","14":"shipping-taxable","15":"purchasable","16":"product-type-simple"},"acf":[],"_links":{"self":[{"href":"https:\/\/staging.nbg.eu\/pl\/wp-json\/wp\/v2\/product\/48838","targetHints":{"allow":["GET"]}}],"collection":[{"href":"https:\/\/staging.nbg.eu\/pl\/wp-json\/wp\/v2\/product"}],"about":[{"href":"https:\/\/staging.nbg.eu\/pl\/wp-json\/wp\/v2\/types\/product"}],"wp:featuredmedia":[{"embeddable":true,"href":"https:\/\/staging.nbg.eu\/pl\/wp-json\/wp\/v2\/media\/48848"}],"wp:attachment":[{"href":"https:\/\/staging.nbg.eu\/pl\/wp-json\/wp\/v2\/media?parent=48838"}],"wp:term":[{"taxonomy":"product_brand","embeddable":true,"href":"https:\/\/staging.nbg.eu\/pl\/wp-json\/wp\/v2\/product_brand?post=48838"},{"taxonomy":"product_cat","embeddable":true,"href":"https:\/\/staging.nbg.eu\/pl\/wp-json\/wp\/v2\/product_cat?post=48838"},{"taxonomy":"product_tag","embeddable":true,"href":"https:\/\/staging.nbg.eu\/pl\/wp-json\/wp\/v2\/product_tag?post=48838"}],"curies":[{"name":"wp","href":"https:\/\/api.w.org\/{rel}","templated":true}]}}