{"id":48686,"date":"2024-07-29T19:00:12","date_gmt":"2024-09-12T15:53:53","guid":{"rendered":"https:\/\/staging.nbg.eu\/product\/ten-speed-single-pistol-mag-pouch\/"},"modified":"2024-09-12T15:54:54","modified_gmt":"2024-09-12T15:54:54","slug":"kabura-na-magazynek-pistoletowy-ten-speed-single","status":"publish","type":"product","link":"https:\/\/staging.nbg.eu\/pl\/produkt\/kabura-na-magazynek-pistoletowy-ten-speed-single\/","title":{"rendered":"Kabura na magazynek pistoletowy Ten-Speed Single"},"content":{"rendered":"<h2>\u0141adownica na jedn\u0105 magazynek pistoletowy Ten-Speed\u00ae<\/h2>\n<p>Nasza \u0142adownica Ten-Speed\u00ae na jeden magazynek pistoletowy \u0142\u0105czy szybko\u015b\u0107 i bezpiecze\u0144stwo. Jest przeznaczona dla wsp\u00f3\u0142czesnych operator\u00f3w taktycznych. Ta wszechstronna \u0142adownica mie\u015bci:<\/p>\n<ul>\n<li>Pojedyncze lub podw\u00f3jne magazynki pistoletowe (do rozmiaru HK 45)<\/li>\n<li>Narz\u0119dzia wielofunkcyjne<\/li>\n<li>Latarki<\/li>\n<li>No\u017ce<\/li>\n<li>Ma\u0142e pojemniki z gazem pieprzowym<\/li>\n<\/ul>\n<p>Wykonana z elastycznego materia\u0142u wojskowego i konstrukcji ULTRAcomp\u2122, ta lekka \u0142adownica jest p\u0142aska, gdy nie jest u\u017cywana. System mocowania Helium Whisper\u00ae zapewnia kompatybilno\u015b\u0107 z systemem MOLLE i zmniejsza wag\u0119 do 60% bez wp\u0142ywu na trwa\u0142o\u015b\u0107.<\/p>\n<p>Wymiary: 0,3175 cm x 5,08 cm x 10,16 cm (wymagane pole 2&#215;1 MOLLE)<\/p>\n<p>Produkt oferuje zwi\u0119kszon\u0105 retencj\u0119 i trwa\u0142o\u015b\u0107 dzi\u0119ki najnowszym innowacjom materia\u0142owym.<\/p>\n","protected":false},"excerpt":{"rendered":"<p>Ultralekka kiesze\u0144 na magazynek do pistoletu z szybkim dost\u0119pem, przeznaczona do pojedynczych lub podw\u00f3jnych magazynk\u00f3w.<\/p>\n","protected":false},"featured_media":33940,"template":"","meta":{"_acf_changed":false},"product_brand":[11141],"product_cat":[12566,12581,12590],"product_tag":[],"class_list":{"0":"post-48686","1":"product","2":"type-product","3":"status-publish","4":"has-post-thumbnail","6":"product_brand-blue-force-gear","7":"product_cat-ladownice-na-magazynki","8":"product_cat-sakwy","9":"product_cat-sprzet","11":"first","12":"instock","13":"taxable","14":"shipping-taxable","15":"purchasable","16":"product-type-variable","17":"wvs-archive-product-wrapper"},"acf":[],"_links":{"self":[{"href":"https:\/\/staging.nbg.eu\/pl\/wp-json\/wp\/v2\/product\/48686","targetHints":{"allow":["GET"]}}],"collection":[{"href":"https:\/\/staging.nbg.eu\/pl\/wp-json\/wp\/v2\/product"}],"about":[{"href":"https:\/\/staging.nbg.eu\/pl\/wp-json\/wp\/v2\/types\/product"}],"wp:featuredmedia":[{"embeddable":true,"href":"https:\/\/staging.nbg.eu\/pl\/wp-json\/wp\/v2\/media\/33940"}],"wp:attachment":[{"href":"https:\/\/staging.nbg.eu\/pl\/wp-json\/wp\/v2\/media?parent=48686"}],"wp:term":[{"taxonomy":"product_brand","embeddable":true,"href":"https:\/\/staging.nbg.eu\/pl\/wp-json\/wp\/v2\/product_brand?post=48686"},{"taxonomy":"product_cat","embeddable":true,"href":"https:\/\/staging.nbg.eu\/pl\/wp-json\/wp\/v2\/product_cat?post=48686"},{"taxonomy":"product_tag","embeddable":true,"href":"https:\/\/staging.nbg.eu\/pl\/wp-json\/wp\/v2\/product_tag?post=48686"}],"curies":[{"name":"wp","href":"https:\/\/api.w.org\/{rel}","templated":true}]}}