{"id":48643,"date":"2024-07-29T19:02:28","date_gmt":"2024-09-12T15:50:08","guid":{"rendered":"https:\/\/staging.nbg.eu\/product\/ten-speed-single-308-mag-pouch\/"},"modified":"2024-09-12T15:51:05","modified_gmt":"2024-09-12T15:51:05","slug":"kabura-na-magazynek-ten-speed-single-308","status":"publish","type":"product","link":"https:\/\/staging.nbg.eu\/pl\/produkt\/kabura-na-magazynek-ten-speed-single-308\/","title":{"rendered":"Kabura na magazynek Ten-Speed Single 308"},"content":{"rendered":"<div class=\"product-description\">\n<h2>Jednokomorowa \u0142adownica Ten-Speed\u00ae na magazynek .308<\/h2>\n<p>\u0141adownica do przenoszenia magazynk\u00f3w .308 i innych przedmiot\u00f3w. Mie\u015bci jeden magazynek .308 (kompatybilna z SR-25, SIG 716, M110, FAL, SCAR-17, NGSW, XM7) lub podobne rozmiarowo przedmioty, takie jak \u015brodki opatrunkowe, ma\u0142e radia lub urz\u0105dzenia GPS.<\/p>\n<h3>G\u0142\u00f3wne cechy:<\/h3>\n<ul>\n<li>Lekka i niskoprofilowa konstrukcja<\/li>\n<li>Wykonana z elastycznego materia\u0142u i laminatu ULTRAcomp\u2122<\/li>\n<li>Opatentowany system mocowania Helium Whisper\u00ae<\/li>\n<li>Kompatybilna z systemem MOLLE<\/li>\n<li>Zwi\u0119kszona retencja i wytrzyma\u0142o\u015b\u0107<\/li>\n<li>Wa\u017cy o 60% mniej ni\u017c tradycyjne \u0142adownice<\/li>\n<\/ul>\n<p>Ten-Speed\u00ae Single 308 Mag Pouch \u0142\u0105czy w sobie szybko\u015b\u0107 i bezpiecze\u0144stwo.<\/p>\n<\/div>\n","protected":false},"excerpt":{"rendered":"<p>Lekka, uniwersalna \u0142adownica na naboje .308, z bezpiecznym elastycznym mocowaniem.<\/p>\n","protected":false},"featured_media":48646,"template":"","meta":{"_acf_changed":false},"product_brand":[11141],"product_cat":[12566,12581,12590],"product_tag":[],"class_list":{"0":"post-48643","1":"product","2":"type-product","3":"status-publish","4":"has-post-thumbnail","6":"product_brand-blue-force-gear","7":"product_cat-ladownice-na-magazynki","8":"product_cat-sakwy","9":"product_cat-sprzet","11":"first","12":"instock","13":"taxable","14":"shipping-taxable","15":"purchasable","16":"product-type-simple"},"acf":[],"_links":{"self":[{"href":"https:\/\/staging.nbg.eu\/pl\/wp-json\/wp\/v2\/product\/48643","targetHints":{"allow":["GET"]}}],"collection":[{"href":"https:\/\/staging.nbg.eu\/pl\/wp-json\/wp\/v2\/product"}],"about":[{"href":"https:\/\/staging.nbg.eu\/pl\/wp-json\/wp\/v2\/types\/product"}],"wp:featuredmedia":[{"embeddable":true,"href":"https:\/\/staging.nbg.eu\/pl\/wp-json\/wp\/v2\/media\/48646"}],"wp:attachment":[{"href":"https:\/\/staging.nbg.eu\/pl\/wp-json\/wp\/v2\/media?parent=48643"}],"wp:term":[{"taxonomy":"product_brand","embeddable":true,"href":"https:\/\/staging.nbg.eu\/pl\/wp-json\/wp\/v2\/product_brand?post=48643"},{"taxonomy":"product_cat","embeddable":true,"href":"https:\/\/staging.nbg.eu\/pl\/wp-json\/wp\/v2\/product_cat?post=48643"},{"taxonomy":"product_tag","embeddable":true,"href":"https:\/\/staging.nbg.eu\/pl\/wp-json\/wp\/v2\/product_tag?post=48643"}],"curies":[{"name":"wp","href":"https:\/\/api.w.org\/{rel}","templated":true}]}}