{"id":48554,"date":"2024-07-30T17:57:46","date_gmt":"2024-07-30T17:57:46","guid":{"rendered":"https:\/\/staging.nbg.eu\/product\/red-dot-sight-holosun-hs503gu\/"},"modified":"2024-09-12T15:42:46","modified_gmt":"2024-09-12T15:42:46","slug":"celownik-kolimatorowy-holosun-hs503gu","status":"publish","type":"product","link":"https:\/\/staging.nbg.eu\/pl\/produkt\/celownik-kolimatorowy-holosun-hs503gu\/","title":{"rendered":"Celownik kolimatorowy Holosun HS503GU"},"content":{"rendered":"<h2>Holosun HS503GU Celownik kolimatorowy<\/h2>\n<p>Celownik Holosun HS503GU posiada nast\u0119puj\u0105ce cechy:<\/p>\n<ul>\n<li>Siatka celownicza z punktem 2 MOA i okr\u0119giem 65 MOA<\/li>\n<li>Umieszczenie baterii w przykr\u0119canej wie\u017cyczce<\/li>\n<li>Obudowa chroni\u0105ca pokr\u0119t\u0142a regulacji<\/li>\n<li>\u017bywotno\u015b\u0107 baterii do 2 lat przy ci\u0105g\u0142ym u\u017cytkowaniu<\/li>\n<li>Funkcja w\u0142\u0105czania\/wy\u0142\u0105czania aktywowana ruchem<\/li>\n<li>Technologia LED<\/li>\n<li>Pozycjonowanie soczewki poza osi\u0105 dla odbicia \u015bwiat\u0142a<\/li>\n<li>Aluminiowa konstrukcja (0,18 kg)<\/li>\n<li>Wymiary: 6,6 cm d\u0142. x 3,8 cm szer. x 6,9 cm wys.<\/li>\n<li>Powi\u0119kszenie 1x<\/li>\n<li>Kompatybilno\u015b\u0107 z szynami Picatinny<\/li>\n<\/ul>\n<p>HS503GU jest przeznaczony do polowania i strzelectwa sportowego. Celownik oferuje dok\u0142adno\u015b\u0107 i trwa\u0142o\u015b\u0107.<\/p>\n","protected":false},"excerpt":{"rendered":"<p>Kompaktowy celownik kolimatorowy z kolistym znacznikiem i d\u0142ugim czasem pracy baterii.<\/p>\n","protected":false},"featured_media":48555,"template":"","meta":{"_acf_changed":false},"product_brand":[11443],"product_cat":[12599,12600,12633],"product_tag":[],"class_list":{"0":"post-48554","1":"product","2":"type-product","3":"status-publish","4":"has-post-thumbnail","6":"product_brand-holosun","7":"product_cat-celownictwo","8":"product_cat-celowniki-kolimatorowe","9":"product_cat-celowniki-kolimatorowe-karabinowe","11":"first","12":"outofstock","13":"taxable","14":"shipping-taxable","15":"purchasable","16":"product-type-simple"},"acf":[],"_links":{"self":[{"href":"https:\/\/staging.nbg.eu\/pl\/wp-json\/wp\/v2\/product\/48554","targetHints":{"allow":["GET"]}}],"collection":[{"href":"https:\/\/staging.nbg.eu\/pl\/wp-json\/wp\/v2\/product"}],"about":[{"href":"https:\/\/staging.nbg.eu\/pl\/wp-json\/wp\/v2\/types\/product"}],"wp:featuredmedia":[{"embeddable":true,"href":"https:\/\/staging.nbg.eu\/pl\/wp-json\/wp\/v2\/media\/48555"}],"wp:attachment":[{"href":"https:\/\/staging.nbg.eu\/pl\/wp-json\/wp\/v2\/media?parent=48554"}],"wp:term":[{"taxonomy":"product_brand","embeddable":true,"href":"https:\/\/staging.nbg.eu\/pl\/wp-json\/wp\/v2\/product_brand?post=48554"},{"taxonomy":"product_cat","embeddable":true,"href":"https:\/\/staging.nbg.eu\/pl\/wp-json\/wp\/v2\/product_cat?post=48554"},{"taxonomy":"product_tag","embeddable":true,"href":"https:\/\/staging.nbg.eu\/pl\/wp-json\/wp\/v2\/product_tag?post=48554"}],"curies":[{"name":"wp","href":"https:\/\/api.w.org\/{rel}","templated":true}]}}