{"id":48256,"date":"2024-07-30T18:00:01","date_gmt":"2024-09-12T15:21:15","guid":{"rendered":"https:\/\/staging.nbg.eu\/product\/red-dot-sight-holosun-hs507k\/"},"modified":"2024-09-12T15:22:03","modified_gmt":"2024-09-12T15:22:03","slug":"celownik-kolimatorowy-holosun-hs507k","status":"publish","type":"product","link":"https:\/\/staging.nbg.eu\/pl\/produkt\/celownik-kolimatorowy-holosun-hs507k\/","title":{"rendered":"Celownik kolimatorowy Holosun HS507K"},"content":{"rendered":"<h2>Celownik kolimatorowy Holosun HS507K X2<\/h2>\n<p>Holosun HS507K X2 to otwarty celownik refleksowy przeznaczony do subkompaktowych pistolet\u00f3w. Model ten wprowadza tryb blokady, kt\u00f3ry zabezpiecza ustawienia przycisk\u00f3w przed przypadkowymi zmianami.<\/p>\n<h2>G\u0142\u00f3wne cechy:<\/h2>\n<ul>\n<li>Czerwona dioda Super LED z \u017cywotno\u015bci\u0105 baterii do 50 000 godzin<\/li>\n<li>System wielu siatek celowniczych: Okr\u0105g z punktem, punkt 2 MOA i okr\u0105g 32 MOA<\/li>\n<li>Technologia Shake Awake do natychmiastowej aktywacji<\/li>\n<li>Obudowa z aluminium 7075<\/li>\n<li>Boczna tacka na bateri\u0119 1632 u\u0142atwiaj\u0105ca wymian\u0119<\/li>\n<li>Kompatybilny z P365X\/XL (wymagana p\u0142ytka adaptera dla slajd\u00f3w z czterema punktami monta\u017cowymi)<\/li>\n<\/ul>\n<h2>Specyfikacja:<\/h2>\n<ul>\n<li>12 poziom\u00f3w jasno\u015bci: 10 dziennych i 2 kompatybilne z noktowizj\u0105<\/li>\n<li>Brak paralaksy i nieograniczona odleg\u0142o\u015b\u0107 od oka<\/li>\n<li>Wodoszczelno\u015b\u0107 IP67<\/li>\n<li>Wymiary okna: 0,58&#8243; x 0,77&#8243;<\/li>\n<li>Wymiary: 1,6&#8243; x 0,98&#8243; x 0,95&#8243;<\/li>\n<li>Waga: 28 g<\/li>\n<li>Regulacja 1 MOA na klik<\/li>\n<li>Zakres regulacji w poziomie i pionie: \u00b130 MOA<\/li>\n<li>Temperatura pracy: od -20\u00b0C do 51\u00b0C<\/li>\n<li>Temperatura przechowywania: od -20\u00b0C do 65\u00b0C<\/li>\n<li>Odporno\u015b\u0107 na wibracje: 5000G<\/li>\n<\/ul>\n<p>HS507K X2 jest przeznaczony do broni do ukrytego noszenia (CCW). Jego konstrukcja i funkcje czyni\u0105 go wyborem dla entuzjast\u00f3w broni palnej i profesjonalist\u00f3w. Celownik Holosun HS507K X2 poprawia celno\u015b\u0107 i przyspiesza namierzanie celu.<\/p>\n","protected":false},"excerpt":{"rendered":"<p>Kompaktowy celownik kolimatorowy do pistolet\u00f3w. Wiele siatek celowniczych, d\u0142uga \u017cywotno\u015b\u0107 baterii, wytrzyma\u0142y.<\/p>\n","protected":false},"featured_media":48257,"template":"","meta":{"_acf_changed":false},"product_brand":[11443],"product_cat":[12599,12600,12579,12580],"product_tag":[],"class_list":{"0":"post-48256","1":"product","2":"type-product","3":"status-publish","4":"has-post-thumbnail","6":"product_brand-holosun","7":"product_cat-celownictwo","8":"product_cat-celowniki-kolimatorowe","9":"product_cat-celowniki-kolimatorowe-pistoletowe","10":"product_cat-pistolet","12":"first","13":"instock","14":"taxable","15":"shipping-taxable","16":"purchasable","17":"product-type-simple"},"acf":[],"_links":{"self":[{"href":"https:\/\/staging.nbg.eu\/pl\/wp-json\/wp\/v2\/product\/48256","targetHints":{"allow":["GET"]}}],"collection":[{"href":"https:\/\/staging.nbg.eu\/pl\/wp-json\/wp\/v2\/product"}],"about":[{"href":"https:\/\/staging.nbg.eu\/pl\/wp-json\/wp\/v2\/types\/product"}],"wp:featuredmedia":[{"embeddable":true,"href":"https:\/\/staging.nbg.eu\/pl\/wp-json\/wp\/v2\/media\/48257"}],"wp:attachment":[{"href":"https:\/\/staging.nbg.eu\/pl\/wp-json\/wp\/v2\/media?parent=48256"}],"wp:term":[{"taxonomy":"product_brand","embeddable":true,"href":"https:\/\/staging.nbg.eu\/pl\/wp-json\/wp\/v2\/product_brand?post=48256"},{"taxonomy":"product_cat","embeddable":true,"href":"https:\/\/staging.nbg.eu\/pl\/wp-json\/wp\/v2\/product_cat?post=48256"},{"taxonomy":"product_tag","embeddable":true,"href":"https:\/\/staging.nbg.eu\/pl\/wp-json\/wp\/v2\/product_tag?post=48256"}],"curies":[{"name":"wp","href":"https:\/\/api.w.org\/{rel}","templated":true}]}}