{"id":47986,"date":"2024-01-30T18:01:01","date_gmt":"2024-01-30T18:01:01","guid":{"rendered":"https:\/\/staging.nbg.eu\/product\/red-dot-sight-hs507comp-rd\/"},"modified":"2024-09-12T13:59:40","modified_gmt":"2024-09-12T13:59:40","slug":"celownik-kolimatorowy-hs507comp-rd","status":"publish","type":"product","link":"https:\/\/staging.nbg.eu\/pl\/produkt\/celownik-kolimatorowy-hs507comp-rd\/","title":{"rendered":"Celownik Kolimatorowy HS507COMP-RD"},"content":{"rendered":"<div class=\"product-description\">\n<h2>Celownik kolimatorowy Holosun HS507COMP-RD<\/h2>\n<p>Holosun HS507COMP-RD to celownik do broni kr\u00f3tkiej przeznaczony dla strzelc\u00f3w sportowych i entuzjast\u00f3w. Wyposa\u017cony w obiektyw o wymiarach 1,1&#8243; x 0,87&#8243;, oferuje szerokie pole widzenia do szybkiego namierzania celu.<\/p>\n<h3>G\u0142\u00f3wne cechy:<\/h3>\n<ul>\n<li>System siatki celowniczej (CRS) z wieloma opcjami<\/li>\n<li>Czerwona dioda LED 650nm<\/li>\n<li>\u017bywotno\u015b\u0107 baterii 50 000 godzin z ogniwem CR1632<\/li>\n<li>Konstrukcja z aluminium 7075<\/li>\n<li>Technologia Shake Awake do szybkiej aktywacji<\/li>\n<li>8 ustawie\u0144 jasno\u015bci (6 dziennych, 2 kompatybilne z noktowizorem)<\/li>\n<li>Konstrukcja bez paralaksy z nieograniczon\u0105 odleg\u0142o\u015bci\u0105 od oka<\/li>\n<\/ul>\n<p>CRS HS507COMP-RD oferuje punkt 2 MOA, okr\u0105g 8 MOA, okr\u0105g 20 MOA i okr\u0105g 32 MOA, pozwalaj\u0105c strzelcom dostosowa\u0107 obraz celownika do r\u00f3\u017cnych zastosowa\u0144. Ze standardowym mocowaniem i wytrzyma\u0142\u0105 konstrukcj\u0105, celownik ten jest przystosowany do u\u017cytku sportowego i obronnego.<\/p>\n<\/div>\n","protected":false},"excerpt":{"rendered":"<p>Du\u017cy obiektyw, celownik kolimatorowy z wieloma siatkami i d\u0142ug\u0105 \u017cywotno\u015bci\u0105 baterii.<\/p>\n","protected":false},"featured_media":47987,"template":"","meta":{"_acf_changed":false},"product_brand":[11443],"product_cat":[12599,12600,12579],"product_tag":[],"class_list":{"0":"post-47986","1":"product","2":"type-product","3":"status-publish","4":"has-post-thumbnail","6":"product_brand-holosun","7":"product_cat-celownictwo","8":"product_cat-celowniki-kolimatorowe","9":"product_cat-celowniki-kolimatorowe-pistoletowe","11":"first","12":"instock","13":"taxable","14":"shipping-taxable","15":"purchasable","16":"product-type-simple"},"acf":[],"_links":{"self":[{"href":"https:\/\/staging.nbg.eu\/pl\/wp-json\/wp\/v2\/product\/47986","targetHints":{"allow":["GET"]}}],"collection":[{"href":"https:\/\/staging.nbg.eu\/pl\/wp-json\/wp\/v2\/product"}],"about":[{"href":"https:\/\/staging.nbg.eu\/pl\/wp-json\/wp\/v2\/types\/product"}],"wp:featuredmedia":[{"embeddable":true,"href":"https:\/\/staging.nbg.eu\/pl\/wp-json\/wp\/v2\/media\/47987"}],"wp:attachment":[{"href":"https:\/\/staging.nbg.eu\/pl\/wp-json\/wp\/v2\/media?parent=47986"}],"wp:term":[{"taxonomy":"product_brand","embeddable":true,"href":"https:\/\/staging.nbg.eu\/pl\/wp-json\/wp\/v2\/product_brand?post=47986"},{"taxonomy":"product_cat","embeddable":true,"href":"https:\/\/staging.nbg.eu\/pl\/wp-json\/wp\/v2\/product_cat?post=47986"},{"taxonomy":"product_tag","embeddable":true,"href":"https:\/\/staging.nbg.eu\/pl\/wp-json\/wp\/v2\/product_tag?post=47986"}],"curies":[{"name":"wp","href":"https:\/\/api.w.org\/{rel}","templated":true}]}}