{"id":47611,"date":"2024-07-30T18:46:42","date_gmt":"2024-09-12T13:45:11","guid":{"rendered":"https:\/\/staging.nbg.eu\/product\/surefire-dg-11-switch\/"},"modified":"2024-09-12T13:45:59","modified_gmt":"2024-09-12T13:45:59","slug":"przelacznik-surefire-dg-11","status":"publish","type":"product","link":"https:\/\/staging.nbg.eu\/pl\/produkt\/przelacznik-surefire-dg-11\/","title":{"rendered":"Przelacznik SureFire DG-11"},"content":{"rendered":"<div class=\"product-description\">\n<h2>SureFire DG-11 SWITCH<\/h2>\n<p>SureFire DG-11 SWITCH, zaprojektowany do pistolet\u00f3w Glock Gen 3\/4\/5 z szynami akcesori\u00f3w, oferuje:<\/p>\n<ul>\n<li>Aktywacj\u0119 o\u015bwietlenia broni bez zmiany chwytu<\/li>\n<li>Obustronny prze\u0142\u0105cznik chwilowy i sta\u0142y<\/li>\n<li>Centralnie umieszczony pad do precyzyjnej kontroli<\/li>\n<li>Kompatybilno\u015b\u0107 z o\u015bwietleniem broni serii X (z wyj\u0105tkiem XH50G)<\/li>\n<\/ul>\n<p>DG-11 umo\u017cliwia aktywacj\u0119 o\u015bwietlenia naciskiem palca przy utrzymaniu pewnego chwytu broni. Konstrukcja zapewnia szybk\u0105 i precyzyjn\u0105 kontrol\u0119 \u015bwiat\u0142a w sytuacjach stresowych, co czyni go przydatnym dla s\u0142u\u017cb porz\u0105dkowych, personelu wojskowego i odpowiedzialnych w\u0142a\u015bcicieli broni.<\/p>\n<\/div>\n","protected":false},"excerpt":{"rendered":"<p>Prze\u0142\u0105cznik montowany na uchwycie zapewniaj\u0105cy precyzyjn\u0105 kontrol\u0119 latarki taktycznej w pistoletach Glock.<\/p>\n","protected":false},"featured_media":47612,"template":"","meta":{"_acf_changed":false},"product_brand":[11876],"product_cat":[12638,12614,12607],"product_tag":[],"class_list":{"0":"post-47611","1":"product","2":"type-product","3":"status-publish","4":"has-post-thumbnail","6":"product_brand-surefire","7":"product_cat-akcesoria-do-latarek","8":"product_cat-latarki","9":"product_cat-latarki-do-pistoletu","11":"first","12":"instock","13":"taxable","14":"shipping-taxable","15":"purchasable","16":"product-type-simple"},"acf":[],"_links":{"self":[{"href":"https:\/\/staging.nbg.eu\/pl\/wp-json\/wp\/v2\/product\/47611","targetHints":{"allow":["GET"]}}],"collection":[{"href":"https:\/\/staging.nbg.eu\/pl\/wp-json\/wp\/v2\/product"}],"about":[{"href":"https:\/\/staging.nbg.eu\/pl\/wp-json\/wp\/v2\/types\/product"}],"wp:featuredmedia":[{"embeddable":true,"href":"https:\/\/staging.nbg.eu\/pl\/wp-json\/wp\/v2\/media\/47612"}],"wp:attachment":[{"href":"https:\/\/staging.nbg.eu\/pl\/wp-json\/wp\/v2\/media?parent=47611"}],"wp:term":[{"taxonomy":"product_brand","embeddable":true,"href":"https:\/\/staging.nbg.eu\/pl\/wp-json\/wp\/v2\/product_brand?post=47611"},{"taxonomy":"product_cat","embeddable":true,"href":"https:\/\/staging.nbg.eu\/pl\/wp-json\/wp\/v2\/product_cat?post=47611"},{"taxonomy":"product_tag","embeddable":true,"href":"https:\/\/staging.nbg.eu\/pl\/wp-json\/wp\/v2\/product_tag?post=47611"}],"curies":[{"name":"wp","href":"https:\/\/api.w.org\/{rel}","templated":true}]}}