{"id":47482,"date":"2024-07-30T18:47:47","date_gmt":"2024-09-12T13:40:03","guid":{"rendered":"https:\/\/staging.nbg.eu\/product\/surefire-x400t-a-rd\/"},"modified":"2025-02-19T15:10:24","modified_gmt":"2025-02-19T15:10:24","slug":"surefire-x400t-a-rd","status":"publish","type":"product","link":"https:\/\/staging.nbg.eu\/pl\/produkt\/surefire-x400t-a-rd\/","title":{"rendered":"SureFire X400T-A-RD"},"content":{"rendered":"<div class=\"product-description\">\n<h2>SureFire X400T-A-RD (Czerwony Laser) O\u015bwietlenie Broni<\/h2>\n<p>SureFire X400T-A-RD to taktyczne o\u015bwietlenie o wysokiej wydajno\u015bci.<br \/>\nCharakteryzuje si\u0119 intensywno\u015bci\u0105 wi\u0105zki 66 000 kandeli i moc\u0105 650 lumen\u00f3w.<br \/>\nO\u015bwietlenie to oferuje:<\/p>\n<ul>\n<li>Zintegrowany czerwony laser o mocy 5 miliwat\u00f3w do szybkiego namierzania celu<\/li>\n<li>Wz\u00f3r wi\u0105zki turbo do identyfikacji celu na du\u017cych odleg\u0142o\u015bciach<\/li>\n<li>System mocowania Lever Latch do szybkiego monta\u017cu na szynach Universal i Picatinny<\/li>\n<li>Intuicyjne prze\u0142\u0105czniki obur\u0119czne do natychmiastowej aktywacji<\/li>\n<li>Kompatybilno\u015b\u0107 z istniej\u0105cymi kaburami X300U-A<\/li>\n<li>Korpus z aluminium lotniczego z tward\u0105 anodowan\u0105 pow\u0142ok\u0105 zgodn\u0105 z Mil-Spec<\/li>\n<li>Wodoodporno\u015b\u0107 IPX7 (1 metr przez 30 minut)<\/li>\n<li>1,5 godziny pracy na dw\u00f3ch do\u0142\u0105czonych bateriach litowych 123A<\/li>\n<\/ul>\n<p>X400T-A-RD \u0142\u0105czy bia\u0142e \u015bwiat\u0142o i czerwony laser do identyfikacji zagro\u017ce\u0144<br \/>\nna du\u017cych odleg\u0142o\u015bciach. Posiada obur\u0119czne prze\u0142\u0105czniki do obs\u0142ugi jednym palcem<br \/>\ni wytrzyma\u0142y, odporny na korozj\u0119 korpus.<\/p>\n<\/div>\n","protected":false},"excerpt":{"rendered":"<p>SureFire X400T-A-RD: Taktyczna latarka o mocy 650 lumen\u00f3w z czerwonym laserem, montowana na szyn\u0119.<\/p>\n","protected":false},"featured_media":47483,"template":"","meta":{"_acf_changed":false},"product_brand":[11876],"product_cat":[12614,12607,12580],"product_tag":[],"class_list":{"0":"post-47482","1":"product","2":"type-product","3":"status-publish","4":"has-post-thumbnail","6":"product_brand-surefire","7":"product_cat-latarki","8":"product_cat-latarki-do-pistoletu","9":"product_cat-pistolet","11":"first","12":"instock","13":"taxable","14":"shipping-taxable","15":"purchasable","16":"product-type-simple"},"acf":[],"_links":{"self":[{"href":"https:\/\/staging.nbg.eu\/pl\/wp-json\/wp\/v2\/product\/47482","targetHints":{"allow":["GET"]}}],"collection":[{"href":"https:\/\/staging.nbg.eu\/pl\/wp-json\/wp\/v2\/product"}],"about":[{"href":"https:\/\/staging.nbg.eu\/pl\/wp-json\/wp\/v2\/types\/product"}],"wp:featuredmedia":[{"embeddable":true,"href":"https:\/\/staging.nbg.eu\/pl\/wp-json\/wp\/v2\/media\/47483"}],"wp:attachment":[{"href":"https:\/\/staging.nbg.eu\/pl\/wp-json\/wp\/v2\/media?parent=47482"}],"wp:term":[{"taxonomy":"product_brand","embeddable":true,"href":"https:\/\/staging.nbg.eu\/pl\/wp-json\/wp\/v2\/product_brand?post=47482"},{"taxonomy":"product_cat","embeddable":true,"href":"https:\/\/staging.nbg.eu\/pl\/wp-json\/wp\/v2\/product_cat?post=47482"},{"taxonomy":"product_tag","embeddable":true,"href":"https:\/\/staging.nbg.eu\/pl\/wp-json\/wp\/v2\/product_tag?post=47482"}],"curies":[{"name":"wp","href":"https:\/\/api.w.org\/{rel}","templated":true}]}}