{"id":47347,"date":"2024-07-30T18:47:47","date_gmt":"2024-09-12T13:25:03","guid":{"rendered":"https:\/\/staging.nbg.eu\/product\/surefire-maxvision-tactician-e2t-mv\/"},"modified":"2024-09-12T13:25:52","modified_gmt":"2024-09-12T13:25:52","slug":"latarka-taktyczna-surefire-maxvision-e2t-mv","status":"publish","type":"product","link":"https:\/\/staging.nbg.eu\/pl\/produkt\/latarka-taktyczna-surefire-maxvision-e2t-mv\/","title":{"rendered":"Latarka Taktyczna SureFire MAXVISION E2T-MV"},"content":{"rendered":"<div class=\"product-description\">\n<h2>SureFire MAXVISION Tactician E2T-MV<\/h2>\n<p>SureFire MAXVISION Tactician E2T-MV to latarka, kt\u00f3ra mo\u017ce by\u0107 u\u017cywana jako codzienna lub jako latarka taktyczna.<\/p>\n<ul>\n<li>Dioda LED z dwoma trybami mocy i reflektorem MaxVision Beam\u00ae<\/li>\n<li>800 lumen\u00f3w w trybie wysokim<\/li>\n<li>5 lumen\u00f3w w trybie niskim (czas pracy 95 godzin)<\/li>\n<li>W\u0142\u0105cznik taktyczny do aktywacji chwilowej lub ci\u0105g\u0142ej<\/li>\n<li>D\u0142ugo\u015b\u0107 12,7 cm, waga 99 g<\/li>\n<li>Wykonana z aluminium z anodowanym wyko\u0144czeniem<\/li>\n<li>Wodoodporno\u015b\u0107 IPX7<\/li>\n<li>Zasilana dwoma do\u0142\u0105czonymi bateriami 123A<\/li>\n<\/ul>\n<p>Konstrukcja g\u0142owicy umo\u017cliwia szybk\u0105 zmian\u0119 mocy: dokr\u0119ci\u0107 dla maksymalnej mocy lub obr\u00f3ci\u0107 w lewo dla niskiej mocy. Intensywno\u015b\u0107 wi\u0105zki 3200 kandeli, zasi\u0119g 115 metr\u00f3w.<\/p>\n<\/div>\n","protected":false},"excerpt":{"rendered":"<p>Wszechstronna latarka taktyczna 800 lumen\u00f3w z podw\u00f3jnym trybem i MaxVision Beam\u00ae.<\/p>\n","protected":false},"featured_media":47348,"template":"","meta":{"_acf_changed":false},"product_brand":[11876],"product_cat":[12613,12614,12582],"product_tag":[],"class_list":{"0":"post-47347","1":"product","2":"type-product","3":"status-publish","4":"has-post-thumbnail","6":"product_brand-surefire","7":"product_cat-edc","8":"product_cat-latarki","9":"product_cat-latarki-edc","11":"first","12":"instock","13":"taxable","14":"shipping-taxable","15":"purchasable","16":"product-type-simple"},"acf":[],"_links":{"self":[{"href":"https:\/\/staging.nbg.eu\/pl\/wp-json\/wp\/v2\/product\/47347","targetHints":{"allow":["GET"]}}],"collection":[{"href":"https:\/\/staging.nbg.eu\/pl\/wp-json\/wp\/v2\/product"}],"about":[{"href":"https:\/\/staging.nbg.eu\/pl\/wp-json\/wp\/v2\/types\/product"}],"wp:featuredmedia":[{"embeddable":true,"href":"https:\/\/staging.nbg.eu\/pl\/wp-json\/wp\/v2\/media\/47348"}],"wp:attachment":[{"href":"https:\/\/staging.nbg.eu\/pl\/wp-json\/wp\/v2\/media?parent=47347"}],"wp:term":[{"taxonomy":"product_brand","embeddable":true,"href":"https:\/\/staging.nbg.eu\/pl\/wp-json\/wp\/v2\/product_brand?post=47347"},{"taxonomy":"product_cat","embeddable":true,"href":"https:\/\/staging.nbg.eu\/pl\/wp-json\/wp\/v2\/product_cat?post=47347"},{"taxonomy":"product_tag","embeddable":true,"href":"https:\/\/staging.nbg.eu\/pl\/wp-json\/wp\/v2\/product_tag?post=47347"}],"curies":[{"name":"wp","href":"https:\/\/api.w.org\/{rel}","templated":true}]}}