{"id":47246,"date":"2024-07-30T18:50:58","date_gmt":"2024-09-12T13:12:35","guid":{"rendered":"https:\/\/staging.nbg.eu\/product\/surefire-b12-lithium-polymer-battery\/"},"modified":"2024-09-12T13:13:23","modified_gmt":"2024-09-12T13:13:23","slug":"bateria-litowo-polimerowa-surefire-b12","status":"publish","type":"product","link":"https:\/\/staging.nbg.eu\/pl\/produkt\/bateria-litowo-polimerowa-surefire-b12\/","title":{"rendered":"Bateria Litowo-Polimerowa SureFire B12"},"content":{"rendered":"<div class=\"product-description\">\n<h2>AKUMULATOR LITOWO-POLIMEROWY SUREFIRE B12<\/h2>\n<p>Zasilaj latarki broni SureFire serii XSC akumulatorem litowo-polimerowym B12. Ten szybko od\u0142\u0105czany, akumulator jest przeznaczony do szybkiej wymiany bez zdejmowania XSC z pistoletu.<\/p>\n<ul>\n<li>Zaprojektowany specjalnie dla latarek broni SureFire XSC<\/li>\n<li>Zapewnia do 30 minut pracy przy 350 lumenach<\/li>\n<li>Przyciskowy wska\u017anik poziomu na\u0142adowania<\/li>\n<li>Kompatybilny z \u0142adowark\u0105 SureFire CH21<\/li>\n<li>Ekonomiczne rozwi\u0105zanie do d\u0142ugotrwa\u0142ego u\u017cytku<\/li>\n<\/ul>\n<p>SureFire B12 &#8211; \u017ar\u00f3d\u0142o zasilania dla latarki broni XSC.<\/p>\n<\/div>\n","protected":false},"excerpt":{"rendered":"<p>Akumulator wielokrotnego \u0142adowania do latarki taktycznej SureFire XSC. Szybka wymiana, 30 minut pracy.<\/p>\n","protected":false},"featured_media":47247,"template":"","meta":{"_acf_changed":false},"product_brand":[11876],"product_cat":[12562,12614],"product_tag":[],"class_list":{"0":"post-47246","1":"product","2":"type-product","3":"status-publish","4":"has-post-thumbnail","6":"product_brand-surefire","7":"product_cat-baterie","8":"product_cat-latarki","10":"first","11":"instock","12":"taxable","13":"shipping-taxable","14":"purchasable","15":"product-type-simple"},"acf":[],"_links":{"self":[{"href":"https:\/\/staging.nbg.eu\/pl\/wp-json\/wp\/v2\/product\/47246","targetHints":{"allow":["GET"]}}],"collection":[{"href":"https:\/\/staging.nbg.eu\/pl\/wp-json\/wp\/v2\/product"}],"about":[{"href":"https:\/\/staging.nbg.eu\/pl\/wp-json\/wp\/v2\/types\/product"}],"wp:featuredmedia":[{"embeddable":true,"href":"https:\/\/staging.nbg.eu\/pl\/wp-json\/wp\/v2\/media\/47247"}],"wp:attachment":[{"href":"https:\/\/staging.nbg.eu\/pl\/wp-json\/wp\/v2\/media?parent=47246"}],"wp:term":[{"taxonomy":"product_brand","embeddable":true,"href":"https:\/\/staging.nbg.eu\/pl\/wp-json\/wp\/v2\/product_brand?post=47246"},{"taxonomy":"product_cat","embeddable":true,"href":"https:\/\/staging.nbg.eu\/pl\/wp-json\/wp\/v2\/product_cat?post=47246"},{"taxonomy":"product_tag","embeddable":true,"href":"https:\/\/staging.nbg.eu\/pl\/wp-json\/wp\/v2\/product_tag?post=47246"}],"curies":[{"name":"wp","href":"https:\/\/api.w.org\/{rel}","templated":true}]}}