{"id":47198,"date":"2024-07-30T18:50:58","date_gmt":"2024-07-30T18:50:58","guid":{"rendered":"https:\/\/staging.nbg.eu\/product\/surefire-sflfp123-batteries-charger\/"},"modified":"2024-09-12T13:08:52","modified_gmt":"2024-09-12T13:08:52","slug":"baterie-surefire-sflfp123-z-ladowarka","status":"publish","type":"product","link":"https:\/\/staging.nbg.eu\/pl\/produkt\/baterie-surefire-sflfp123-z-ladowarka\/","title":{"rendered":"Baterie SureFire SFLFP123 z Ladowarka"},"content":{"rendered":"<p>Zestaw SureFire SFLFP123 BATERIE + \u0141adowarka:<\/p>\n<ul>\n<li>Akumulatory SFLFP123 s\u0105 ta\u0144sze w u\u017cytkowaniu ni\u017c jednorazowe baterie litowe 123A<\/li>\n<li>Nie zawieraj\u0105 szkodliwych metali ci\u0119\u017ckich<\/li>\n<li>Dwukomorowa \u0142adowarka do \u0142atwego \u0142adowania w domu lub w podr\u00f3\u017cy<\/li>\n<li>Zestaw zawiera:\n<ul>\n<li>Dwa akumulatory litowo-\u017celazowo-fosforanowe (LiFePO4) 450mAh 3,2V<\/li>\n<li>Dwukomorowa \u0142adowarka<\/li>\n<li>Kabel MICRO-USB do USB-A<\/li>\n<\/ul>\n<\/li>\n<\/ul>\n<p>Zestaw SureFire SFLFP123 BATERIE + \u0141adowarka<\/p>\n","protected":false},"excerpt":{"rendered":"<p>Akumulatory LiFePO4 z \u0142adowark\u0105. Przyjazne dla \u015brodowiska, ekonomiczne.<\/p>\n","protected":false},"featured_media":47176,"template":"","meta":{"_acf_changed":false},"product_brand":[11876],"product_cat":[12638,12562,12614],"product_tag":[],"class_list":{"0":"post-47198","1":"product","2":"type-product","3":"status-publish","4":"has-post-thumbnail","6":"product_brand-surefire","7":"product_cat-akcesoria-do-latarek","8":"product_cat-baterie","9":"product_cat-latarki","11":"first","12":"outofstock","13":"taxable","14":"shipping-taxable","15":"purchasable","16":"product-type-simple"},"acf":[],"_links":{"self":[{"href":"https:\/\/staging.nbg.eu\/pl\/wp-json\/wp\/v2\/product\/47198","targetHints":{"allow":["GET"]}}],"collection":[{"href":"https:\/\/staging.nbg.eu\/pl\/wp-json\/wp\/v2\/product"}],"about":[{"href":"https:\/\/staging.nbg.eu\/pl\/wp-json\/wp\/v2\/types\/product"}],"wp:featuredmedia":[{"embeddable":true,"href":"https:\/\/staging.nbg.eu\/pl\/wp-json\/wp\/v2\/media\/47176"}],"wp:attachment":[{"href":"https:\/\/staging.nbg.eu\/pl\/wp-json\/wp\/v2\/media?parent=47198"}],"wp:term":[{"taxonomy":"product_brand","embeddable":true,"href":"https:\/\/staging.nbg.eu\/pl\/wp-json\/wp\/v2\/product_brand?post=47198"},{"taxonomy":"product_cat","embeddable":true,"href":"https:\/\/staging.nbg.eu\/pl\/wp-json\/wp\/v2\/product_cat?post=47198"},{"taxonomy":"product_tag","embeddable":true,"href":"https:\/\/staging.nbg.eu\/pl\/wp-json\/wp\/v2\/product_tag?post=47198"}],"curies":[{"name":"wp","href":"https:\/\/api.w.org\/{rel}","templated":true}]}}