{"id":47142,"date":"2024-07-30T18:50:58","date_gmt":"2024-07-30T18:50:58","guid":{"rendered":"https:\/\/staging.nbg.eu\/product\/surefire-sflfp123-batteries-2-pack\/"},"modified":"2024-09-12T13:04:39","modified_gmt":"2024-09-12T13:04:39","slug":"baterie-surefire-sflfp123-2-szt","status":"publish","type":"product","link":"https:\/\/staging.nbg.eu\/pl\/produkt\/baterie-surefire-sflfp123-2-szt\/","title":{"rendered":"Baterie SureFire SFLFP123 2 szt"},"content":{"rendered":"<div class=\"product-description\">\n<h2>Baterie SureFire SFLFP123 &#8211; 2 sztuki<\/h2>\n<p>Baterie SureFire SFLFP123 do urz\u0105dze\u0144. Ten zestaw 2 baterii litowo-fosforanowych oferuje:<\/p>\n<ul>\n<li>Zasilanie do latarek, o\u015bwietlenia broni i innych urz\u0105dze\u0144<\/li>\n<li>Napi\u0119cie nominalne 3,2V z pojemno\u015bci\u0105 1500mAh<\/li>\n<li>Odporno\u015b\u0107 na ekstremalne temperatury (od -40\u00b0C do 60\u00b0C)<\/li>\n<li>10-letni okres przechowywania<\/li>\n<li>Mo\u017cliwo\u015b\u0107 \u0142adowania do 500 razy<\/li>\n<li>Wyprodukowane w USA<\/li>\n<\/ul>\n<p>Baterie te zapewniaj\u0105 sta\u0142\u0105 wydajno\u015b\u0107 w wymagaj\u0105cych sytuacjach.<\/p>\n<\/div>\n","protected":false},"excerpt":{"rendered":"<p>Baterie SureFire SFLFP123: Wysokowydajne ogniwa litowo-fosforanowe 3V zaprojektowane dla maksymalnej mocy i d\u0142ugowieczno\u015bci. Ten zestaw dw\u00f3ch baterii zapewnia niezawodne zasilanie dla latarek, o\u015bwietlenia broni i innych urz\u0105dze\u0144. Zaufaj jako\u015bci SureFire, aby uzyska\u0107 sta\u0142\u0105, d\u0142ugotrwa\u0142\u0105 energi\u0119 w kompaktowym rozmiarze.<\/p>\n","protected":false},"featured_media":47143,"template":"","meta":{"_acf_changed":false},"product_brand":[11876],"product_cat":[12638,12562,12613,12614,12582],"product_tag":[],"class_list":{"0":"post-47142","1":"product","2":"type-product","3":"status-publish","4":"has-post-thumbnail","6":"product_brand-surefire","7":"product_cat-akcesoria-do-latarek","8":"product_cat-baterie","9":"product_cat-edc","10":"product_cat-latarki","11":"product_cat-latarki-edc","13":"first","14":"instock","15":"taxable","16":"shipping-taxable","17":"purchasable","18":"product-type-simple"},"acf":[],"_links":{"self":[{"href":"https:\/\/staging.nbg.eu\/pl\/wp-json\/wp\/v2\/product\/47142","targetHints":{"allow":["GET"]}}],"collection":[{"href":"https:\/\/staging.nbg.eu\/pl\/wp-json\/wp\/v2\/product"}],"about":[{"href":"https:\/\/staging.nbg.eu\/pl\/wp-json\/wp\/v2\/types\/product"}],"wp:featuredmedia":[{"embeddable":true,"href":"https:\/\/staging.nbg.eu\/pl\/wp-json\/wp\/v2\/media\/47143"}],"wp:attachment":[{"href":"https:\/\/staging.nbg.eu\/pl\/wp-json\/wp\/v2\/media?parent=47142"}],"wp:term":[{"taxonomy":"product_brand","embeddable":true,"href":"https:\/\/staging.nbg.eu\/pl\/wp-json\/wp\/v2\/product_brand?post=47142"},{"taxonomy":"product_cat","embeddable":true,"href":"https:\/\/staging.nbg.eu\/pl\/wp-json\/wp\/v2\/product_cat?post=47142"},{"taxonomy":"product_tag","embeddable":true,"href":"https:\/\/staging.nbg.eu\/pl\/wp-json\/wp\/v2\/product_tag?post=47142"}],"curies":[{"name":"wp","href":"https:\/\/api.w.org\/{rel}","templated":true}]}}