{"id":47073,"date":"2024-07-30T19:06:10","date_gmt":"2024-09-12T12:56:14","guid":{"rendered":"https:\/\/staging.nbg.eu\/product\/iosso-ar-rifle-complete-cleaning-kit\/"},"modified":"2024-09-12T12:57:06","modified_gmt":"2024-09-12T12:57:06","slug":"kompletny-zestaw-czyszczacy-iosso-ar","status":"publish","type":"product","link":"https:\/\/staging.nbg.eu\/pl\/produkt\/kompletny-zestaw-czyszczacy-iosso-ar\/","title":{"rendered":"Kompletny Zestaw Czyszczacy Iosso AR"},"content":{"rendered":"<div class=\"product-description\">\n<h2>Zestaw do czyszczenia karabinu AR Iosso<\/h2>\n<p>Utrzymuj swoj\u0105 bro\u0144 w dobrym stanie za pomoc\u0105 tego zestawu czyszcz\u0105cego. Cechy:<\/p>\n<ul>\n<li>6 szczotek o precyzyjnym dopasowaniu do dok\u0142adnego czyszczenia<\/li>\n<li>Czy\u015bci g\u00f3rn\u0105 cz\u0119\u015b\u0107 komory, komor\u0119, zesp\u00f3\u0142 zamka, kaliber .223\/.30, rur\u0119 klucza i rur\u0119 gazow\u0105<\/li>\n<li>Szczotka do rury gazowej czy\u015bci bez demonta\u017cu<\/li>\n<li>Zawiera wszystkie niezb\u0119dne narz\u0119dzia, pr\u0119t i link\u0119<\/li>\n<li>Uniwersalny: odpowiedni do pistolet\u00f3w, karabin\u00f3w i strzelb<\/li>\n<li>Do\u0142\u0105czona torba do przenoszenia<\/li>\n<\/ul>\n<p>U\u017cywaj z \u015brodkiem do czyszczenia lufy Iosso i olejem Triple Action dla optymalnych rezultat\u00f3w (sprzedawane oddzielnie).<\/p>\n<\/div>\n","protected":false},"excerpt":{"rendered":"<p>Kompleksowy zestaw do czyszczenia karabinu AR z 6 szczotkami i niezb\u0119dnymi narz\u0119dziami.<\/p>\n","protected":false},"featured_media":107643,"template":"","meta":{"_acf_changed":false},"product_brand":[11477],"product_cat":[12604,12631,12569],"product_tag":[],"class_list":{"0":"post-47073","1":"product","2":"type-product","3":"status-publish","4":"has-post-thumbnail","6":"product_brand-iosso","7":"product_cat-czyszczenie-broni","8":"product_cat-szczotki","9":"product_cat-zestawy-czyszczace","10":"pa_model-ar-308-pl","11":"pa_model-ar-15-pl","13":"first","14":"instock","15":"taxable","16":"shipping-taxable","17":"purchasable","18":"product-type-variable","19":"wvs-archive-product-wrapper"},"acf":[],"_links":{"self":[{"href":"https:\/\/staging.nbg.eu\/pl\/wp-json\/wp\/v2\/product\/47073","targetHints":{"allow":["GET"]}}],"collection":[{"href":"https:\/\/staging.nbg.eu\/pl\/wp-json\/wp\/v2\/product"}],"about":[{"href":"https:\/\/staging.nbg.eu\/pl\/wp-json\/wp\/v2\/types\/product"}],"wp:featuredmedia":[{"embeddable":true,"href":"https:\/\/staging.nbg.eu\/pl\/wp-json\/wp\/v2\/media\/107643"}],"wp:attachment":[{"href":"https:\/\/staging.nbg.eu\/pl\/wp-json\/wp\/v2\/media?parent=47073"}],"wp:term":[{"taxonomy":"product_brand","embeddable":true,"href":"https:\/\/staging.nbg.eu\/pl\/wp-json\/wp\/v2\/product_brand?post=47073"},{"taxonomy":"product_cat","embeddable":true,"href":"https:\/\/staging.nbg.eu\/pl\/wp-json\/wp\/v2\/product_cat?post=47073"},{"taxonomy":"product_tag","embeddable":true,"href":"https:\/\/staging.nbg.eu\/pl\/wp-json\/wp\/v2\/product_tag?post=47073"}],"curies":[{"name":"wp","href":"https:\/\/api.w.org\/{rel}","templated":true}]}}