{"id":46894,"date":"2024-07-30T19:11:42","date_gmt":"2024-09-12T12:28:48","guid":{"rendered":"https:\/\/staging.nbg.eu\/product\/surefire-csm-07-weaponlight-switch\/"},"modified":"2024-09-12T12:29:39","modified_gmt":"2024-09-12T12:29:39","slug":"przelacznik-do-latarki-surefire-csm-07","status":"publish","type":"product","link":"https:\/\/staging.nbg.eu\/pl\/produkt\/przelacznik-do-latarki-surefire-csm-07\/","title":{"rendered":"Przelacznik do Latarki SureFire CSM-07"},"content":{"rendered":"<h2>SureFire CSM-07 W\u0141\u0104CZNIK DO O\u015aWIETLENIA BRONI<\/h2>\n<p>SureFire CSM-07 W\u0141\u0104CZNIK DO O\u015aWIETLENIA BRONI to system zdalnej aktywacji przeznaczony do o\u015bwietlenia broni SureFire z gniazdem prze\u0142\u0105cznika.<\/p>\n<h2>G\u0142\u00f3wne cechy:<\/h2>\n<ul>\n<li>Pojedynczy prze\u0142\u0105cznik do aktywacji chwilowej i sta\u0142ej<\/li>\n<li>Mocowanie do szyny M-LOK za pomoc\u0105 do\u0142\u0105czonego zacisku<\/li>\n<li>Kompaktowa konstrukcja<\/li>\n<li>Obudowa z wytrzyma\u0142ego polimeru<\/li>\n<li>Wykonany zgodnie ze standardami SureFire<\/li>\n<\/ul>\n<p>CSM-07 umo\u017cliwia natychmiastowe sterowanie: lekkie naci\u015bni\u0119cie dla w\u0142\u0105czenia chwilowego lub klikni\u0119cie dla w\u0142\u0105czenia sta\u0142ego. Jego kompaktowa konstrukcja oszcz\u0119dza miejsce na szynie.<\/p>\n<h2>Kompatybilno\u015b\u0107:<\/h2>\n<p>Pasuje do o\u015bwietlenia broni SureFire z gniazdami wtyczkowymi, w tym Millennium Universal, Classic Universal, Scout Light (z nasadk\u0105 z gniazdem), X300 i X400 (z zespo\u0142em nasadki XT).<\/p>\n<p>CSM-07 zapewnia niezawodn\u0105 aktywacj\u0119 o\u015bwietlenia.<\/p>\n","protected":false},"excerpt":{"rendered":"<p>Zdalny w\u0142\u0105cznik latarki taktycznej SureFire do szyn M-LOK. Kompaktowa konstrukcja.<\/p>\n","protected":false},"featured_media":46895,"template":"","meta":{"_acf_changed":false},"product_brand":[11876],"product_cat":[12638,12614],"product_tag":[],"class_list":{"0":"post-46894","1":"product","2":"type-product","3":"status-publish","4":"has-post-thumbnail","6":"product_brand-surefire","7":"product_cat-akcesoria-do-latarek","8":"product_cat-latarki","10":"first","11":"instock","12":"taxable","13":"shipping-taxable","14":"purchasable","15":"product-type-simple"},"acf":[],"_links":{"self":[{"href":"https:\/\/staging.nbg.eu\/pl\/wp-json\/wp\/v2\/product\/46894","targetHints":{"allow":["GET"]}}],"collection":[{"href":"https:\/\/staging.nbg.eu\/pl\/wp-json\/wp\/v2\/product"}],"about":[{"href":"https:\/\/staging.nbg.eu\/pl\/wp-json\/wp\/v2\/types\/product"}],"wp:featuredmedia":[{"embeddable":true,"href":"https:\/\/staging.nbg.eu\/pl\/wp-json\/wp\/v2\/media\/46895"}],"wp:attachment":[{"href":"https:\/\/staging.nbg.eu\/pl\/wp-json\/wp\/v2\/media?parent=46894"}],"wp:term":[{"taxonomy":"product_brand","embeddable":true,"href":"https:\/\/staging.nbg.eu\/pl\/wp-json\/wp\/v2\/product_brand?post=46894"},{"taxonomy":"product_cat","embeddable":true,"href":"https:\/\/staging.nbg.eu\/pl\/wp-json\/wp\/v2\/product_cat?post=46894"},{"taxonomy":"product_tag","embeddable":true,"href":"https:\/\/staging.nbg.eu\/pl\/wp-json\/wp\/v2\/product_tag?post=46894"}],"curies":[{"name":"wp","href":"https:\/\/api.w.org\/{rel}","templated":true}]}}